{"id":16,"date":"2024-05-06T11:44:18","date_gmt":"2024-05-06T14:44:18","guid":{"rendered":"https:\/\/kinetic-corp.com\/training\/finalizar-compra\/"},"modified":"2026-01-06T16:05:08","modified_gmt":"2026-01-06T19:05:08","slug":"checkout","status":"publish","type":"page","link":"https:\/\/kinetic-corp.com\/training\/checkout\/","title":{"rendered":"Finalizar compra"},"content":{"rendered":"\t\t<div data-elementor-type=\"wp-page\" data-elementor-id=\"16\" class=\"elementor elementor-16\" data-elementor-post-type=\"page\">\n\t\t\t\t<div data-particle_enable=\"false\" data-particle-mobile-disabled=\"false\" class=\"elementor-element elementor-element-ad395c2 e-flex e-con-boxed e-con e-parent\" data-id=\"ad395c2\" data-element_type=\"container\" data-e-type=\"container\">\n\t\t\t\t\t<div class=\"e-con-inner\">\n\t\t<div data-particle_enable=\"false\" data-particle-mobile-disabled=\"false\" class=\"elementor-element elementor-element-14b273e e-con-full e-flex e-con e-child\" data-id=\"14b273e\" data-element_type=\"container\" data-e-type=\"container\" data-settings=\"{&quot;background_background&quot;:&quot;gradient&quot;,&quot;position&quot;:&quot;absolute&quot;}\">\n\t\t\t\t<\/div>\n\t\t\t\t<div class=\"elementor-element elementor-element-23f077b elementor-widget elementor-widget-heading\" data-id=\"23f077b\" data-element_type=\"widget\" data-e-type=\"widget\" data-widget_type=\"heading.default\">\n\t\t\t\t<div class=\"elementor-widget-container\">\n\t\t\t\t\t<h1 class=\"elementor-heading-title elementor-size-default\">Finalizar compra<\/h1>\t\t\t\t<\/div>\n\t\t\t\t<\/div>\n\t\t\t\t<div class=\"elementor-element elementor-element-125b7d2 e-checkout-layout-two-column elementor-widget elementor-widget-woocommerce-checkout-page\" data-id=\"125b7d2\" data-element_type=\"widget\" data-e-type=\"widget\" data-settings=\"{&quot;sticky_right_column&quot;:&quot;yes&quot;,&quot;sticky_right_column_offset&quot;:20}\" data-widget_type=\"woocommerce-checkout-page.default\">\n\t\t\t\t<div class=\"elementor-widget-container\">\n\t\t\t\t\t<div class=\"woocommerce\"><div class=\"woocommerce-notices-wrapper\"><\/div><\/div>\t\t\t\t<\/div>\n\t\t\t\t<\/div>\n\t\t\t\t<div class=\"elementor-element elementor-element-c6cac2c elementor-widget elementor-widget-html\" data-id=\"c6cac2c\" data-element_type=\"widget\" data-e-type=\"widget\" data-widget_type=\"html.default\">\n\t\t\t\t<div class=\"elementor-widget-container\">\n\t\t\t\t\t<script>\r\ndocument.addEventListener('DOMContentLoaded', function () {\r\n\tsetTimeout(function () {\r\n\t\tconst couponBox = document.querySelector('.e-coupon-box');\r\n\t\tconst discountRow = document.querySelector('.shop_table.woocommerce-checkout-review-order-table .cart-discount');\r\n\r\n\t\tif (couponBox && discountRow) {\r\n\t\t\tcouponBox.style.display = 'none';\r\n\t\t}\r\n\t}, 500); \/\/ Ajust\u00e1 el delay si Elementor o WooCommerce tarda m\u00e1s en cargar\r\n});\r\n<\/script>\r\n\t\t\t\t<\/div>\n\t\t\t\t<\/div>\n\t\t\t\t\t<\/div>\n\t\t\t\t<\/div>\n\t\t\t\t<\/div>\n\t\t","protected":false},"excerpt":{"rendered":"<p>Finalizar compra Tus datos | Inscripci\u00f3n Nombre&nbsp;* Apellido(s)&nbsp;* Empresa&nbsp;(opcional) Pa\u00eds \/ Regi\u00f3n&nbsp;*Selecciona un pa\u00eds\/regi\u00f3n&hellip;Afganist\u00e1nAlbaniaAlemaniaAndorraAngolaAnguilaAnt\u00e1rtidaAntigua y BarbudaArabia SauditaArgeliaArgentinaArmeniaArubaAustraliaAustriaAzerbaijanBahamasBahrainBangladeshBarbadosBelauB\u00e9lgicaBelizeBeninBermudaBhutanBielorrusiaBirmaniaBoliviaBonaire, San Eustaquio y SabaBosnia y HerzegovinaBotswanaBrasilBrun\u00e9iBulgariaBurkina FasoBurundiCabo VerdeCamboyaCamer\u00fanCanad\u00e1ChadChileChinaChipreCiudad del VaticanoColombiaComorasCongo (Brazzaville)Congo (Kinshasa)Corea del NorteCorea del SurCosta de MarfilCosta RicaCroaciaCubaCura&ccedil;aoDinamarcaDjiboutiDominicaEcuadorEgiptoEl SalvadorEmiratos \u00c1rabes UnidosEritreaEslovaquiaEsloveniaEspa\u00f1aEstados Unidos (EEUU)EstoniaEsuatiniEtiop\u00edaFilipinasFinlandiaFiyiFranciaGab\u00f3nGambiaGeorgiaGhanaGibraltarGranadaGreciaGroenlandiaGuadalupeGuamGuatemalaGuayana FrancesaGuernseyGuineaGuinea EcuatorialGuinea-Bis\u00e1uGuyanaHait\u00edHondurasHong KongHungr\u00edaIndiaIndonesiaIrakIr\u00e1nIrlandaIsla BouvetIsla de ManIsla de NavidadIsla NorfolkIsla Santa ElenaIslandiaIslas \u00c5landIslas Caim\u00e1nIslas CocosIslas [&hellip;]<\/p>\n","protected":false},"author":1,"featured_media":0,"parent":0,"menu_order":0,"comment_status":"closed","ping_status":"closed","template":"","meta":{"_acf_changed":false,"footnotes":""},"class_list":["post-16","page","type-page","status-publish","hentry"],"acf":[],"yoast_head":"<!-- This site is optimized with the Yoast SEO plugin v27.4 - https:\/\/yoast.com\/product\/yoast-seo-wordpress\/ -->\n<title>Finalizar compra - Kinetic Training<\/title>\n<meta name=\"robots\" content=\"index, follow, max-snippet:-1, max-image-preview:large, max-video-preview:-1\" \/>\n<link rel=\"canonical\" href=\"https:\/\/kinetic-corp.com\/training\/checkout\/\" \/>\n<meta property=\"og:locale\" content=\"es_ES\" \/>\n<meta property=\"og:type\" content=\"article\" \/>\n<meta property=\"og:title\" content=\"Finalizar compra - Kinetic Training\" \/>\n<meta property=\"og:description\" content=\"Finalizar compra Tus datos | Inscripci\u00f3n Nombre&nbsp;* Apellido(s)&nbsp;* Empresa&nbsp;(opcional) Pa\u00eds \/ Regi\u00f3n&nbsp;*Selecciona un pa\u00eds\/regi\u00f3n&hellip;Afganist\u00e1nAlbaniaAlemaniaAndorraAngolaAnguilaAnt\u00e1rtidaAntigua y BarbudaArabia SauditaArgeliaArgentinaArmeniaArubaAustraliaAustriaAzerbaijanBahamasBahrainBangladeshBarbadosBelauB\u00e9lgicaBelizeBeninBermudaBhutanBielorrusiaBirmaniaBoliviaBonaire, San Eustaquio y SabaBosnia y HerzegovinaBotswanaBrasilBrun\u00e9iBulgariaBurkina FasoBurundiCabo VerdeCamboyaCamer\u00fanCanad\u00e1ChadChileChinaChipreCiudad del VaticanoColombiaComorasCongo (Brazzaville)Congo (Kinshasa)Corea del NorteCorea del SurCosta de MarfilCosta RicaCroaciaCubaCura&ccedil;aoDinamarcaDjiboutiDominicaEcuadorEgiptoEl SalvadorEmiratos \u00c1rabes UnidosEritreaEslovaquiaEsloveniaEspa\u00f1aEstados Unidos (EEUU)EstoniaEsuatiniEtiop\u00edaFilipinasFinlandiaFiyiFranciaGab\u00f3nGambiaGeorgiaGhanaGibraltarGranadaGreciaGroenlandiaGuadalupeGuamGuatemalaGuayana FrancesaGuernseyGuineaGuinea EcuatorialGuinea-Bis\u00e1uGuyanaHait\u00edHondurasHong KongHungr\u00edaIndiaIndonesiaIrakIr\u00e1nIrlandaIsla BouvetIsla de ManIsla de NavidadIsla NorfolkIsla Santa ElenaIslandiaIslas \u00c5landIslas Caim\u00e1nIslas CocosIslas [&hellip;]\" \/>\n<meta property=\"og:url\" content=\"https:\/\/kinetic-corp.com\/training\/checkout\/\" \/>\n<meta property=\"og:site_name\" content=\"Kinetic Training\" \/>\n<meta property=\"article:publisher\" content=\"https:\/\/www.facebook.com\/kinetic.traininghub\" \/>\n<meta property=\"article:modified_time\" content=\"2026-01-06T19:05:08+00:00\" \/>\n<meta property=\"og:image\" content=\"https:\/\/kinetic-corp.com\/training\/wp-content\/uploads\/2025\/05\/og_1200x630_home.png\" \/>\n\t<meta property=\"og:image:width\" content=\"1200\" \/>\n\t<meta property=\"og:image:height\" content=\"630\" \/>\n\t<meta property=\"og:image:type\" content=\"image\/png\" \/>\n<meta name=\"twitter:card\" content=\"summary_large_image\" \/>\n<meta name=\"twitter:label1\" content=\"Tiempo de lectura\" \/>\n\t<meta name=\"twitter:data1\" content=\"3 minutos\" \/>\n<script type=\"application\/ld+json\" class=\"yoast-schema-graph\">{\"@context\":\"https:\\\/\\\/schema.org\",\"@graph\":[{\"@type\":\"WebPage\",\"@id\":\"https:\\\/\\\/kinetic-corp.com\\\/training\\\/checkout\\\/\",\"url\":\"https:\\\/\\\/kinetic-corp.com\\\/training\\\/checkout\\\/\",\"name\":\"Finalizar compra - Kinetic Training\",\"isPartOf\":{\"@id\":\"https:\\\/\\\/kinetic-corp.com\\\/training\\\/#website\"},\"datePublished\":\"2024-05-06T14:44:18+00:00\",\"dateModified\":\"2026-01-06T19:05:08+00:00\",\"breadcrumb\":{\"@id\":\"https:\\\/\\\/kinetic-corp.com\\\/training\\\/checkout\\\/#breadcrumb\"},\"inLanguage\":\"es\",\"potentialAction\":[{\"@type\":\"ReadAction\",\"target\":[\"https:\\\/\\\/kinetic-corp.com\\\/training\\\/checkout\\\/\"]}]},{\"@type\":\"BreadcrumbList\",\"@id\":\"https:\\\/\\\/kinetic-corp.com\\\/training\\\/checkout\\\/#breadcrumb\",\"itemListElement\":[{\"@type\":\"ListItem\",\"position\":1,\"name\":\"Inicio\",\"item\":\"https:\\\/\\\/kinetic-corp.com\\\/training\\\/\"},{\"@type\":\"ListItem\",\"position\":2,\"name\":\"Finalizar compra\"}]},{\"@type\":\"WebSite\",\"@id\":\"https:\\\/\\\/kinetic-corp.com\\\/training\\\/#website\",\"url\":\"https:\\\/\\\/kinetic-corp.com\\\/training\\\/\",\"name\":\"Kinetic Training\",\"description\":\"Desarrolla tu talento\",\"publisher\":{\"@id\":\"https:\\\/\\\/kinetic-corp.com\\\/training\\\/#organization\"},\"potentialAction\":[{\"@type\":\"SearchAction\",\"target\":{\"@type\":\"EntryPoint\",\"urlTemplate\":\"https:\\\/\\\/kinetic-corp.com\\\/training\\\/?s={search_term_string}\"},\"query-input\":{\"@type\":\"PropertyValueSpecification\",\"valueRequired\":true,\"valueName\":\"search_term_string\"}}],\"inLanguage\":\"es\"},{\"@type\":\"Organization\",\"@id\":\"https:\\\/\\\/kinetic-corp.com\\\/training\\\/#organization\",\"name\":\"Kinetic Training\",\"url\":\"https:\\\/\\\/kinetic-corp.com\\\/training\\\/\",\"logo\":{\"@type\":\"ImageObject\",\"inLanguage\":\"es\",\"@id\":\"https:\\\/\\\/kinetic-corp.com\\\/training\\\/#\\\/schema\\\/logo\\\/image\\\/\",\"url\":\"https:\\\/\\\/kinetic-corp.com\\\/training\\\/wp-content\\\/uploads\\\/2024\\\/05\\\/kinetic-training-fw.svg\",\"contentUrl\":\"https:\\\/\\\/kinetic-corp.com\\\/training\\\/wp-content\\\/uploads\\\/2024\\\/05\\\/kinetic-training-fw.svg\",\"caption\":\"Kinetic Training\"},\"image\":{\"@id\":\"https:\\\/\\\/kinetic-corp.com\\\/training\\\/#\\\/schema\\\/logo\\\/image\\\/\"},\"sameAs\":[\"https:\\\/\\\/www.facebook.com\\\/kinetic.traininghub\",\"https:\\\/\\\/www.instagram.com\\\/kinetic.traininghub\\\/\",\"https:\\\/\\\/www.linkedin.com\\\/company\\\/kinetic-training\\\/\"]}]}<\/script>\n<!-- \/ Yoast SEO plugin. -->","yoast_head_json":{"title":"Finalizar compra - Kinetic Training","robots":{"index":"index","follow":"follow","max-snippet":"max-snippet:-1","max-image-preview":"max-image-preview:large","max-video-preview":"max-video-preview:-1"},"canonical":"https:\/\/kinetic-corp.com\/training\/checkout\/","og_locale":"es_ES","og_type":"article","og_title":"Finalizar compra - Kinetic Training","og_description":"Finalizar compra Tus datos | Inscripci\u00f3n Nombre&nbsp;* Apellido(s)&nbsp;* Empresa&nbsp;(opcional) Pa\u00eds \/ Regi\u00f3n&nbsp;*Selecciona un pa\u00eds\/regi\u00f3n&hellip;Afganist\u00e1nAlbaniaAlemaniaAndorraAngolaAnguilaAnt\u00e1rtidaAntigua y BarbudaArabia SauditaArgeliaArgentinaArmeniaArubaAustraliaAustriaAzerbaijanBahamasBahrainBangladeshBarbadosBelauB\u00e9lgicaBelizeBeninBermudaBhutanBielorrusiaBirmaniaBoliviaBonaire, San Eustaquio y SabaBosnia y HerzegovinaBotswanaBrasilBrun\u00e9iBulgariaBurkina FasoBurundiCabo VerdeCamboyaCamer\u00fanCanad\u00e1ChadChileChinaChipreCiudad del VaticanoColombiaComorasCongo (Brazzaville)Congo (Kinshasa)Corea del NorteCorea del SurCosta de MarfilCosta RicaCroaciaCubaCura&ccedil;aoDinamarcaDjiboutiDominicaEcuadorEgiptoEl SalvadorEmiratos \u00c1rabes UnidosEritreaEslovaquiaEsloveniaEspa\u00f1aEstados Unidos (EEUU)EstoniaEsuatiniEtiop\u00edaFilipinasFinlandiaFiyiFranciaGab\u00f3nGambiaGeorgiaGhanaGibraltarGranadaGreciaGroenlandiaGuadalupeGuamGuatemalaGuayana FrancesaGuernseyGuineaGuinea EcuatorialGuinea-Bis\u00e1uGuyanaHait\u00edHondurasHong KongHungr\u00edaIndiaIndonesiaIrakIr\u00e1nIrlandaIsla BouvetIsla de ManIsla de NavidadIsla NorfolkIsla Santa ElenaIslandiaIslas \u00c5landIslas Caim\u00e1nIslas CocosIslas [&hellip;]","og_url":"https:\/\/kinetic-corp.com\/training\/checkout\/","og_site_name":"Kinetic Training","article_publisher":"https:\/\/www.facebook.com\/kinetic.traininghub","article_modified_time":"2026-01-06T19:05:08+00:00","og_image":[{"width":1200,"height":630,"url":"https:\/\/kinetic-corp.com\/training\/wp-content\/uploads\/2025\/05\/og_1200x630_home.png","type":"image\/png"}],"twitter_card":"summary_large_image","twitter_misc":{"Tiempo de lectura":"3 minutos"},"schema":{"@context":"https:\/\/schema.org","@graph":[{"@type":"WebPage","@id":"https:\/\/kinetic-corp.com\/training\/checkout\/","url":"https:\/\/kinetic-corp.com\/training\/checkout\/","name":"Finalizar compra - Kinetic Training","isPartOf":{"@id":"https:\/\/kinetic-corp.com\/training\/#website"},"datePublished":"2024-05-06T14:44:18+00:00","dateModified":"2026-01-06T19:05:08+00:00","breadcrumb":{"@id":"https:\/\/kinetic-corp.com\/training\/checkout\/#breadcrumb"},"inLanguage":"es","potentialAction":[{"@type":"ReadAction","target":["https:\/\/kinetic-corp.com\/training\/checkout\/"]}]},{"@type":"BreadcrumbList","@id":"https:\/\/kinetic-corp.com\/training\/checkout\/#breadcrumb","itemListElement":[{"@type":"ListItem","position":1,"name":"Inicio","item":"https:\/\/kinetic-corp.com\/training\/"},{"@type":"ListItem","position":2,"name":"Finalizar compra"}]},{"@type":"WebSite","@id":"https:\/\/kinetic-corp.com\/training\/#website","url":"https:\/\/kinetic-corp.com\/training\/","name":"Kinetic Training","description":"Desarrolla tu talento","publisher":{"@id":"https:\/\/kinetic-corp.com\/training\/#organization"},"potentialAction":[{"@type":"SearchAction","target":{"@type":"EntryPoint","urlTemplate":"https:\/\/kinetic-corp.com\/training\/?s={search_term_string}"},"query-input":{"@type":"PropertyValueSpecification","valueRequired":true,"valueName":"search_term_string"}}],"inLanguage":"es"},{"@type":"Organization","@id":"https:\/\/kinetic-corp.com\/training\/#organization","name":"Kinetic Training","url":"https:\/\/kinetic-corp.com\/training\/","logo":{"@type":"ImageObject","inLanguage":"es","@id":"https:\/\/kinetic-corp.com\/training\/#\/schema\/logo\/image\/","url":"https:\/\/kinetic-corp.com\/training\/wp-content\/uploads\/2024\/05\/kinetic-training-fw.svg","contentUrl":"https:\/\/kinetic-corp.com\/training\/wp-content\/uploads\/2024\/05\/kinetic-training-fw.svg","caption":"Kinetic Training"},"image":{"@id":"https:\/\/kinetic-corp.com\/training\/#\/schema\/logo\/image\/"},"sameAs":["https:\/\/www.facebook.com\/kinetic.traininghub","https:\/\/www.instagram.com\/kinetic.traininghub\/","https:\/\/www.linkedin.com\/company\/kinetic-training\/"]}]}},"_links":{"self":[{"href":"https:\/\/kinetic-corp.com\/training\/wp-json\/wp\/v2\/pages\/16","targetHints":{"allow":["GET"]}}],"collection":[{"href":"https:\/\/kinetic-corp.com\/training\/wp-json\/wp\/v2\/pages"}],"about":[{"href":"https:\/\/kinetic-corp.com\/training\/wp-json\/wp\/v2\/types\/page"}],"author":[{"embeddable":true,"href":"https:\/\/kinetic-corp.com\/training\/wp-json\/wp\/v2\/users\/1"}],"replies":[{"embeddable":true,"href":"https:\/\/kinetic-corp.com\/training\/wp-json\/wp\/v2\/comments?post=16"}],"version-history":[{"count":5,"href":"https:\/\/kinetic-corp.com\/training\/wp-json\/wp\/v2\/pages\/16\/revisions"}],"predecessor-version":[{"id":13321,"href":"https:\/\/kinetic-corp.com\/training\/wp-json\/wp\/v2\/pages\/16\/revisions\/13321"}],"wp:attachment":[{"href":"https:\/\/kinetic-corp.com\/training\/wp-json\/wp\/v2\/media?parent=16"}],"curies":[{"name":"wp","href":"https:\/\/api.w.org\/{rel}","templated":true}]}}