{"id":10398,"date":"2025-05-07T10:33:50","date_gmt":"2025-05-07T13:33:50","guid":{"rendered":"https:\/\/kinetic-corp.com\/training\/?post_type=product&#038;p=10398"},"modified":"2026-04-20T13:04:56","modified_gmt":"2026-04-20T16:04:56","slug":"gestion-de-riesgos-con-ia","status":"publish","type":"product","link":"https:\/\/kinetic-corp.com\/training\/formacion\/gestion-de-riesgos-con-ia\/","title":{"rendered":"Gesti\u00f3n de riesgos con IA"},"content":{"rendered":"<p data-renderer-start-pos=\"125\"><b><u>INICIO INMEDIATO<\/u><\/b><\/p>\n<p data-renderer-start-pos=\"125\">La gesti\u00f3n de riesgos es un componente crucial en el \u00e9xito de los proyectos. En entornos cada vez m\u00e1s complejos y cambiantes, los proyectos enfrentan incertidumbres significativas que pueden afectar los objetivos, plazos y costos. El PMI, a trav\u00e9s de su enfoque en el dominio de la incertidumbre dentro del PMBOK v7, ofrece un marco robusto para gestionar riesgos y responder eficazmente a los imprevistos.<\/p>\n<p data-renderer-start-pos=\"532\">Este curso est\u00e1 dise\u00f1ado para proporcionar a los participantes una comprensi\u00f3n profunda de los procesos de gesti\u00f3n de riesgos, alineada con los est\u00e1ndares del PMBOK v7. Adem\u00e1s, se enfoca en c\u00f3mo abordar la incertidumbre y la ambig\u00fcedad que inevitablemente surgen durante la ejecuci\u00f3n de proyectos.<\/p>\n<p data-renderer-start-pos=\"532\">\n","protected":false},"excerpt":{"rendered":"<p>INICIO INMEDIATO La gesti\u00f3n de riesgos es un componente crucial en el \u00e9xito de los proyectos. En entornos cada vez m\u00e1s complejos y cambiantes, los proyectos enfrentan incertidumbres significativas que pueden afectar los objetivos, plazos y costos. El PMI, a trav\u00e9s de su enfoque en el dominio de la incertidumbre dentro del PMBOK v7, ofrece [&hellip;]<\/p>\n","protected":false},"featured_media":10399,"template":"","meta":{"_acf_changed":false},"modalidad":[38],"product_brand":[],"product_cat":[29],"product_tag":[98],"class_list":{"0":"post-10398","1":"product","2":"type-product","3":"status-publish","4":"has-post-thumbnail","6":"modalidad-on-demand","7":"product_cat-gestion-de-proyectos","8":"product_tag-cyber-fest","10":"first","11":"instock","12":"sale","13":"virtual","14":"sold-individually","15":"purchasable","16":"product-type-simple"},"acf":[],"yoast_head":"<!-- This site is optimized with the Yoast SEO plugin v27.4 - https:\/\/yoast.com\/product\/yoast-seo-wordpress\/ -->\n<title>Gesti\u00f3n de riesgos con IA - Kinetic Training<\/title>\n<meta name=\"description\" content=\"Comprend\u00e9 los procesos de gesti\u00f3n de riesgos, para gestionarlos y responder a los imprevistos eficazmente. Formaci\u00f3n alineada con el PMBOK V7.\" \/>\n<meta name=\"robots\" content=\"index, follow, max-snippet:-1, max-image-preview:large, max-video-preview:-1\" \/>\n<link rel=\"canonical\" href=\"https:\/\/kinetic-corp.com\/training\/formacion\/gestion-de-riesgos-con-ia\/\" \/>\n<meta property=\"og:locale\" content=\"es_ES\" \/>\n<meta property=\"og:type\" content=\"article\" \/>\n<meta property=\"og:title\" content=\"Gesti\u00f3n de riesgos con IA - Kinetic Training\" \/>\n<meta property=\"og:description\" content=\"Comprend\u00e9 los procesos de gesti\u00f3n de riesgos, para gestionarlos y responder a los imprevistos eficazmente. Formaci\u00f3n alineada con el PMBOK V7.\" \/>\n<meta property=\"og:url\" content=\"https:\/\/kinetic-corp.com\/training\/formacion\/gestion-de-riesgos-con-ia\/\" \/>\n<meta property=\"og:site_name\" content=\"Kinetic Training\" \/>\n<meta property=\"article:publisher\" content=\"https:\/\/www.facebook.com\/kinetic.traininghub\" \/>\n<meta property=\"article:modified_time\" content=\"2026-04-20T16:04:56+00:00\" \/>\n<meta property=\"og:image\" content=\"https:\/\/kinetic-corp.com\/training\/wp-content\/uploads\/2025\/05\/rodrigo-porta.png\" \/>\n\t<meta property=\"og:image:width\" content=\"972\" \/>\n\t<meta property=\"og:image:height\" content=\"916\" \/>\n\t<meta property=\"og:image:type\" content=\"image\/png\" \/>\n<meta name=\"twitter:card\" content=\"summary_large_image\" \/>\n<meta name=\"twitter:label1\" content=\"Tiempo de lectura\" \/>\n\t<meta name=\"twitter:data1\" content=\"1 minuto\" \/>\n<script type=\"application\/ld+json\" class=\"yoast-schema-graph\">{\"@context\":\"https:\\\/\\\/schema.org\",\"@graph\":[{\"@type\":\"WebPage\",\"@id\":\"https:\\\/\\\/kinetic-corp.com\\\/training\\\/formacion\\\/gestion-de-riesgos-con-ia\\\/\",\"url\":\"https:\\\/\\\/kinetic-corp.com\\\/training\\\/formacion\\\/gestion-de-riesgos-con-ia\\\/\",\"name\":\"Gesti\u00f3n de riesgos con IA - Kinetic Training\",\"isPartOf\":{\"@id\":\"https:\\\/\\\/kinetic-corp.com\\\/training\\\/#website\"},\"primaryImageOfPage\":{\"@id\":\"https:\\\/\\\/kinetic-corp.com\\\/training\\\/formacion\\\/gestion-de-riesgos-con-ia\\\/#primaryimage\"},\"image\":{\"@id\":\"https:\\\/\\\/kinetic-corp.com\\\/training\\\/formacion\\\/gestion-de-riesgos-con-ia\\\/#primaryimage\"},\"thumbnailUrl\":\"https:\\\/\\\/kinetic-corp.com\\\/training\\\/wp-content\\\/uploads\\\/2025\\\/05\\\/rodrigo-porta.png\",\"datePublished\":\"2025-05-07T13:33:50+00:00\",\"dateModified\":\"2026-04-20T16:04:56+00:00\",\"description\":\"Comprend\u00e9 los procesos de gesti\u00f3n de riesgos, para gestionarlos y responder a los imprevistos eficazmente. Formaci\u00f3n alineada con el PMBOK V7.\",\"breadcrumb\":{\"@id\":\"https:\\\/\\\/kinetic-corp.com\\\/training\\\/formacion\\\/gestion-de-riesgos-con-ia\\\/#breadcrumb\"},\"inLanguage\":\"es\",\"potentialAction\":[{\"@type\":\"ReadAction\",\"target\":[\"https:\\\/\\\/kinetic-corp.com\\\/training\\\/formacion\\\/gestion-de-riesgos-con-ia\\\/\"]}]},{\"@type\":\"ImageObject\",\"inLanguage\":\"es\",\"@id\":\"https:\\\/\\\/kinetic-corp.com\\\/training\\\/formacion\\\/gestion-de-riesgos-con-ia\\\/#primaryimage\",\"url\":\"https:\\\/\\\/kinetic-corp.com\\\/training\\\/wp-content\\\/uploads\\\/2025\\\/05\\\/rodrigo-porta.png\",\"contentUrl\":\"https:\\\/\\\/kinetic-corp.com\\\/training\\\/wp-content\\\/uploads\\\/2025\\\/05\\\/rodrigo-porta.png\",\"width\":972,\"height\":916,\"caption\":\"rodrigo-porta\"},{\"@type\":\"BreadcrumbList\",\"@id\":\"https:\\\/\\\/kinetic-corp.com\\\/training\\\/formacion\\\/gestion-de-riesgos-con-ia\\\/#breadcrumb\",\"itemListElement\":[{\"@type\":\"ListItem\",\"position\":1,\"name\":\"Inicio\",\"item\":\"https:\\\/\\\/kinetic-corp.com\\\/training\\\/\"},{\"@type\":\"ListItem\",\"position\":2,\"name\":\"Formaciones\",\"item\":\"https:\\\/\\\/kinetic-corp.com\\\/training\\\/formaciones\\\/\"},{\"@type\":\"ListItem\",\"position\":3,\"name\":\"Gesti\u00f3n de proyectos\",\"item\":\"https:\\\/\\\/kinetic-corp.com\\\/training\\\/categoria\\\/gestion-de-proyectos\\\/\"},{\"@type\":\"ListItem\",\"position\":4,\"name\":\"Gesti\u00f3n de riesgos con IA\"}]},{\"@type\":\"WebSite\",\"@id\":\"https:\\\/\\\/kinetic-corp.com\\\/training\\\/#website\",\"url\":\"https:\\\/\\\/kinetic-corp.com\\\/training\\\/\",\"name\":\"Kinetic Training\",\"description\":\"Desarrolla tu talento\",\"publisher\":{\"@id\":\"https:\\\/\\\/kinetic-corp.com\\\/training\\\/#organization\"},\"potentialAction\":[{\"@type\":\"SearchAction\",\"target\":{\"@type\":\"EntryPoint\",\"urlTemplate\":\"https:\\\/\\\/kinetic-corp.com\\\/training\\\/?s={search_term_string}\"},\"query-input\":{\"@type\":\"PropertyValueSpecification\",\"valueRequired\":true,\"valueName\":\"search_term_string\"}}],\"inLanguage\":\"es\"},{\"@type\":\"Organization\",\"@id\":\"https:\\\/\\\/kinetic-corp.com\\\/training\\\/#organization\",\"name\":\"Kinetic Training\",\"url\":\"https:\\\/\\\/kinetic-corp.com\\\/training\\\/\",\"logo\":{\"@type\":\"ImageObject\",\"inLanguage\":\"es\",\"@id\":\"https:\\\/\\\/kinetic-corp.com\\\/training\\\/#\\\/schema\\\/logo\\\/image\\\/\",\"url\":\"https:\\\/\\\/kinetic-corp.com\\\/training\\\/wp-content\\\/uploads\\\/2024\\\/05\\\/kinetic-training-fw.svg\",\"contentUrl\":\"https:\\\/\\\/kinetic-corp.com\\\/training\\\/wp-content\\\/uploads\\\/2024\\\/05\\\/kinetic-training-fw.svg\",\"caption\":\"Kinetic Training\"},\"image\":{\"@id\":\"https:\\\/\\\/kinetic-corp.com\\\/training\\\/#\\\/schema\\\/logo\\\/image\\\/\"},\"sameAs\":[\"https:\\\/\\\/www.facebook.com\\\/kinetic.traininghub\",\"https:\\\/\\\/www.instagram.com\\\/kinetic.traininghub\\\/\",\"https:\\\/\\\/www.linkedin.com\\\/company\\\/kinetic-training\\\/\"]}]}<\/script>\n<!-- \/ Yoast SEO plugin. -->","yoast_head_json":{"title":"Gesti\u00f3n de riesgos con IA - Kinetic Training","description":"Comprend\u00e9 los procesos de gesti\u00f3n de riesgos, para gestionarlos y responder a los imprevistos eficazmente. Formaci\u00f3n alineada con el PMBOK V7.","robots":{"index":"index","follow":"follow","max-snippet":"max-snippet:-1","max-image-preview":"max-image-preview:large","max-video-preview":"max-video-preview:-1"},"canonical":"https:\/\/kinetic-corp.com\/training\/formacion\/gestion-de-riesgos-con-ia\/","og_locale":"es_ES","og_type":"article","og_title":"Gesti\u00f3n de riesgos con IA - Kinetic Training","og_description":"Comprend\u00e9 los procesos de gesti\u00f3n de riesgos, para gestionarlos y responder a los imprevistos eficazmente. Formaci\u00f3n alineada con el PMBOK V7.","og_url":"https:\/\/kinetic-corp.com\/training\/formacion\/gestion-de-riesgos-con-ia\/","og_site_name":"Kinetic Training","article_publisher":"https:\/\/www.facebook.com\/kinetic.traininghub","article_modified_time":"2026-04-20T16:04:56+00:00","og_image":[{"width":972,"height":916,"url":"https:\/\/kinetic-corp.com\/training\/wp-content\/uploads\/2025\/05\/rodrigo-porta.png","type":"image\/png"}],"twitter_card":"summary_large_image","twitter_misc":{"Tiempo de lectura":"1 minuto"},"schema":{"@context":"https:\/\/schema.org","@graph":[{"@type":"WebPage","@id":"https:\/\/kinetic-corp.com\/training\/formacion\/gestion-de-riesgos-con-ia\/","url":"https:\/\/kinetic-corp.com\/training\/formacion\/gestion-de-riesgos-con-ia\/","name":"Gesti\u00f3n de riesgos con IA - Kinetic Training","isPartOf":{"@id":"https:\/\/kinetic-corp.com\/training\/#website"},"primaryImageOfPage":{"@id":"https:\/\/kinetic-corp.com\/training\/formacion\/gestion-de-riesgos-con-ia\/#primaryimage"},"image":{"@id":"https:\/\/kinetic-corp.com\/training\/formacion\/gestion-de-riesgos-con-ia\/#primaryimage"},"thumbnailUrl":"https:\/\/kinetic-corp.com\/training\/wp-content\/uploads\/2025\/05\/rodrigo-porta.png","datePublished":"2025-05-07T13:33:50+00:00","dateModified":"2026-04-20T16:04:56+00:00","description":"Comprend\u00e9 los procesos de gesti\u00f3n de riesgos, para gestionarlos y responder a los imprevistos eficazmente. Formaci\u00f3n alineada con el PMBOK V7.","breadcrumb":{"@id":"https:\/\/kinetic-corp.com\/training\/formacion\/gestion-de-riesgos-con-ia\/#breadcrumb"},"inLanguage":"es","potentialAction":[{"@type":"ReadAction","target":["https:\/\/kinetic-corp.com\/training\/formacion\/gestion-de-riesgos-con-ia\/"]}]},{"@type":"ImageObject","inLanguage":"es","@id":"https:\/\/kinetic-corp.com\/training\/formacion\/gestion-de-riesgos-con-ia\/#primaryimage","url":"https:\/\/kinetic-corp.com\/training\/wp-content\/uploads\/2025\/05\/rodrigo-porta.png","contentUrl":"https:\/\/kinetic-corp.com\/training\/wp-content\/uploads\/2025\/05\/rodrigo-porta.png","width":972,"height":916,"caption":"rodrigo-porta"},{"@type":"BreadcrumbList","@id":"https:\/\/kinetic-corp.com\/training\/formacion\/gestion-de-riesgos-con-ia\/#breadcrumb","itemListElement":[{"@type":"ListItem","position":1,"name":"Inicio","item":"https:\/\/kinetic-corp.com\/training\/"},{"@type":"ListItem","position":2,"name":"Formaciones","item":"https:\/\/kinetic-corp.com\/training\/formaciones\/"},{"@type":"ListItem","position":3,"name":"Gesti\u00f3n de proyectos","item":"https:\/\/kinetic-corp.com\/training\/categoria\/gestion-de-proyectos\/"},{"@type":"ListItem","position":4,"name":"Gesti\u00f3n de riesgos con IA"}]},{"@type":"WebSite","@id":"https:\/\/kinetic-corp.com\/training\/#website","url":"https:\/\/kinetic-corp.com\/training\/","name":"Kinetic Training","description":"Desarrolla tu talento","publisher":{"@id":"https:\/\/kinetic-corp.com\/training\/#organization"},"potentialAction":[{"@type":"SearchAction","target":{"@type":"EntryPoint","urlTemplate":"https:\/\/kinetic-corp.com\/training\/?s={search_term_string}"},"query-input":{"@type":"PropertyValueSpecification","valueRequired":true,"valueName":"search_term_string"}}],"inLanguage":"es"},{"@type":"Organization","@id":"https:\/\/kinetic-corp.com\/training\/#organization","name":"Kinetic Training","url":"https:\/\/kinetic-corp.com\/training\/","logo":{"@type":"ImageObject","inLanguage":"es","@id":"https:\/\/kinetic-corp.com\/training\/#\/schema\/logo\/image\/","url":"https:\/\/kinetic-corp.com\/training\/wp-content\/uploads\/2024\/05\/kinetic-training-fw.svg","contentUrl":"https:\/\/kinetic-corp.com\/training\/wp-content\/uploads\/2024\/05\/kinetic-training-fw.svg","caption":"Kinetic Training"},"image":{"@id":"https:\/\/kinetic-corp.com\/training\/#\/schema\/logo\/image\/"},"sameAs":["https:\/\/www.facebook.com\/kinetic.traininghub","https:\/\/www.instagram.com\/kinetic.traininghub\/","https:\/\/www.linkedin.com\/company\/kinetic-training\/"]}]}},"_links":{"self":[{"href":"https:\/\/kinetic-corp.com\/training\/wp-json\/wp\/v2\/product\/10398","targetHints":{"allow":["GET"]}}],"collection":[{"href":"https:\/\/kinetic-corp.com\/training\/wp-json\/wp\/v2\/product"}],"about":[{"href":"https:\/\/kinetic-corp.com\/training\/wp-json\/wp\/v2\/types\/product"}],"wp:featuredmedia":[{"embeddable":true,"href":"https:\/\/kinetic-corp.com\/training\/wp-json\/wp\/v2\/media\/10399"}],"wp:attachment":[{"href":"https:\/\/kinetic-corp.com\/training\/wp-json\/wp\/v2\/media?parent=10398"}],"wp:term":[{"taxonomy":"modalidad","embeddable":true,"href":"https:\/\/kinetic-corp.com\/training\/wp-json\/wp\/v2\/modalidad?post=10398"},{"taxonomy":"product_brand","embeddable":true,"href":"https:\/\/kinetic-corp.com\/training\/wp-json\/wp\/v2\/product_brand?post=10398"},{"taxonomy":"product_cat","embeddable":true,"href":"https:\/\/kinetic-corp.com\/training\/wp-json\/wp\/v2\/product_cat?post=10398"},{"taxonomy":"product_tag","embeddable":true,"href":"https:\/\/kinetic-corp.com\/training\/wp-json\/wp\/v2\/product_tag?post=10398"}],"curies":[{"name":"wp","href":"https:\/\/api.w.org\/{rel}","templated":true}]}}