{"id":10550,"date":"2025-05-21T11:37:19","date_gmt":"2025-05-21T14:37:19","guid":{"rendered":"https:\/\/kinetic-corp.com\/training\/?post_type=product&#038;p=10550"},"modified":"2026-04-20T12:52:02","modified_gmt":"2026-04-20T15:52:02","slug":"ia-para-la-gestion-del-product-backlog-ondemand","status":"publish","type":"product","link":"https:\/\/kinetic-corp.com\/training\/formacion\/ia-para-la-gestion-del-product-backlog-ondemand\/","title":{"rendered":"IA para la gesti\u00f3n del product backlog"},"content":{"rendered":"<p><strong>INICIO INMEDIATO<\/strong><\/p>\n<p>La gesti\u00f3n del Product Backlog eficiente es clave para realizar un contundente agregado de valor. Con esta formaci\u00f3n obtendr\u00e1s t\u00e9cnicas que te permitir\u00e1n optimizar tus procesos de refinamiento y gesti\u00f3n del backlog.<\/p>\n<p>&nbsp;<\/p>\n","protected":false},"excerpt":{"rendered":"<p>INICIO INMEDIATO La gesti\u00f3n del Product Backlog eficiente es clave para realizar un contundente agregado de valor. Con esta formaci\u00f3n obtendr\u00e1s t\u00e9cnicas que te permitir\u00e1n optimizar tus procesos de refinamiento y gesti\u00f3n del backlog. &nbsp;<\/p>\n","protected":false},"featured_media":10552,"template":"","meta":{"_acf_changed":false},"modalidad":[38],"product_brand":[],"product_cat":[27,82],"product_tag":[98],"class_list":{"0":"post-10550","1":"product","2":"type-product","3":"status-publish","4":"has-post-thumbnail","6":"modalidad-on-demand","7":"product_cat-agilidad","8":"product_cat-producto","9":"product_tag-cyber-fest","11":"first","12":"instock","13":"virtual","14":"sold-individually","15":"purchasable","16":"product-type-simple"},"acf":[],"yoast_head":"<!-- This site is optimized with the Yoast SEO plugin v27.4 - https:\/\/yoast.com\/product\/yoast-seo-wordpress\/ -->\n<title>IA para la gesti\u00f3n del product backlog - Kinetic Training<\/title>\n<meta name=\"description\" content=\"Aprend\u00e9 a utilizar las mejores pr\u00e1cticas y t\u00e9cnicas combinadas con la inteligencia artificial para crear y gestionar un product backlog saludable.\" \/>\n<meta name=\"robots\" content=\"index, follow, max-snippet:-1, max-image-preview:large, max-video-preview:-1\" \/>\n<link rel=\"canonical\" href=\"https:\/\/kinetic-corp.com\/training\/formacion\/ia-para-la-gestion-del-product-backlog-ondemand\/\" \/>\n<meta property=\"og:locale\" content=\"es_ES\" \/>\n<meta property=\"og:type\" content=\"article\" \/>\n<meta property=\"og:title\" content=\"IA para la gesti\u00f3n del product backlog - Kinetic Training\" \/>\n<meta property=\"og:description\" content=\"Aprend\u00e9 a utilizar las mejores pr\u00e1cticas y t\u00e9cnicas combinadas con la inteligencia artificial para crear y gestionar un product backlog saludable.\" \/>\n<meta property=\"og:url\" content=\"https:\/\/kinetic-corp.com\/training\/formacion\/ia-para-la-gestion-del-product-backlog-ondemand\/\" \/>\n<meta property=\"og:site_name\" content=\"Kinetic Training\" \/>\n<meta property=\"article:publisher\" content=\"https:\/\/www.facebook.com\/kinetic.traininghub\" \/>\n<meta property=\"article:modified_time\" content=\"2026-04-20T15:52:02+00:00\" \/>\n<meta property=\"og:image\" content=\"https:\/\/kinetic-corp.com\/training\/wp-content\/uploads\/2025\/05\/ia_para_bg_preview.jpg\" \/>\n\t<meta property=\"og:image:width\" content=\"378\" \/>\n\t<meta property=\"og:image:height\" content=\"213\" \/>\n\t<meta property=\"og:image:type\" content=\"image\/jpeg\" \/>\n<meta name=\"twitter:card\" content=\"summary_large_image\" \/>\n<meta name=\"twitter:label1\" content=\"Tiempo de lectura\" \/>\n\t<meta name=\"twitter:data1\" content=\"1 minuto\" \/>\n<script type=\"application\/ld+json\" class=\"yoast-schema-graph\">{\"@context\":\"https:\\\/\\\/schema.org\",\"@graph\":[{\"@type\":\"WebPage\",\"@id\":\"https:\\\/\\\/kinetic-corp.com\\\/training\\\/formacion\\\/ia-para-la-gestion-del-product-backlog-ondemand\\\/\",\"url\":\"https:\\\/\\\/kinetic-corp.com\\\/training\\\/formacion\\\/ia-para-la-gestion-del-product-backlog-ondemand\\\/\",\"name\":\"IA para la gesti\u00f3n del product backlog - Kinetic Training\",\"isPartOf\":{\"@id\":\"https:\\\/\\\/kinetic-corp.com\\\/training\\\/#website\"},\"primaryImageOfPage\":{\"@id\":\"https:\\\/\\\/kinetic-corp.com\\\/training\\\/formacion\\\/ia-para-la-gestion-del-product-backlog-ondemand\\\/#primaryimage\"},\"image\":{\"@id\":\"https:\\\/\\\/kinetic-corp.com\\\/training\\\/formacion\\\/ia-para-la-gestion-del-product-backlog-ondemand\\\/#primaryimage\"},\"thumbnailUrl\":\"https:\\\/\\\/kinetic-corp.com\\\/training\\\/wp-content\\\/uploads\\\/2025\\\/05\\\/ia_para_bg_preview.jpg\",\"datePublished\":\"2025-05-21T14:37:19+00:00\",\"dateModified\":\"2026-04-20T15:52:02+00:00\",\"description\":\"Aprend\u00e9 a utilizar las mejores pr\u00e1cticas y t\u00e9cnicas combinadas con la inteligencia artificial para crear y gestionar un product backlog saludable.\",\"breadcrumb\":{\"@id\":\"https:\\\/\\\/kinetic-corp.com\\\/training\\\/formacion\\\/ia-para-la-gestion-del-product-backlog-ondemand\\\/#breadcrumb\"},\"inLanguage\":\"es\",\"potentialAction\":[{\"@type\":\"ReadAction\",\"target\":[\"https:\\\/\\\/kinetic-corp.com\\\/training\\\/formacion\\\/ia-para-la-gestion-del-product-backlog-ondemand\\\/\"]}]},{\"@type\":\"ImageObject\",\"inLanguage\":\"es\",\"@id\":\"https:\\\/\\\/kinetic-corp.com\\\/training\\\/formacion\\\/ia-para-la-gestion-del-product-backlog-ondemand\\\/#primaryimage\",\"url\":\"https:\\\/\\\/kinetic-corp.com\\\/training\\\/wp-content\\\/uploads\\\/2025\\\/05\\\/ia_para_bg_preview.jpg\",\"contentUrl\":\"https:\\\/\\\/kinetic-corp.com\\\/training\\\/wp-content\\\/uploads\\\/2025\\\/05\\\/ia_para_bg_preview.jpg\",\"width\":378,\"height\":213},{\"@type\":\"BreadcrumbList\",\"@id\":\"https:\\\/\\\/kinetic-corp.com\\\/training\\\/formacion\\\/ia-para-la-gestion-del-product-backlog-ondemand\\\/#breadcrumb\",\"itemListElement\":[{\"@type\":\"ListItem\",\"position\":1,\"name\":\"Inicio\",\"item\":\"https:\\\/\\\/kinetic-corp.com\\\/training\\\/\"},{\"@type\":\"ListItem\",\"position\":2,\"name\":\"Formaciones\",\"item\":\"https:\\\/\\\/kinetic-corp.com\\\/training\\\/formaciones\\\/\"},{\"@type\":\"ListItem\",\"position\":3,\"name\":\"Producto\",\"item\":\"https:\\\/\\\/kinetic-corp.com\\\/training\\\/categoria\\\/producto\\\/\"},{\"@type\":\"ListItem\",\"position\":4,\"name\":\"IA para la gesti\u00f3n del product backlog\"}]},{\"@type\":\"WebSite\",\"@id\":\"https:\\\/\\\/kinetic-corp.com\\\/training\\\/#website\",\"url\":\"https:\\\/\\\/kinetic-corp.com\\\/training\\\/\",\"name\":\"Kinetic Training\",\"description\":\"Desarrolla tu talento\",\"publisher\":{\"@id\":\"https:\\\/\\\/kinetic-corp.com\\\/training\\\/#organization\"},\"potentialAction\":[{\"@type\":\"SearchAction\",\"target\":{\"@type\":\"EntryPoint\",\"urlTemplate\":\"https:\\\/\\\/kinetic-corp.com\\\/training\\\/?s={search_term_string}\"},\"query-input\":{\"@type\":\"PropertyValueSpecification\",\"valueRequired\":true,\"valueName\":\"search_term_string\"}}],\"inLanguage\":\"es\"},{\"@type\":\"Organization\",\"@id\":\"https:\\\/\\\/kinetic-corp.com\\\/training\\\/#organization\",\"name\":\"Kinetic Training\",\"url\":\"https:\\\/\\\/kinetic-corp.com\\\/training\\\/\",\"logo\":{\"@type\":\"ImageObject\",\"inLanguage\":\"es\",\"@id\":\"https:\\\/\\\/kinetic-corp.com\\\/training\\\/#\\\/schema\\\/logo\\\/image\\\/\",\"url\":\"https:\\\/\\\/kinetic-corp.com\\\/training\\\/wp-content\\\/uploads\\\/2024\\\/05\\\/kinetic-training-fw.svg\",\"contentUrl\":\"https:\\\/\\\/kinetic-corp.com\\\/training\\\/wp-content\\\/uploads\\\/2024\\\/05\\\/kinetic-training-fw.svg\",\"caption\":\"Kinetic Training\"},\"image\":{\"@id\":\"https:\\\/\\\/kinetic-corp.com\\\/training\\\/#\\\/schema\\\/logo\\\/image\\\/\"},\"sameAs\":[\"https:\\\/\\\/www.facebook.com\\\/kinetic.traininghub\",\"https:\\\/\\\/www.instagram.com\\\/kinetic.traininghub\\\/\",\"https:\\\/\\\/www.linkedin.com\\\/company\\\/kinetic-training\\\/\"]}]}<\/script>\n<!-- \/ Yoast SEO plugin. -->","yoast_head_json":{"title":"IA para la gesti\u00f3n del product backlog - Kinetic Training","description":"Aprend\u00e9 a utilizar las mejores pr\u00e1cticas y t\u00e9cnicas combinadas con la inteligencia artificial para crear y gestionar un product backlog saludable.","robots":{"index":"index","follow":"follow","max-snippet":"max-snippet:-1","max-image-preview":"max-image-preview:large","max-video-preview":"max-video-preview:-1"},"canonical":"https:\/\/kinetic-corp.com\/training\/formacion\/ia-para-la-gestion-del-product-backlog-ondemand\/","og_locale":"es_ES","og_type":"article","og_title":"IA para la gesti\u00f3n del product backlog - Kinetic Training","og_description":"Aprend\u00e9 a utilizar las mejores pr\u00e1cticas y t\u00e9cnicas combinadas con la inteligencia artificial para crear y gestionar un product backlog saludable.","og_url":"https:\/\/kinetic-corp.com\/training\/formacion\/ia-para-la-gestion-del-product-backlog-ondemand\/","og_site_name":"Kinetic Training","article_publisher":"https:\/\/www.facebook.com\/kinetic.traininghub","article_modified_time":"2026-04-20T15:52:02+00:00","og_image":[{"width":378,"height":213,"url":"https:\/\/kinetic-corp.com\/training\/wp-content\/uploads\/2025\/05\/ia_para_bg_preview.jpg","type":"image\/jpeg"}],"twitter_card":"summary_large_image","twitter_misc":{"Tiempo de lectura":"1 minuto"},"schema":{"@context":"https:\/\/schema.org","@graph":[{"@type":"WebPage","@id":"https:\/\/kinetic-corp.com\/training\/formacion\/ia-para-la-gestion-del-product-backlog-ondemand\/","url":"https:\/\/kinetic-corp.com\/training\/formacion\/ia-para-la-gestion-del-product-backlog-ondemand\/","name":"IA para la gesti\u00f3n del product backlog - Kinetic Training","isPartOf":{"@id":"https:\/\/kinetic-corp.com\/training\/#website"},"primaryImageOfPage":{"@id":"https:\/\/kinetic-corp.com\/training\/formacion\/ia-para-la-gestion-del-product-backlog-ondemand\/#primaryimage"},"image":{"@id":"https:\/\/kinetic-corp.com\/training\/formacion\/ia-para-la-gestion-del-product-backlog-ondemand\/#primaryimage"},"thumbnailUrl":"https:\/\/kinetic-corp.com\/training\/wp-content\/uploads\/2025\/05\/ia_para_bg_preview.jpg","datePublished":"2025-05-21T14:37:19+00:00","dateModified":"2026-04-20T15:52:02+00:00","description":"Aprend\u00e9 a utilizar las mejores pr\u00e1cticas y t\u00e9cnicas combinadas con la inteligencia artificial para crear y gestionar un product backlog saludable.","breadcrumb":{"@id":"https:\/\/kinetic-corp.com\/training\/formacion\/ia-para-la-gestion-del-product-backlog-ondemand\/#breadcrumb"},"inLanguage":"es","potentialAction":[{"@type":"ReadAction","target":["https:\/\/kinetic-corp.com\/training\/formacion\/ia-para-la-gestion-del-product-backlog-ondemand\/"]}]},{"@type":"ImageObject","inLanguage":"es","@id":"https:\/\/kinetic-corp.com\/training\/formacion\/ia-para-la-gestion-del-product-backlog-ondemand\/#primaryimage","url":"https:\/\/kinetic-corp.com\/training\/wp-content\/uploads\/2025\/05\/ia_para_bg_preview.jpg","contentUrl":"https:\/\/kinetic-corp.com\/training\/wp-content\/uploads\/2025\/05\/ia_para_bg_preview.jpg","width":378,"height":213},{"@type":"BreadcrumbList","@id":"https:\/\/kinetic-corp.com\/training\/formacion\/ia-para-la-gestion-del-product-backlog-ondemand\/#breadcrumb","itemListElement":[{"@type":"ListItem","position":1,"name":"Inicio","item":"https:\/\/kinetic-corp.com\/training\/"},{"@type":"ListItem","position":2,"name":"Formaciones","item":"https:\/\/kinetic-corp.com\/training\/formaciones\/"},{"@type":"ListItem","position":3,"name":"Producto","item":"https:\/\/kinetic-corp.com\/training\/categoria\/producto\/"},{"@type":"ListItem","position":4,"name":"IA para la gesti\u00f3n del product backlog"}]},{"@type":"WebSite","@id":"https:\/\/kinetic-corp.com\/training\/#website","url":"https:\/\/kinetic-corp.com\/training\/","name":"Kinetic Training","description":"Desarrolla tu talento","publisher":{"@id":"https:\/\/kinetic-corp.com\/training\/#organization"},"potentialAction":[{"@type":"SearchAction","target":{"@type":"EntryPoint","urlTemplate":"https:\/\/kinetic-corp.com\/training\/?s={search_term_string}"},"query-input":{"@type":"PropertyValueSpecification","valueRequired":true,"valueName":"search_term_string"}}],"inLanguage":"es"},{"@type":"Organization","@id":"https:\/\/kinetic-corp.com\/training\/#organization","name":"Kinetic Training","url":"https:\/\/kinetic-corp.com\/training\/","logo":{"@type":"ImageObject","inLanguage":"es","@id":"https:\/\/kinetic-corp.com\/training\/#\/schema\/logo\/image\/","url":"https:\/\/kinetic-corp.com\/training\/wp-content\/uploads\/2024\/05\/kinetic-training-fw.svg","contentUrl":"https:\/\/kinetic-corp.com\/training\/wp-content\/uploads\/2024\/05\/kinetic-training-fw.svg","caption":"Kinetic Training"},"image":{"@id":"https:\/\/kinetic-corp.com\/training\/#\/schema\/logo\/image\/"},"sameAs":["https:\/\/www.facebook.com\/kinetic.traininghub","https:\/\/www.instagram.com\/kinetic.traininghub\/","https:\/\/www.linkedin.com\/company\/kinetic-training\/"]}]}},"_links":{"self":[{"href":"https:\/\/kinetic-corp.com\/training\/wp-json\/wp\/v2\/product\/10550","targetHints":{"allow":["GET"]}}],"collection":[{"href":"https:\/\/kinetic-corp.com\/training\/wp-json\/wp\/v2\/product"}],"about":[{"href":"https:\/\/kinetic-corp.com\/training\/wp-json\/wp\/v2\/types\/product"}],"wp:featuredmedia":[{"embeddable":true,"href":"https:\/\/kinetic-corp.com\/training\/wp-json\/wp\/v2\/media\/10552"}],"wp:attachment":[{"href":"https:\/\/kinetic-corp.com\/training\/wp-json\/wp\/v2\/media?parent=10550"}],"wp:term":[{"taxonomy":"modalidad","embeddable":true,"href":"https:\/\/kinetic-corp.com\/training\/wp-json\/wp\/v2\/modalidad?post=10550"},{"taxonomy":"product_brand","embeddable":true,"href":"https:\/\/kinetic-corp.com\/training\/wp-json\/wp\/v2\/product_brand?post=10550"},{"taxonomy":"product_cat","embeddable":true,"href":"https:\/\/kinetic-corp.com\/training\/wp-json\/wp\/v2\/product_cat?post=10550"},{"taxonomy":"product_tag","embeddable":true,"href":"https:\/\/kinetic-corp.com\/training\/wp-json\/wp\/v2\/product_tag?post=10550"}],"curies":[{"name":"wp","href":"https:\/\/api.w.org\/{rel}","templated":true}]}}