{"id":11459,"date":"2025-07-02T12:04:23","date_gmt":"2025-07-02T15:04:23","guid":{"rendered":"https:\/\/kinetic-corp.com\/training\/?post_type=product&#038;p=11459"},"modified":"2026-02-27T12:53:52","modified_gmt":"2026-02-27T15:53:52","slug":"safe-scrum-master","status":"publish","type":"product","link":"https:\/\/kinetic-corp.com\/training\/formacion\/safe-scrum-master\/","title":{"rendered":"SAFe\u00ae Scrum Master"},"content":{"rendered":"<p><strong>Desarroll\u00e1 las habilidades necesarias para liderar equipos \u00e1giles en entornos empresariales escalados.<\/strong><\/p>\n<p>Este programa te prepara para desempe\u00f1ar el rol de Scrum Master en contextos SAFe\u00ae, donde la coordinaci\u00f3n entre m\u00faltiples equipos y la entrega de valor a gran escala son clave.<\/p>\n","protected":false},"excerpt":{"rendered":"<p>Desarroll\u00e1 las habilidades necesarias para liderar equipos \u00e1giles en entornos empresariales escalados. Este programa te prepara para desempe\u00f1ar el rol de Scrum Master en contextos SAFe\u00ae, donde la coordinaci\u00f3n entre m\u00faltiples equipos y la entrega de valor a gran escala son clave.<\/p>\n","protected":false},"featured_media":11460,"template":"","meta":{"_acf_changed":false},"modalidad":[39],"product_brand":[],"product_cat":[27],"product_tag":[],"class_list":{"0":"post-11459","1":"product","2":"type-product","3":"status-publish","4":"has-post-thumbnail","6":"modalidad-live-class","7":"product_cat-agilidad","9":"first","10":"outofstock","11":"sale","12":"sold-individually","13":"shipping-taxable","14":"purchasable","15":"product-type-simple"},"acf":[],"yoast_head":"<!-- This site is optimized with the Yoast SEO plugin v27.4 - https:\/\/yoast.com\/product\/yoast-seo-wordpress\/ -->\n<title>SAFe\u00ae Scrum Master - Kinetic Training<\/title>\n<meta name=\"robots\" content=\"index, follow, max-snippet:-1, max-image-preview:large, max-video-preview:-1\" \/>\n<link rel=\"canonical\" href=\"https:\/\/kinetic-corp.com\/training\/formacion\/safe-scrum-master\/\" \/>\n<meta property=\"og:locale\" content=\"es_ES\" \/>\n<meta property=\"og:type\" content=\"article\" \/>\n<meta property=\"og:title\" content=\"SAFe\u00ae Scrum Master - Kinetic Training\" \/>\n<meta property=\"og:description\" content=\"Desarroll\u00e1 las habilidades necesarias para liderar equipos \u00e1giles en entornos empresariales escalados. Este programa te prepara para desempe\u00f1ar el rol de Scrum Master en contextos SAFe\u00ae, donde la coordinaci\u00f3n entre m\u00faltiples equipos y la entrega de valor a gran escala son clave.\" \/>\n<meta property=\"og:url\" content=\"https:\/\/kinetic-corp.com\/training\/formacion\/safe-scrum-master\/\" \/>\n<meta property=\"og:site_name\" content=\"Kinetic Training\" \/>\n<meta property=\"article:publisher\" content=\"https:\/\/www.facebook.com\/kinetic.traininghub\" \/>\n<meta property=\"article:modified_time\" content=\"2026-02-27T15:53:52+00:00\" \/>\n<meta property=\"og:image\" content=\"https:\/\/kinetic-corp.com\/training\/wp-content\/uploads\/2025\/07\/safe-agile.webp\" \/>\n\t<meta property=\"og:image:width\" content=\"600\" \/>\n\t<meta property=\"og:image:height\" content=\"400\" \/>\n\t<meta property=\"og:image:type\" content=\"image\/webp\" \/>\n<meta name=\"twitter:card\" content=\"summary_large_image\" \/>\n<meta name=\"twitter:label1\" content=\"Tiempo de lectura\" \/>\n\t<meta name=\"twitter:data1\" content=\"1 minuto\" \/>\n<script type=\"application\/ld+json\" class=\"yoast-schema-graph\">{\"@context\":\"https:\\\/\\\/schema.org\",\"@graph\":[{\"@type\":\"WebPage\",\"@id\":\"https:\\\/\\\/kinetic-corp.com\\\/training\\\/formacion\\\/safe-scrum-master\\\/\",\"url\":\"https:\\\/\\\/kinetic-corp.com\\\/training\\\/formacion\\\/safe-scrum-master\\\/\",\"name\":\"SAFe\u00ae Scrum Master - Kinetic Training\",\"isPartOf\":{\"@id\":\"https:\\\/\\\/kinetic-corp.com\\\/training\\\/#website\"},\"primaryImageOfPage\":{\"@id\":\"https:\\\/\\\/kinetic-corp.com\\\/training\\\/formacion\\\/safe-scrum-master\\\/#primaryimage\"},\"image\":{\"@id\":\"https:\\\/\\\/kinetic-corp.com\\\/training\\\/formacion\\\/safe-scrum-master\\\/#primaryimage\"},\"thumbnailUrl\":\"https:\\\/\\\/kinetic-corp.com\\\/training\\\/wp-content\\\/uploads\\\/2025\\\/07\\\/safe-agile.webp\",\"datePublished\":\"2025-07-02T15:04:23+00:00\",\"dateModified\":\"2026-02-27T15:53:52+00:00\",\"breadcrumb\":{\"@id\":\"https:\\\/\\\/kinetic-corp.com\\\/training\\\/formacion\\\/safe-scrum-master\\\/#breadcrumb\"},\"inLanguage\":\"es\",\"potentialAction\":[{\"@type\":\"ReadAction\",\"target\":[\"https:\\\/\\\/kinetic-corp.com\\\/training\\\/formacion\\\/safe-scrum-master\\\/\"]}]},{\"@type\":\"ImageObject\",\"inLanguage\":\"es\",\"@id\":\"https:\\\/\\\/kinetic-corp.com\\\/training\\\/formacion\\\/safe-scrum-master\\\/#primaryimage\",\"url\":\"https:\\\/\\\/kinetic-corp.com\\\/training\\\/wp-content\\\/uploads\\\/2025\\\/07\\\/safe-agile.webp\",\"contentUrl\":\"https:\\\/\\\/kinetic-corp.com\\\/training\\\/wp-content\\\/uploads\\\/2025\\\/07\\\/safe-agile.webp\",\"width\":600,\"height\":400,\"caption\":\"SAFe\"},{\"@type\":\"BreadcrumbList\",\"@id\":\"https:\\\/\\\/kinetic-corp.com\\\/training\\\/formacion\\\/safe-scrum-master\\\/#breadcrumb\",\"itemListElement\":[{\"@type\":\"ListItem\",\"position\":1,\"name\":\"Inicio\",\"item\":\"https:\\\/\\\/kinetic-corp.com\\\/training\\\/\"},{\"@type\":\"ListItem\",\"position\":2,\"name\":\"Formaciones\",\"item\":\"https:\\\/\\\/kinetic-corp.com\\\/training\\\/formaciones\\\/\"},{\"@type\":\"ListItem\",\"position\":3,\"name\":\"Agilidad\",\"item\":\"https:\\\/\\\/kinetic-corp.com\\\/training\\\/categoria\\\/agilidad\\\/\"},{\"@type\":\"ListItem\",\"position\":4,\"name\":\"SAFe\u00ae Scrum Master\"}]},{\"@type\":\"WebSite\",\"@id\":\"https:\\\/\\\/kinetic-corp.com\\\/training\\\/#website\",\"url\":\"https:\\\/\\\/kinetic-corp.com\\\/training\\\/\",\"name\":\"Kinetic Training\",\"description\":\"Desarrolla tu talento\",\"publisher\":{\"@id\":\"https:\\\/\\\/kinetic-corp.com\\\/training\\\/#organization\"},\"potentialAction\":[{\"@type\":\"SearchAction\",\"target\":{\"@type\":\"EntryPoint\",\"urlTemplate\":\"https:\\\/\\\/kinetic-corp.com\\\/training\\\/?s={search_term_string}\"},\"query-input\":{\"@type\":\"PropertyValueSpecification\",\"valueRequired\":true,\"valueName\":\"search_term_string\"}}],\"inLanguage\":\"es\"},{\"@type\":\"Organization\",\"@id\":\"https:\\\/\\\/kinetic-corp.com\\\/training\\\/#organization\",\"name\":\"Kinetic Training\",\"url\":\"https:\\\/\\\/kinetic-corp.com\\\/training\\\/\",\"logo\":{\"@type\":\"ImageObject\",\"inLanguage\":\"es\",\"@id\":\"https:\\\/\\\/kinetic-corp.com\\\/training\\\/#\\\/schema\\\/logo\\\/image\\\/\",\"url\":\"https:\\\/\\\/kinetic-corp.com\\\/training\\\/wp-content\\\/uploads\\\/2024\\\/05\\\/kinetic-training-fw.svg\",\"contentUrl\":\"https:\\\/\\\/kinetic-corp.com\\\/training\\\/wp-content\\\/uploads\\\/2024\\\/05\\\/kinetic-training-fw.svg\",\"caption\":\"Kinetic Training\"},\"image\":{\"@id\":\"https:\\\/\\\/kinetic-corp.com\\\/training\\\/#\\\/schema\\\/logo\\\/image\\\/\"},\"sameAs\":[\"https:\\\/\\\/www.facebook.com\\\/kinetic.traininghub\",\"https:\\\/\\\/www.instagram.com\\\/kinetic.traininghub\\\/\",\"https:\\\/\\\/www.linkedin.com\\\/company\\\/kinetic-training\\\/\"]}]}<\/script>\n<!-- \/ Yoast SEO plugin. -->","yoast_head_json":{"title":"SAFe\u00ae Scrum Master - Kinetic Training","robots":{"index":"index","follow":"follow","max-snippet":"max-snippet:-1","max-image-preview":"max-image-preview:large","max-video-preview":"max-video-preview:-1"},"canonical":"https:\/\/kinetic-corp.com\/training\/formacion\/safe-scrum-master\/","og_locale":"es_ES","og_type":"article","og_title":"SAFe\u00ae Scrum Master - Kinetic Training","og_description":"Desarroll\u00e1 las habilidades necesarias para liderar equipos \u00e1giles en entornos empresariales escalados. Este programa te prepara para desempe\u00f1ar el rol de Scrum Master en contextos SAFe\u00ae, donde la coordinaci\u00f3n entre m\u00faltiples equipos y la entrega de valor a gran escala son clave.","og_url":"https:\/\/kinetic-corp.com\/training\/formacion\/safe-scrum-master\/","og_site_name":"Kinetic Training","article_publisher":"https:\/\/www.facebook.com\/kinetic.traininghub","article_modified_time":"2026-02-27T15:53:52+00:00","og_image":[{"width":600,"height":400,"url":"https:\/\/kinetic-corp.com\/training\/wp-content\/uploads\/2025\/07\/safe-agile.webp","type":"image\/webp"}],"twitter_card":"summary_large_image","twitter_misc":{"Tiempo de lectura":"1 minuto"},"schema":{"@context":"https:\/\/schema.org","@graph":[{"@type":"WebPage","@id":"https:\/\/kinetic-corp.com\/training\/formacion\/safe-scrum-master\/","url":"https:\/\/kinetic-corp.com\/training\/formacion\/safe-scrum-master\/","name":"SAFe\u00ae Scrum Master - Kinetic Training","isPartOf":{"@id":"https:\/\/kinetic-corp.com\/training\/#website"},"primaryImageOfPage":{"@id":"https:\/\/kinetic-corp.com\/training\/formacion\/safe-scrum-master\/#primaryimage"},"image":{"@id":"https:\/\/kinetic-corp.com\/training\/formacion\/safe-scrum-master\/#primaryimage"},"thumbnailUrl":"https:\/\/kinetic-corp.com\/training\/wp-content\/uploads\/2025\/07\/safe-agile.webp","datePublished":"2025-07-02T15:04:23+00:00","dateModified":"2026-02-27T15:53:52+00:00","breadcrumb":{"@id":"https:\/\/kinetic-corp.com\/training\/formacion\/safe-scrum-master\/#breadcrumb"},"inLanguage":"es","potentialAction":[{"@type":"ReadAction","target":["https:\/\/kinetic-corp.com\/training\/formacion\/safe-scrum-master\/"]}]},{"@type":"ImageObject","inLanguage":"es","@id":"https:\/\/kinetic-corp.com\/training\/formacion\/safe-scrum-master\/#primaryimage","url":"https:\/\/kinetic-corp.com\/training\/wp-content\/uploads\/2025\/07\/safe-agile.webp","contentUrl":"https:\/\/kinetic-corp.com\/training\/wp-content\/uploads\/2025\/07\/safe-agile.webp","width":600,"height":400,"caption":"SAFe"},{"@type":"BreadcrumbList","@id":"https:\/\/kinetic-corp.com\/training\/formacion\/safe-scrum-master\/#breadcrumb","itemListElement":[{"@type":"ListItem","position":1,"name":"Inicio","item":"https:\/\/kinetic-corp.com\/training\/"},{"@type":"ListItem","position":2,"name":"Formaciones","item":"https:\/\/kinetic-corp.com\/training\/formaciones\/"},{"@type":"ListItem","position":3,"name":"Agilidad","item":"https:\/\/kinetic-corp.com\/training\/categoria\/agilidad\/"},{"@type":"ListItem","position":4,"name":"SAFe\u00ae Scrum Master"}]},{"@type":"WebSite","@id":"https:\/\/kinetic-corp.com\/training\/#website","url":"https:\/\/kinetic-corp.com\/training\/","name":"Kinetic Training","description":"Desarrolla tu talento","publisher":{"@id":"https:\/\/kinetic-corp.com\/training\/#organization"},"potentialAction":[{"@type":"SearchAction","target":{"@type":"EntryPoint","urlTemplate":"https:\/\/kinetic-corp.com\/training\/?s={search_term_string}"},"query-input":{"@type":"PropertyValueSpecification","valueRequired":true,"valueName":"search_term_string"}}],"inLanguage":"es"},{"@type":"Organization","@id":"https:\/\/kinetic-corp.com\/training\/#organization","name":"Kinetic Training","url":"https:\/\/kinetic-corp.com\/training\/","logo":{"@type":"ImageObject","inLanguage":"es","@id":"https:\/\/kinetic-corp.com\/training\/#\/schema\/logo\/image\/","url":"https:\/\/kinetic-corp.com\/training\/wp-content\/uploads\/2024\/05\/kinetic-training-fw.svg","contentUrl":"https:\/\/kinetic-corp.com\/training\/wp-content\/uploads\/2024\/05\/kinetic-training-fw.svg","caption":"Kinetic Training"},"image":{"@id":"https:\/\/kinetic-corp.com\/training\/#\/schema\/logo\/image\/"},"sameAs":["https:\/\/www.facebook.com\/kinetic.traininghub","https:\/\/www.instagram.com\/kinetic.traininghub\/","https:\/\/www.linkedin.com\/company\/kinetic-training\/"]}]}},"_links":{"self":[{"href":"https:\/\/kinetic-corp.com\/training\/wp-json\/wp\/v2\/product\/11459","targetHints":{"allow":["GET"]}}],"collection":[{"href":"https:\/\/kinetic-corp.com\/training\/wp-json\/wp\/v2\/product"}],"about":[{"href":"https:\/\/kinetic-corp.com\/training\/wp-json\/wp\/v2\/types\/product"}],"wp:featuredmedia":[{"embeddable":true,"href":"https:\/\/kinetic-corp.com\/training\/wp-json\/wp\/v2\/media\/11460"}],"wp:attachment":[{"href":"https:\/\/kinetic-corp.com\/training\/wp-json\/wp\/v2\/media?parent=11459"}],"wp:term":[{"taxonomy":"modalidad","embeddable":true,"href":"https:\/\/kinetic-corp.com\/training\/wp-json\/wp\/v2\/modalidad?post=11459"},{"taxonomy":"product_brand","embeddable":true,"href":"https:\/\/kinetic-corp.com\/training\/wp-json\/wp\/v2\/product_brand?post=11459"},{"taxonomy":"product_cat","embeddable":true,"href":"https:\/\/kinetic-corp.com\/training\/wp-json\/wp\/v2\/product_cat?post=11459"},{"taxonomy":"product_tag","embeddable":true,"href":"https:\/\/kinetic-corp.com\/training\/wp-json\/wp\/v2\/product_tag?post=11459"}],"curies":[{"name":"wp","href":"https:\/\/api.w.org\/{rel}","templated":true}]}}