{"id":12211,"date":"2025-08-13T15:52:29","date_gmt":"2025-08-13T18:52:29","guid":{"rendered":"https:\/\/kinetic-corp.com\/training\/?post_type=product&#038;p=12211"},"modified":"2026-04-22T16:16:29","modified_gmt":"2026-04-22T19:16:29","slug":"ia-para-productos-digitales","status":"publish","type":"product","link":"https:\/\/kinetic-corp.com\/training\/formacion\/ia-para-productos-digitales\/","title":{"rendered":"IA para Productos Digitales"},"content":{"rendered":"<p>Este programa est\u00e1 dise\u00f1ado para profesionales que buscan integrar la inteligencia artificial de forma estrat\u00e9gica, \u00e9tica y creativa en su pr\u00e1ctica diaria.<\/p>\n<p>Vamos a explorar c\u00f3mo convivir con la IA en el desarrollo de productos digitales, sin perder el foco humano. Trabajaremos con herramientas reales, analizaremos casos concretos y descubriremos c\u00f3mo potenciar la creatividad con el alcance y la velocidad que ofrece la tecnolog\u00eda.<\/p>\n","protected":false},"excerpt":{"rendered":"<p>Este programa est\u00e1 dise\u00f1ado para profesionales que buscan integrar la inteligencia artificial de forma estrat\u00e9gica, \u00e9tica y creativa en su pr\u00e1ctica diaria. Vamos a explorar c\u00f3mo convivir con la IA en el desarrollo de productos digitales, sin perder el foco humano. Trabajaremos con herramientas reales, analizaremos casos concretos y descubriremos c\u00f3mo potenciar la creatividad con [&hellip;]<\/p>\n","protected":false},"featured_media":12219,"template":"","meta":{"_acf_changed":false},"modalidad":[39],"product_brand":[],"product_cat":[27,82],"product_tag":[],"class_list":{"0":"post-12211","1":"product","2":"type-product","3":"status-publish","4":"has-post-thumbnail","6":"modalidad-live-class","7":"product_cat-agilidad","8":"product_cat-producto","10":"first","11":"instock","12":"sale","13":"virtual","14":"sold-individually","15":"purchasable","16":"product-type-simple"},"acf":[],"yoast_head":"<!-- This site is optimized with the Yoast SEO plugin v27.4 - https:\/\/yoast.com\/product\/yoast-seo-wordpress\/ -->\n<title>IA para Productos Digitales - Kinetic Training<\/title>\n<meta name=\"description\" content=\"Aprend\u00e9 convivir con la IA en el desarrollo de productos digitales y c\u00f3mo potenciar la creatividad con el alcance y la velocidad que ofrece la tecnolog\u00eda.\" \/>\n<meta name=\"robots\" content=\"index, follow, max-snippet:-1, max-image-preview:large, max-video-preview:-1\" \/>\n<link rel=\"canonical\" href=\"https:\/\/kinetic-corp.com\/training\/formacion\/ia-para-productos-digitales\/\" \/>\n<meta property=\"og:locale\" content=\"es_ES\" \/>\n<meta property=\"og:type\" content=\"article\" \/>\n<meta property=\"og:title\" content=\"IA para Productos Digitales - Kinetic Training\" \/>\n<meta property=\"og:description\" content=\"Aprend\u00e9 convivir con la IA en el desarrollo de productos digitales y c\u00f3mo potenciar la creatividad con el alcance y la velocidad que ofrece la tecnolog\u00eda.\" \/>\n<meta property=\"og:url\" content=\"https:\/\/kinetic-corp.com\/training\/formacion\/ia-para-productos-digitales\/\" \/>\n<meta property=\"og:site_name\" content=\"Kinetic Training\" \/>\n<meta property=\"article:publisher\" content=\"https:\/\/www.facebook.com\/kinetic.traininghub\" \/>\n<meta property=\"article:modified_time\" content=\"2026-04-22T19:16:29+00:00\" \/>\n<meta property=\"og:image\" content=\"https:\/\/kinetic-corp.com\/training\/wp-content\/uploads\/2025\/08\/ia-producto.jpg\" \/>\n\t<meta property=\"og:image:width\" content=\"600\" \/>\n\t<meta property=\"og:image:height\" content=\"400\" \/>\n\t<meta property=\"og:image:type\" content=\"image\/jpeg\" \/>\n<meta name=\"twitter:card\" content=\"summary_large_image\" \/>\n<meta name=\"twitter:label1\" content=\"Tiempo de lectura\" \/>\n\t<meta name=\"twitter:data1\" content=\"1 minuto\" \/>\n<script type=\"application\/ld+json\" class=\"yoast-schema-graph\">{\"@context\":\"https:\\\/\\\/schema.org\",\"@graph\":[{\"@type\":\"WebPage\",\"@id\":\"https:\\\/\\\/kinetic-corp.com\\\/training\\\/formacion\\\/ia-para-productos-digitales\\\/\",\"url\":\"https:\\\/\\\/kinetic-corp.com\\\/training\\\/formacion\\\/ia-para-productos-digitales\\\/\",\"name\":\"IA para Productos Digitales - Kinetic Training\",\"isPartOf\":{\"@id\":\"https:\\\/\\\/kinetic-corp.com\\\/training\\\/#website\"},\"primaryImageOfPage\":{\"@id\":\"https:\\\/\\\/kinetic-corp.com\\\/training\\\/formacion\\\/ia-para-productos-digitales\\\/#primaryimage\"},\"image\":{\"@id\":\"https:\\\/\\\/kinetic-corp.com\\\/training\\\/formacion\\\/ia-para-productos-digitales\\\/#primaryimage\"},\"thumbnailUrl\":\"https:\\\/\\\/kinetic-corp.com\\\/training\\\/wp-content\\\/uploads\\\/2025\\\/08\\\/ia-producto.jpg\",\"datePublished\":\"2025-08-13T18:52:29+00:00\",\"dateModified\":\"2026-04-22T19:16:29+00:00\",\"description\":\"Aprend\u00e9 convivir con la IA en el desarrollo de productos digitales y c\u00f3mo potenciar la creatividad con el alcance y la velocidad que ofrece la tecnolog\u00eda.\",\"breadcrumb\":{\"@id\":\"https:\\\/\\\/kinetic-corp.com\\\/training\\\/formacion\\\/ia-para-productos-digitales\\\/#breadcrumb\"},\"inLanguage\":\"es\",\"potentialAction\":[{\"@type\":\"ReadAction\",\"target\":[\"https:\\\/\\\/kinetic-corp.com\\\/training\\\/formacion\\\/ia-para-productos-digitales\\\/\"]}]},{\"@type\":\"ImageObject\",\"inLanguage\":\"es\",\"@id\":\"https:\\\/\\\/kinetic-corp.com\\\/training\\\/formacion\\\/ia-para-productos-digitales\\\/#primaryimage\",\"url\":\"https:\\\/\\\/kinetic-corp.com\\\/training\\\/wp-content\\\/uploads\\\/2025\\\/08\\\/ia-producto.jpg\",\"contentUrl\":\"https:\\\/\\\/kinetic-corp.com\\\/training\\\/wp-content\\\/uploads\\\/2025\\\/08\\\/ia-producto.jpg\",\"width\":600,\"height\":400,\"caption\":\"ia-producto\"},{\"@type\":\"BreadcrumbList\",\"@id\":\"https:\\\/\\\/kinetic-corp.com\\\/training\\\/formacion\\\/ia-para-productos-digitales\\\/#breadcrumb\",\"itemListElement\":[{\"@type\":\"ListItem\",\"position\":1,\"name\":\"Inicio\",\"item\":\"https:\\\/\\\/kinetic-corp.com\\\/training\\\/\"},{\"@type\":\"ListItem\",\"position\":2,\"name\":\"Formaciones\",\"item\":\"https:\\\/\\\/kinetic-corp.com\\\/training\\\/formaciones\\\/\"},{\"@type\":\"ListItem\",\"position\":3,\"name\":\"Producto\",\"item\":\"https:\\\/\\\/kinetic-corp.com\\\/training\\\/categoria\\\/producto\\\/\"},{\"@type\":\"ListItem\",\"position\":4,\"name\":\"IA para Productos Digitales\"}]},{\"@type\":\"WebSite\",\"@id\":\"https:\\\/\\\/kinetic-corp.com\\\/training\\\/#website\",\"url\":\"https:\\\/\\\/kinetic-corp.com\\\/training\\\/\",\"name\":\"Kinetic Training\",\"description\":\"Desarrolla tu talento\",\"publisher\":{\"@id\":\"https:\\\/\\\/kinetic-corp.com\\\/training\\\/#organization\"},\"potentialAction\":[{\"@type\":\"SearchAction\",\"target\":{\"@type\":\"EntryPoint\",\"urlTemplate\":\"https:\\\/\\\/kinetic-corp.com\\\/training\\\/?s={search_term_string}\"},\"query-input\":{\"@type\":\"PropertyValueSpecification\",\"valueRequired\":true,\"valueName\":\"search_term_string\"}}],\"inLanguage\":\"es\"},{\"@type\":\"Organization\",\"@id\":\"https:\\\/\\\/kinetic-corp.com\\\/training\\\/#organization\",\"name\":\"Kinetic Training\",\"url\":\"https:\\\/\\\/kinetic-corp.com\\\/training\\\/\",\"logo\":{\"@type\":\"ImageObject\",\"inLanguage\":\"es\",\"@id\":\"https:\\\/\\\/kinetic-corp.com\\\/training\\\/#\\\/schema\\\/logo\\\/image\\\/\",\"url\":\"https:\\\/\\\/kinetic-corp.com\\\/training\\\/wp-content\\\/uploads\\\/2024\\\/05\\\/kinetic-training-fw.svg\",\"contentUrl\":\"https:\\\/\\\/kinetic-corp.com\\\/training\\\/wp-content\\\/uploads\\\/2024\\\/05\\\/kinetic-training-fw.svg\",\"caption\":\"Kinetic Training\"},\"image\":{\"@id\":\"https:\\\/\\\/kinetic-corp.com\\\/training\\\/#\\\/schema\\\/logo\\\/image\\\/\"},\"sameAs\":[\"https:\\\/\\\/www.facebook.com\\\/kinetic.traininghub\",\"https:\\\/\\\/www.instagram.com\\\/kinetic.traininghub\\\/\",\"https:\\\/\\\/www.linkedin.com\\\/company\\\/kinetic-training\\\/\"]}]}<\/script>\n<!-- \/ Yoast SEO plugin. -->","yoast_head_json":{"title":"IA para Productos Digitales - Kinetic Training","description":"Aprend\u00e9 convivir con la IA en el desarrollo de productos digitales y c\u00f3mo potenciar la creatividad con el alcance y la velocidad que ofrece la tecnolog\u00eda.","robots":{"index":"index","follow":"follow","max-snippet":"max-snippet:-1","max-image-preview":"max-image-preview:large","max-video-preview":"max-video-preview:-1"},"canonical":"https:\/\/kinetic-corp.com\/training\/formacion\/ia-para-productos-digitales\/","og_locale":"es_ES","og_type":"article","og_title":"IA para Productos Digitales - Kinetic Training","og_description":"Aprend\u00e9 convivir con la IA en el desarrollo de productos digitales y c\u00f3mo potenciar la creatividad con el alcance y la velocidad que ofrece la tecnolog\u00eda.","og_url":"https:\/\/kinetic-corp.com\/training\/formacion\/ia-para-productos-digitales\/","og_site_name":"Kinetic Training","article_publisher":"https:\/\/www.facebook.com\/kinetic.traininghub","article_modified_time":"2026-04-22T19:16:29+00:00","og_image":[{"width":600,"height":400,"url":"https:\/\/kinetic-corp.com\/training\/wp-content\/uploads\/2025\/08\/ia-producto.jpg","type":"image\/jpeg"}],"twitter_card":"summary_large_image","twitter_misc":{"Tiempo de lectura":"1 minuto"},"schema":{"@context":"https:\/\/schema.org","@graph":[{"@type":"WebPage","@id":"https:\/\/kinetic-corp.com\/training\/formacion\/ia-para-productos-digitales\/","url":"https:\/\/kinetic-corp.com\/training\/formacion\/ia-para-productos-digitales\/","name":"IA para Productos Digitales - Kinetic Training","isPartOf":{"@id":"https:\/\/kinetic-corp.com\/training\/#website"},"primaryImageOfPage":{"@id":"https:\/\/kinetic-corp.com\/training\/formacion\/ia-para-productos-digitales\/#primaryimage"},"image":{"@id":"https:\/\/kinetic-corp.com\/training\/formacion\/ia-para-productos-digitales\/#primaryimage"},"thumbnailUrl":"https:\/\/kinetic-corp.com\/training\/wp-content\/uploads\/2025\/08\/ia-producto.jpg","datePublished":"2025-08-13T18:52:29+00:00","dateModified":"2026-04-22T19:16:29+00:00","description":"Aprend\u00e9 convivir con la IA en el desarrollo de productos digitales y c\u00f3mo potenciar la creatividad con el alcance y la velocidad que ofrece la tecnolog\u00eda.","breadcrumb":{"@id":"https:\/\/kinetic-corp.com\/training\/formacion\/ia-para-productos-digitales\/#breadcrumb"},"inLanguage":"es","potentialAction":[{"@type":"ReadAction","target":["https:\/\/kinetic-corp.com\/training\/formacion\/ia-para-productos-digitales\/"]}]},{"@type":"ImageObject","inLanguage":"es","@id":"https:\/\/kinetic-corp.com\/training\/formacion\/ia-para-productos-digitales\/#primaryimage","url":"https:\/\/kinetic-corp.com\/training\/wp-content\/uploads\/2025\/08\/ia-producto.jpg","contentUrl":"https:\/\/kinetic-corp.com\/training\/wp-content\/uploads\/2025\/08\/ia-producto.jpg","width":600,"height":400,"caption":"ia-producto"},{"@type":"BreadcrumbList","@id":"https:\/\/kinetic-corp.com\/training\/formacion\/ia-para-productos-digitales\/#breadcrumb","itemListElement":[{"@type":"ListItem","position":1,"name":"Inicio","item":"https:\/\/kinetic-corp.com\/training\/"},{"@type":"ListItem","position":2,"name":"Formaciones","item":"https:\/\/kinetic-corp.com\/training\/formaciones\/"},{"@type":"ListItem","position":3,"name":"Producto","item":"https:\/\/kinetic-corp.com\/training\/categoria\/producto\/"},{"@type":"ListItem","position":4,"name":"IA para Productos Digitales"}]},{"@type":"WebSite","@id":"https:\/\/kinetic-corp.com\/training\/#website","url":"https:\/\/kinetic-corp.com\/training\/","name":"Kinetic Training","description":"Desarrolla tu talento","publisher":{"@id":"https:\/\/kinetic-corp.com\/training\/#organization"},"potentialAction":[{"@type":"SearchAction","target":{"@type":"EntryPoint","urlTemplate":"https:\/\/kinetic-corp.com\/training\/?s={search_term_string}"},"query-input":{"@type":"PropertyValueSpecification","valueRequired":true,"valueName":"search_term_string"}}],"inLanguage":"es"},{"@type":"Organization","@id":"https:\/\/kinetic-corp.com\/training\/#organization","name":"Kinetic Training","url":"https:\/\/kinetic-corp.com\/training\/","logo":{"@type":"ImageObject","inLanguage":"es","@id":"https:\/\/kinetic-corp.com\/training\/#\/schema\/logo\/image\/","url":"https:\/\/kinetic-corp.com\/training\/wp-content\/uploads\/2024\/05\/kinetic-training-fw.svg","contentUrl":"https:\/\/kinetic-corp.com\/training\/wp-content\/uploads\/2024\/05\/kinetic-training-fw.svg","caption":"Kinetic Training"},"image":{"@id":"https:\/\/kinetic-corp.com\/training\/#\/schema\/logo\/image\/"},"sameAs":["https:\/\/www.facebook.com\/kinetic.traininghub","https:\/\/www.instagram.com\/kinetic.traininghub\/","https:\/\/www.linkedin.com\/company\/kinetic-training\/"]}]}},"_links":{"self":[{"href":"https:\/\/kinetic-corp.com\/training\/wp-json\/wp\/v2\/product\/12211","targetHints":{"allow":["GET"]}}],"collection":[{"href":"https:\/\/kinetic-corp.com\/training\/wp-json\/wp\/v2\/product"}],"about":[{"href":"https:\/\/kinetic-corp.com\/training\/wp-json\/wp\/v2\/types\/product"}],"wp:featuredmedia":[{"embeddable":true,"href":"https:\/\/kinetic-corp.com\/training\/wp-json\/wp\/v2\/media\/12219"}],"wp:attachment":[{"href":"https:\/\/kinetic-corp.com\/training\/wp-json\/wp\/v2\/media?parent=12211"}],"wp:term":[{"taxonomy":"modalidad","embeddable":true,"href":"https:\/\/kinetic-corp.com\/training\/wp-json\/wp\/v2\/modalidad?post=12211"},{"taxonomy":"product_brand","embeddable":true,"href":"https:\/\/kinetic-corp.com\/training\/wp-json\/wp\/v2\/product_brand?post=12211"},{"taxonomy":"product_cat","embeddable":true,"href":"https:\/\/kinetic-corp.com\/training\/wp-json\/wp\/v2\/product_cat?post=12211"},{"taxonomy":"product_tag","embeddable":true,"href":"https:\/\/kinetic-corp.com\/training\/wp-json\/wp\/v2\/product_tag?post=12211"}],"curies":[{"name":"wp","href":"https:\/\/api.w.org\/{rel}","templated":true}]}}