{"id":13544,"date":"2026-02-24T16:36:23","date_gmt":"2026-02-24T19:36:23","guid":{"rendered":"https:\/\/kinetic-corp.com\/training\/?post_type=product&#038;p=13544"},"modified":"2026-03-11T14:25:55","modified_gmt":"2026-03-11T17:25:55","slug":"geo-gem","status":"publish","type":"product","link":"https:\/\/kinetic-corp.com\/training\/formacion\/geo-gem\/","title":{"rendered":"GEO &amp; GEM"},"content":{"rendered":"<p>Este programa es una capacitaci\u00f3n profesional de nivel avanzado que desglosa la evoluci\u00f3n te\u00f3rica, la implementaci\u00f3n t\u00e9cnica y las estrategias org\u00e1nicas y de pago para Google, Bing y Meta en la nueva era generativa. Aborda el cambio de paradigma de la recuperaci\u00f3n de documentos (Search) a la s\u00edntesis de respuestas (Answer), ense\u00f1ando c\u00f3mo optimizar la visibilidad org\u00e1nica (GEO) y las estrategias de pauta (GEM) para que el contenido sea ingerido, comprendido y citado por los LLMs.<\/p>\n","protected":false},"excerpt":{"rendered":"<p>Este programa es una capacitaci\u00f3n profesional de nivel avanzado que desglosa la evoluci\u00f3n te\u00f3rica, la implementaci\u00f3n t\u00e9cnica y las estrategias org\u00e1nicas y de pago para Google, Bing y Meta en la nueva era generativa. Aborda el cambio de paradigma de la recuperaci\u00f3n de documentos (Search) a la s\u00edntesis de respuestas (Answer), ense\u00f1ando c\u00f3mo optimizar la [&hellip;]<\/p>\n","protected":false},"featured_media":13545,"template":"","meta":{"_acf_changed":false},"modalidad":[39],"product_brand":[],"product_cat":[26],"product_tag":[],"class_list":{"0":"post-13544","1":"product","2":"type-product","3":"status-publish","4":"has-post-thumbnail","6":"modalidad-live-class","7":"product_cat-tecnologias-digitales","9":"first","10":"instock","11":"sale","12":"virtual","13":"sold-individually","14":"purchasable","15":"product-type-simple"},"acf":[],"yoast_head":"<!-- This site is optimized with the Yoast SEO plugin v27.3 - https:\/\/yoast.com\/product\/yoast-seo-wordpress\/ -->\n<title>GEO &amp; GEM - Kinetic Training<\/title>\n<meta name=\"robots\" content=\"index, follow, max-snippet:-1, max-image-preview:large, max-video-preview:-1\" \/>\n<link rel=\"canonical\" href=\"https:\/\/kinetic-corp.com\/training\/formacion\/geo-gem\/\" \/>\n<meta property=\"og:locale\" content=\"es_ES\" \/>\n<meta property=\"og:type\" content=\"article\" \/>\n<meta property=\"og:title\" content=\"GEO &amp; GEM - Kinetic Training\" \/>\n<meta property=\"og:description\" content=\"Este programa es una capacitaci\u00f3n profesional de nivel avanzado que desglosa la evoluci\u00f3n te\u00f3rica, la implementaci\u00f3n t\u00e9cnica y las estrategias org\u00e1nicas y de pago para Google, Bing y Meta en la nueva era generativa. Aborda el cambio de paradigma de la recuperaci\u00f3n de documentos (Search) a la s\u00edntesis de respuestas (Answer), ense\u00f1ando c\u00f3mo optimizar la [&hellip;]\" \/>\n<meta property=\"og:url\" content=\"https:\/\/kinetic-corp.com\/training\/formacion\/geo-gem\/\" \/>\n<meta property=\"og:site_name\" content=\"Kinetic Training\" \/>\n<meta property=\"article:publisher\" content=\"https:\/\/www.facebook.com\/kinetic.traininghub\" \/>\n<meta property=\"article:modified_time\" content=\"2026-03-11T17:25:55+00:00\" \/>\n<meta property=\"og:image\" content=\"https:\/\/kinetic-corp.com\/training\/wp-content\/uploads\/2026\/02\/geo-gem.jpg\" \/>\n\t<meta property=\"og:image:width\" content=\"695\" \/>\n\t<meta property=\"og:image:height\" content=\"463\" \/>\n\t<meta property=\"og:image:type\" content=\"image\/jpeg\" \/>\n<meta name=\"twitter:card\" content=\"summary_large_image\" \/>\n<meta name=\"twitter:label1\" content=\"Tiempo de lectura\" \/>\n\t<meta name=\"twitter:data1\" content=\"1 minuto\" \/>\n<script type=\"application\/ld+json\" class=\"yoast-schema-graph\">{\"@context\":\"https:\\\/\\\/schema.org\",\"@graph\":[{\"@type\":\"WebPage\",\"@id\":\"https:\\\/\\\/kinetic-corp.com\\\/training\\\/formacion\\\/geo-gem\\\/\",\"url\":\"https:\\\/\\\/kinetic-corp.com\\\/training\\\/formacion\\\/geo-gem\\\/\",\"name\":\"GEO &amp; GEM - Kinetic Training\",\"isPartOf\":{\"@id\":\"https:\\\/\\\/kinetic-corp.com\\\/training\\\/#website\"},\"primaryImageOfPage\":{\"@id\":\"https:\\\/\\\/kinetic-corp.com\\\/training\\\/formacion\\\/geo-gem\\\/#primaryimage\"},\"image\":{\"@id\":\"https:\\\/\\\/kinetic-corp.com\\\/training\\\/formacion\\\/geo-gem\\\/#primaryimage\"},\"thumbnailUrl\":\"https:\\\/\\\/kinetic-corp.com\\\/training\\\/wp-content\\\/uploads\\\/2026\\\/02\\\/geo-gem.jpg\",\"datePublished\":\"2026-02-24T19:36:23+00:00\",\"dateModified\":\"2026-03-11T17:25:55+00:00\",\"breadcrumb\":{\"@id\":\"https:\\\/\\\/kinetic-corp.com\\\/training\\\/formacion\\\/geo-gem\\\/#breadcrumb\"},\"inLanguage\":\"es\",\"potentialAction\":[{\"@type\":\"ReadAction\",\"target\":[\"https:\\\/\\\/kinetic-corp.com\\\/training\\\/formacion\\\/geo-gem\\\/\"]}]},{\"@type\":\"ImageObject\",\"inLanguage\":\"es\",\"@id\":\"https:\\\/\\\/kinetic-corp.com\\\/training\\\/formacion\\\/geo-gem\\\/#primaryimage\",\"url\":\"https:\\\/\\\/kinetic-corp.com\\\/training\\\/wp-content\\\/uploads\\\/2026\\\/02\\\/geo-gem.jpg\",\"contentUrl\":\"https:\\\/\\\/kinetic-corp.com\\\/training\\\/wp-content\\\/uploads\\\/2026\\\/02\\\/geo-gem.jpg\",\"width\":695,\"height\":463},{\"@type\":\"BreadcrumbList\",\"@id\":\"https:\\\/\\\/kinetic-corp.com\\\/training\\\/formacion\\\/geo-gem\\\/#breadcrumb\",\"itemListElement\":[{\"@type\":\"ListItem\",\"position\":1,\"name\":\"Inicio\",\"item\":\"https:\\\/\\\/kinetic-corp.com\\\/training\\\/\"},{\"@type\":\"ListItem\",\"position\":2,\"name\":\"Formaciones\",\"item\":\"https:\\\/\\\/kinetic-corp.com\\\/training\\\/formaciones\\\/\"},{\"@type\":\"ListItem\",\"position\":3,\"name\":\"IA &amp; Tecnolog\u00edas Digitales\",\"item\":\"https:\\\/\\\/kinetic-corp.com\\\/training\\\/categoria\\\/tecnologias-digitales\\\/\"},{\"@type\":\"ListItem\",\"position\":4,\"name\":\"GEO &amp; GEM\"}]},{\"@type\":\"WebSite\",\"@id\":\"https:\\\/\\\/kinetic-corp.com\\\/training\\\/#website\",\"url\":\"https:\\\/\\\/kinetic-corp.com\\\/training\\\/\",\"name\":\"Kinetic Training\",\"description\":\"Desarrolla tu talento\",\"publisher\":{\"@id\":\"https:\\\/\\\/kinetic-corp.com\\\/training\\\/#organization\"},\"potentialAction\":[{\"@type\":\"SearchAction\",\"target\":{\"@type\":\"EntryPoint\",\"urlTemplate\":\"https:\\\/\\\/kinetic-corp.com\\\/training\\\/?s={search_term_string}\"},\"query-input\":{\"@type\":\"PropertyValueSpecification\",\"valueRequired\":true,\"valueName\":\"search_term_string\"}}],\"inLanguage\":\"es\"},{\"@type\":\"Organization\",\"@id\":\"https:\\\/\\\/kinetic-corp.com\\\/training\\\/#organization\",\"name\":\"Kinetic Training\",\"url\":\"https:\\\/\\\/kinetic-corp.com\\\/training\\\/\",\"logo\":{\"@type\":\"ImageObject\",\"inLanguage\":\"es\",\"@id\":\"https:\\\/\\\/kinetic-corp.com\\\/training\\\/#\\\/schema\\\/logo\\\/image\\\/\",\"url\":\"https:\\\/\\\/kinetic-corp.com\\\/training\\\/wp-content\\\/uploads\\\/2024\\\/05\\\/kinetic-training-fw.svg\",\"contentUrl\":\"https:\\\/\\\/kinetic-corp.com\\\/training\\\/wp-content\\\/uploads\\\/2024\\\/05\\\/kinetic-training-fw.svg\",\"caption\":\"Kinetic Training\"},\"image\":{\"@id\":\"https:\\\/\\\/kinetic-corp.com\\\/training\\\/#\\\/schema\\\/logo\\\/image\\\/\"},\"sameAs\":[\"https:\\\/\\\/www.facebook.com\\\/kinetic.traininghub\",\"https:\\\/\\\/www.instagram.com\\\/kinetic.traininghub\\\/\",\"https:\\\/\\\/www.linkedin.com\\\/company\\\/kinetic-training\\\/\"]}]}<\/script>\n<!-- \/ Yoast SEO plugin. -->","yoast_head_json":{"title":"GEO &amp; GEM - Kinetic Training","robots":{"index":"index","follow":"follow","max-snippet":"max-snippet:-1","max-image-preview":"max-image-preview:large","max-video-preview":"max-video-preview:-1"},"canonical":"https:\/\/kinetic-corp.com\/training\/formacion\/geo-gem\/","og_locale":"es_ES","og_type":"article","og_title":"GEO &amp; GEM - Kinetic Training","og_description":"Este programa es una capacitaci\u00f3n profesional de nivel avanzado que desglosa la evoluci\u00f3n te\u00f3rica, la implementaci\u00f3n t\u00e9cnica y las estrategias org\u00e1nicas y de pago para Google, Bing y Meta en la nueva era generativa. Aborda el cambio de paradigma de la recuperaci\u00f3n de documentos (Search) a la s\u00edntesis de respuestas (Answer), ense\u00f1ando c\u00f3mo optimizar la [&hellip;]","og_url":"https:\/\/kinetic-corp.com\/training\/formacion\/geo-gem\/","og_site_name":"Kinetic Training","article_publisher":"https:\/\/www.facebook.com\/kinetic.traininghub","article_modified_time":"2026-03-11T17:25:55+00:00","og_image":[{"width":695,"height":463,"url":"https:\/\/kinetic-corp.com\/training\/wp-content\/uploads\/2026\/02\/geo-gem.jpg","type":"image\/jpeg"}],"twitter_card":"summary_large_image","twitter_misc":{"Tiempo de lectura":"1 minuto"},"schema":{"@context":"https:\/\/schema.org","@graph":[{"@type":"WebPage","@id":"https:\/\/kinetic-corp.com\/training\/formacion\/geo-gem\/","url":"https:\/\/kinetic-corp.com\/training\/formacion\/geo-gem\/","name":"GEO &amp; GEM - Kinetic Training","isPartOf":{"@id":"https:\/\/kinetic-corp.com\/training\/#website"},"primaryImageOfPage":{"@id":"https:\/\/kinetic-corp.com\/training\/formacion\/geo-gem\/#primaryimage"},"image":{"@id":"https:\/\/kinetic-corp.com\/training\/formacion\/geo-gem\/#primaryimage"},"thumbnailUrl":"https:\/\/kinetic-corp.com\/training\/wp-content\/uploads\/2026\/02\/geo-gem.jpg","datePublished":"2026-02-24T19:36:23+00:00","dateModified":"2026-03-11T17:25:55+00:00","breadcrumb":{"@id":"https:\/\/kinetic-corp.com\/training\/formacion\/geo-gem\/#breadcrumb"},"inLanguage":"es","potentialAction":[{"@type":"ReadAction","target":["https:\/\/kinetic-corp.com\/training\/formacion\/geo-gem\/"]}]},{"@type":"ImageObject","inLanguage":"es","@id":"https:\/\/kinetic-corp.com\/training\/formacion\/geo-gem\/#primaryimage","url":"https:\/\/kinetic-corp.com\/training\/wp-content\/uploads\/2026\/02\/geo-gem.jpg","contentUrl":"https:\/\/kinetic-corp.com\/training\/wp-content\/uploads\/2026\/02\/geo-gem.jpg","width":695,"height":463},{"@type":"BreadcrumbList","@id":"https:\/\/kinetic-corp.com\/training\/formacion\/geo-gem\/#breadcrumb","itemListElement":[{"@type":"ListItem","position":1,"name":"Inicio","item":"https:\/\/kinetic-corp.com\/training\/"},{"@type":"ListItem","position":2,"name":"Formaciones","item":"https:\/\/kinetic-corp.com\/training\/formaciones\/"},{"@type":"ListItem","position":3,"name":"IA &amp; Tecnolog\u00edas Digitales","item":"https:\/\/kinetic-corp.com\/training\/categoria\/tecnologias-digitales\/"},{"@type":"ListItem","position":4,"name":"GEO &amp; GEM"}]},{"@type":"WebSite","@id":"https:\/\/kinetic-corp.com\/training\/#website","url":"https:\/\/kinetic-corp.com\/training\/","name":"Kinetic Training","description":"Desarrolla tu talento","publisher":{"@id":"https:\/\/kinetic-corp.com\/training\/#organization"},"potentialAction":[{"@type":"SearchAction","target":{"@type":"EntryPoint","urlTemplate":"https:\/\/kinetic-corp.com\/training\/?s={search_term_string}"},"query-input":{"@type":"PropertyValueSpecification","valueRequired":true,"valueName":"search_term_string"}}],"inLanguage":"es"},{"@type":"Organization","@id":"https:\/\/kinetic-corp.com\/training\/#organization","name":"Kinetic Training","url":"https:\/\/kinetic-corp.com\/training\/","logo":{"@type":"ImageObject","inLanguage":"es","@id":"https:\/\/kinetic-corp.com\/training\/#\/schema\/logo\/image\/","url":"https:\/\/kinetic-corp.com\/training\/wp-content\/uploads\/2024\/05\/kinetic-training-fw.svg","contentUrl":"https:\/\/kinetic-corp.com\/training\/wp-content\/uploads\/2024\/05\/kinetic-training-fw.svg","caption":"Kinetic Training"},"image":{"@id":"https:\/\/kinetic-corp.com\/training\/#\/schema\/logo\/image\/"},"sameAs":["https:\/\/www.facebook.com\/kinetic.traininghub","https:\/\/www.instagram.com\/kinetic.traininghub\/","https:\/\/www.linkedin.com\/company\/kinetic-training\/"]}]}},"_links":{"self":[{"href":"https:\/\/kinetic-corp.com\/training\/wp-json\/wp\/v2\/product\/13544","targetHints":{"allow":["GET"]}}],"collection":[{"href":"https:\/\/kinetic-corp.com\/training\/wp-json\/wp\/v2\/product"}],"about":[{"href":"https:\/\/kinetic-corp.com\/training\/wp-json\/wp\/v2\/types\/product"}],"wp:featuredmedia":[{"embeddable":true,"href":"https:\/\/kinetic-corp.com\/training\/wp-json\/wp\/v2\/media\/13545"}],"wp:attachment":[{"href":"https:\/\/kinetic-corp.com\/training\/wp-json\/wp\/v2\/media?parent=13544"}],"wp:term":[{"taxonomy":"modalidad","embeddable":true,"href":"https:\/\/kinetic-corp.com\/training\/wp-json\/wp\/v2\/modalidad?post=13544"},{"taxonomy":"product_brand","embeddable":true,"href":"https:\/\/kinetic-corp.com\/training\/wp-json\/wp\/v2\/product_brand?post=13544"},{"taxonomy":"product_cat","embeddable":true,"href":"https:\/\/kinetic-corp.com\/training\/wp-json\/wp\/v2\/product_cat?post=13544"},{"taxonomy":"product_tag","embeddable":true,"href":"https:\/\/kinetic-corp.com\/training\/wp-json\/wp\/v2\/product_tag?post=13544"}],"curies":[{"name":"wp","href":"https:\/\/api.w.org\/{rel}","templated":true}]}}