{"id":13594,"date":"2026-03-04T15:31:53","date_gmt":"2026-03-04T18:31:53","guid":{"rendered":"https:\/\/kinetic-corp.com\/training\/?post_type=product&#038;p=13594"},"modified":"2026-03-06T14:49:07","modified_gmt":"2026-03-06T17:49:07","slug":"agilidad-360","status":"publish","type":"product","link":"https:\/\/kinetic-corp.com\/training\/formacion\/agilidad-360\/","title":{"rendered":"Agilidad 360"},"content":{"rendered":"<p>Lanzamiento de la formaci\u00f3n: <strong>05 de mayo del 2026<\/strong><\/p>\n<p><span style=\"font-weight: 400\">En este programa <\/span><span style=\"font-weight: 400\">desarrollar\u00e1s la capacidad de implementar pr\u00e1cticas \u00e1giles y liderar equipos en entornos din\u00e1micos, integrando mentalidad, herramientas y conversaciones que permitan mejorar la planificaci\u00f3n, priorizaci\u00f3n y entrega de valor.<\/span><\/p>\n<p>Incluye <strong>3 horas de clases sincr\u00f3nicas virtuales en vivo<\/strong>.<br \/>\nLos encuentros sincr\u00f3nicos de esta formaci\u00f3n se realizar\u00e1n en el <strong>horario de las 18:30 a 19:30, hora Argentina<\/strong>.<\/p>\n","protected":false},"excerpt":{"rendered":"<p>Lanzamiento de la formaci\u00f3n: 05 de mayo del 2026 En este programa desarrollar\u00e1s la capacidad de implementar pr\u00e1cticas \u00e1giles y liderar equipos en entornos din\u00e1micos, integrando mentalidad, herramientas y conversaciones que permitan mejorar la planificaci\u00f3n, priorizaci\u00f3n y entrega de valor. Incluye 3 horas de clases sincr\u00f3nicas virtuales en vivo. Los encuentros sincr\u00f3nicos de esta formaci\u00f3n [&hellip;]<\/p>\n","protected":false},"featured_media":13595,"template":"","meta":{"_acf_changed":false},"modalidad":[48],"product_brand":[],"product_cat":[27],"product_tag":[],"class_list":{"0":"post-13594","1":"product","2":"type-product","3":"status-publish","4":"has-post-thumbnail","6":"modalidad-blend","7":"product_cat-agilidad","9":"first","10":"instock","11":"sale","12":"virtual","13":"sold-individually","14":"purchasable","15":"product-type-simple"},"acf":[],"yoast_head":"<!-- This site is optimized with the Yoast SEO plugin v27.4 - https:\/\/yoast.com\/product\/yoast-seo-wordpress\/ -->\n<title>Agilidad 360 - Kinetic Training<\/title>\n<meta name=\"robots\" content=\"index, follow, max-snippet:-1, max-image-preview:large, max-video-preview:-1\" \/>\n<link rel=\"canonical\" href=\"https:\/\/kinetic-corp.com\/training\/formacion\/agilidad-360\/\" \/>\n<meta property=\"og:locale\" content=\"es_ES\" \/>\n<meta property=\"og:type\" content=\"article\" \/>\n<meta property=\"og:title\" content=\"Agilidad 360 - Kinetic Training\" \/>\n<meta property=\"og:description\" content=\"Lanzamiento de la formaci\u00f3n: 05 de mayo del 2026 En este programa desarrollar\u00e1s la capacidad de implementar pr\u00e1cticas \u00e1giles y liderar equipos en entornos din\u00e1micos, integrando mentalidad, herramientas y conversaciones que permitan mejorar la planificaci\u00f3n, priorizaci\u00f3n y entrega de valor. Incluye 3 horas de clases sincr\u00f3nicas virtuales en vivo. Los encuentros sincr\u00f3nicos de esta formaci\u00f3n [&hellip;]\" \/>\n<meta property=\"og:url\" content=\"https:\/\/kinetic-corp.com\/training\/formacion\/agilidad-360\/\" \/>\n<meta property=\"og:site_name\" content=\"Kinetic Training\" \/>\n<meta property=\"article:publisher\" content=\"https:\/\/www.facebook.com\/kinetic.traininghub\" \/>\n<meta property=\"article:modified_time\" content=\"2026-03-06T17:49:07+00:00\" \/>\n<meta property=\"og:image\" content=\"https:\/\/kinetic-corp.com\/training\/wp-content\/uploads\/2026\/03\/imagen-agile.jpg\" \/>\n\t<meta property=\"og:image:width\" content=\"1243\" \/>\n\t<meta property=\"og:image:height\" content=\"746\" \/>\n\t<meta property=\"og:image:type\" content=\"image\/jpeg\" \/>\n<meta name=\"twitter:card\" content=\"summary_large_image\" \/>\n<meta name=\"twitter:label1\" content=\"Tiempo de lectura\" \/>\n\t<meta name=\"twitter:data1\" content=\"1 minuto\" \/>\n<script type=\"application\/ld+json\" class=\"yoast-schema-graph\">{\"@context\":\"https:\\\/\\\/schema.org\",\"@graph\":[{\"@type\":\"WebPage\",\"@id\":\"https:\\\/\\\/kinetic-corp.com\\\/training\\\/formacion\\\/agilidad-360\\\/\",\"url\":\"https:\\\/\\\/kinetic-corp.com\\\/training\\\/formacion\\\/agilidad-360\\\/\",\"name\":\"Agilidad 360 - Kinetic Training\",\"isPartOf\":{\"@id\":\"https:\\\/\\\/kinetic-corp.com\\\/training\\\/#website\"},\"primaryImageOfPage\":{\"@id\":\"https:\\\/\\\/kinetic-corp.com\\\/training\\\/formacion\\\/agilidad-360\\\/#primaryimage\"},\"image\":{\"@id\":\"https:\\\/\\\/kinetic-corp.com\\\/training\\\/formacion\\\/agilidad-360\\\/#primaryimage\"},\"thumbnailUrl\":\"https:\\\/\\\/kinetic-corp.com\\\/training\\\/wp-content\\\/uploads\\\/2026\\\/03\\\/imagen-agile.jpg\",\"datePublished\":\"2026-03-04T18:31:53+00:00\",\"dateModified\":\"2026-03-06T17:49:07+00:00\",\"breadcrumb\":{\"@id\":\"https:\\\/\\\/kinetic-corp.com\\\/training\\\/formacion\\\/agilidad-360\\\/#breadcrumb\"},\"inLanguage\":\"es\",\"potentialAction\":[{\"@type\":\"ReadAction\",\"target\":[\"https:\\\/\\\/kinetic-corp.com\\\/training\\\/formacion\\\/agilidad-360\\\/\"]}]},{\"@type\":\"ImageObject\",\"inLanguage\":\"es\",\"@id\":\"https:\\\/\\\/kinetic-corp.com\\\/training\\\/formacion\\\/agilidad-360\\\/#primaryimage\",\"url\":\"https:\\\/\\\/kinetic-corp.com\\\/training\\\/wp-content\\\/uploads\\\/2026\\\/03\\\/imagen-agile.jpg\",\"contentUrl\":\"https:\\\/\\\/kinetic-corp.com\\\/training\\\/wp-content\\\/uploads\\\/2026\\\/03\\\/imagen-agile.jpg\",\"width\":1243,\"height\":746},{\"@type\":\"BreadcrumbList\",\"@id\":\"https:\\\/\\\/kinetic-corp.com\\\/training\\\/formacion\\\/agilidad-360\\\/#breadcrumb\",\"itemListElement\":[{\"@type\":\"ListItem\",\"position\":1,\"name\":\"Inicio\",\"item\":\"https:\\\/\\\/kinetic-corp.com\\\/training\\\/\"},{\"@type\":\"ListItem\",\"position\":2,\"name\":\"Formaciones\",\"item\":\"https:\\\/\\\/kinetic-corp.com\\\/training\\\/formaciones\\\/\"},{\"@type\":\"ListItem\",\"position\":3,\"name\":\"Agilidad\",\"item\":\"https:\\\/\\\/kinetic-corp.com\\\/training\\\/categoria\\\/agilidad\\\/\"},{\"@type\":\"ListItem\",\"position\":4,\"name\":\"Agilidad 360\"}]},{\"@type\":\"WebSite\",\"@id\":\"https:\\\/\\\/kinetic-corp.com\\\/training\\\/#website\",\"url\":\"https:\\\/\\\/kinetic-corp.com\\\/training\\\/\",\"name\":\"Kinetic Training\",\"description\":\"Desarrolla tu talento\",\"publisher\":{\"@id\":\"https:\\\/\\\/kinetic-corp.com\\\/training\\\/#organization\"},\"potentialAction\":[{\"@type\":\"SearchAction\",\"target\":{\"@type\":\"EntryPoint\",\"urlTemplate\":\"https:\\\/\\\/kinetic-corp.com\\\/training\\\/?s={search_term_string}\"},\"query-input\":{\"@type\":\"PropertyValueSpecification\",\"valueRequired\":true,\"valueName\":\"search_term_string\"}}],\"inLanguage\":\"es\"},{\"@type\":\"Organization\",\"@id\":\"https:\\\/\\\/kinetic-corp.com\\\/training\\\/#organization\",\"name\":\"Kinetic Training\",\"url\":\"https:\\\/\\\/kinetic-corp.com\\\/training\\\/\",\"logo\":{\"@type\":\"ImageObject\",\"inLanguage\":\"es\",\"@id\":\"https:\\\/\\\/kinetic-corp.com\\\/training\\\/#\\\/schema\\\/logo\\\/image\\\/\",\"url\":\"https:\\\/\\\/kinetic-corp.com\\\/training\\\/wp-content\\\/uploads\\\/2024\\\/05\\\/kinetic-training-fw.svg\",\"contentUrl\":\"https:\\\/\\\/kinetic-corp.com\\\/training\\\/wp-content\\\/uploads\\\/2024\\\/05\\\/kinetic-training-fw.svg\",\"caption\":\"Kinetic Training\"},\"image\":{\"@id\":\"https:\\\/\\\/kinetic-corp.com\\\/training\\\/#\\\/schema\\\/logo\\\/image\\\/\"},\"sameAs\":[\"https:\\\/\\\/www.facebook.com\\\/kinetic.traininghub\",\"https:\\\/\\\/www.instagram.com\\\/kinetic.traininghub\\\/\",\"https:\\\/\\\/www.linkedin.com\\\/company\\\/kinetic-training\\\/\"]}]}<\/script>\n<!-- \/ Yoast SEO plugin. -->","yoast_head_json":{"title":"Agilidad 360 - Kinetic Training","robots":{"index":"index","follow":"follow","max-snippet":"max-snippet:-1","max-image-preview":"max-image-preview:large","max-video-preview":"max-video-preview:-1"},"canonical":"https:\/\/kinetic-corp.com\/training\/formacion\/agilidad-360\/","og_locale":"es_ES","og_type":"article","og_title":"Agilidad 360 - Kinetic Training","og_description":"Lanzamiento de la formaci\u00f3n: 05 de mayo del 2026 En este programa desarrollar\u00e1s la capacidad de implementar pr\u00e1cticas \u00e1giles y liderar equipos en entornos din\u00e1micos, integrando mentalidad, herramientas y conversaciones que permitan mejorar la planificaci\u00f3n, priorizaci\u00f3n y entrega de valor. Incluye 3 horas de clases sincr\u00f3nicas virtuales en vivo. Los encuentros sincr\u00f3nicos de esta formaci\u00f3n [&hellip;]","og_url":"https:\/\/kinetic-corp.com\/training\/formacion\/agilidad-360\/","og_site_name":"Kinetic Training","article_publisher":"https:\/\/www.facebook.com\/kinetic.traininghub","article_modified_time":"2026-03-06T17:49:07+00:00","og_image":[{"width":1243,"height":746,"url":"https:\/\/kinetic-corp.com\/training\/wp-content\/uploads\/2026\/03\/imagen-agile.jpg","type":"image\/jpeg"}],"twitter_card":"summary_large_image","twitter_misc":{"Tiempo de lectura":"1 minuto"},"schema":{"@context":"https:\/\/schema.org","@graph":[{"@type":"WebPage","@id":"https:\/\/kinetic-corp.com\/training\/formacion\/agilidad-360\/","url":"https:\/\/kinetic-corp.com\/training\/formacion\/agilidad-360\/","name":"Agilidad 360 - Kinetic Training","isPartOf":{"@id":"https:\/\/kinetic-corp.com\/training\/#website"},"primaryImageOfPage":{"@id":"https:\/\/kinetic-corp.com\/training\/formacion\/agilidad-360\/#primaryimage"},"image":{"@id":"https:\/\/kinetic-corp.com\/training\/formacion\/agilidad-360\/#primaryimage"},"thumbnailUrl":"https:\/\/kinetic-corp.com\/training\/wp-content\/uploads\/2026\/03\/imagen-agile.jpg","datePublished":"2026-03-04T18:31:53+00:00","dateModified":"2026-03-06T17:49:07+00:00","breadcrumb":{"@id":"https:\/\/kinetic-corp.com\/training\/formacion\/agilidad-360\/#breadcrumb"},"inLanguage":"es","potentialAction":[{"@type":"ReadAction","target":["https:\/\/kinetic-corp.com\/training\/formacion\/agilidad-360\/"]}]},{"@type":"ImageObject","inLanguage":"es","@id":"https:\/\/kinetic-corp.com\/training\/formacion\/agilidad-360\/#primaryimage","url":"https:\/\/kinetic-corp.com\/training\/wp-content\/uploads\/2026\/03\/imagen-agile.jpg","contentUrl":"https:\/\/kinetic-corp.com\/training\/wp-content\/uploads\/2026\/03\/imagen-agile.jpg","width":1243,"height":746},{"@type":"BreadcrumbList","@id":"https:\/\/kinetic-corp.com\/training\/formacion\/agilidad-360\/#breadcrumb","itemListElement":[{"@type":"ListItem","position":1,"name":"Inicio","item":"https:\/\/kinetic-corp.com\/training\/"},{"@type":"ListItem","position":2,"name":"Formaciones","item":"https:\/\/kinetic-corp.com\/training\/formaciones\/"},{"@type":"ListItem","position":3,"name":"Agilidad","item":"https:\/\/kinetic-corp.com\/training\/categoria\/agilidad\/"},{"@type":"ListItem","position":4,"name":"Agilidad 360"}]},{"@type":"WebSite","@id":"https:\/\/kinetic-corp.com\/training\/#website","url":"https:\/\/kinetic-corp.com\/training\/","name":"Kinetic Training","description":"Desarrolla tu talento","publisher":{"@id":"https:\/\/kinetic-corp.com\/training\/#organization"},"potentialAction":[{"@type":"SearchAction","target":{"@type":"EntryPoint","urlTemplate":"https:\/\/kinetic-corp.com\/training\/?s={search_term_string}"},"query-input":{"@type":"PropertyValueSpecification","valueRequired":true,"valueName":"search_term_string"}}],"inLanguage":"es"},{"@type":"Organization","@id":"https:\/\/kinetic-corp.com\/training\/#organization","name":"Kinetic Training","url":"https:\/\/kinetic-corp.com\/training\/","logo":{"@type":"ImageObject","inLanguage":"es","@id":"https:\/\/kinetic-corp.com\/training\/#\/schema\/logo\/image\/","url":"https:\/\/kinetic-corp.com\/training\/wp-content\/uploads\/2024\/05\/kinetic-training-fw.svg","contentUrl":"https:\/\/kinetic-corp.com\/training\/wp-content\/uploads\/2024\/05\/kinetic-training-fw.svg","caption":"Kinetic Training"},"image":{"@id":"https:\/\/kinetic-corp.com\/training\/#\/schema\/logo\/image\/"},"sameAs":["https:\/\/www.facebook.com\/kinetic.traininghub","https:\/\/www.instagram.com\/kinetic.traininghub\/","https:\/\/www.linkedin.com\/company\/kinetic-training\/"]}]}},"_links":{"self":[{"href":"https:\/\/kinetic-corp.com\/training\/wp-json\/wp\/v2\/product\/13594","targetHints":{"allow":["GET"]}}],"collection":[{"href":"https:\/\/kinetic-corp.com\/training\/wp-json\/wp\/v2\/product"}],"about":[{"href":"https:\/\/kinetic-corp.com\/training\/wp-json\/wp\/v2\/types\/product"}],"wp:featuredmedia":[{"embeddable":true,"href":"https:\/\/kinetic-corp.com\/training\/wp-json\/wp\/v2\/media\/13595"}],"wp:attachment":[{"href":"https:\/\/kinetic-corp.com\/training\/wp-json\/wp\/v2\/media?parent=13594"}],"wp:term":[{"taxonomy":"modalidad","embeddable":true,"href":"https:\/\/kinetic-corp.com\/training\/wp-json\/wp\/v2\/modalidad?post=13594"},{"taxonomy":"product_brand","embeddable":true,"href":"https:\/\/kinetic-corp.com\/training\/wp-json\/wp\/v2\/product_brand?post=13594"},{"taxonomy":"product_cat","embeddable":true,"href":"https:\/\/kinetic-corp.com\/training\/wp-json\/wp\/v2\/product_cat?post=13594"},{"taxonomy":"product_tag","embeddable":true,"href":"https:\/\/kinetic-corp.com\/training\/wp-json\/wp\/v2\/product_tag?post=13594"}],"curies":[{"name":"wp","href":"https:\/\/api.w.org\/{rel}","templated":true}]}}