{"id":5940,"date":"2024-10-16T17:18:18","date_gmt":"2024-10-16T20:18:18","guid":{"rendered":"https:\/\/kinetic-corp.com\/training\/?post_type=product&#038;p=5940"},"modified":"2026-02-27T14:43:35","modified_gmt":"2026-02-27T17:43:35","slug":"introduccion-a-la-programacion-blockchain","status":"publish","type":"product","link":"https:\/\/kinetic-corp.com\/training\/formacion\/introduccion-a-la-programacion-blockchain\/","title":{"rendered":"Introducci\u00f3n a la programaci\u00f3n blockchain"},"content":{"rendered":"<p><span style=\"font-weight: 400;\">La demanda de habilidades de programaci\u00f3n crece exponencialmente y, con ella, se ampl\u00edan las oportunidades laborales para quienes cuentan con las competencias necesarias.<\/span><\/p>\n<p><span style=\"font-weight: 400;\">Con esta formaci\u00f3n obtendr\u00e1s la base de conocimientos para iniciarte en el camino del desarrollo de aplicaciones.<\/span><\/p>\n","protected":false},"excerpt":{"rendered":"<p>La demanda de habilidades de programaci\u00f3n crece exponencialmente y, con ella, se ampl\u00edan las oportunidades laborales para quienes cuentan con las competencias necesarias. Con esta formaci\u00f3n obtendr\u00e1s la base de conocimientos para iniciarte en el camino del desarrollo de aplicaciones.<\/p>\n","protected":false},"featured_media":95,"template":"","meta":{"_acf_changed":false},"modalidad":[39],"product_brand":[],"product_cat":[26],"product_tag":[],"class_list":{"0":"post-5940","1":"product","2":"type-product","3":"status-publish","4":"has-post-thumbnail","6":"modalidad-live-class","7":"product_cat-tecnologias-digitales","9":"first","10":"outofstock","11":"sale","12":"virtual","13":"sold-individually","14":"purchasable","15":"product-type-simple"},"acf":[],"yoast_head":"<!-- This site is optimized with the Yoast SEO plugin v27.4 - https:\/\/yoast.com\/product\/yoast-seo-wordpress\/ -->\n<title>Introducci\u00f3n a la programaci\u00f3n blockchain - Kinetic Training<\/title>\n<meta name=\"description\" content=\"Aprend\u00e9 desde cero y adquir\u00ed las competencias y conocimientos necesarios para insertarte en el mundo de la programaci\u00f3n. | Live Class\" \/>\n<meta name=\"robots\" content=\"index, follow, max-snippet:-1, max-image-preview:large, max-video-preview:-1\" \/>\n<link rel=\"canonical\" href=\"https:\/\/kinetic-corp.com\/training\/formacion\/introduccion-a-la-programacion-blockchain\/\" \/>\n<meta property=\"og:locale\" content=\"es_ES\" \/>\n<meta property=\"og:type\" content=\"article\" \/>\n<meta property=\"og:title\" content=\"Introducci\u00f3n a la programaci\u00f3n blockchain - Kinetic Training\" \/>\n<meta property=\"og:description\" content=\"Aprend\u00e9 desde cero y adquir\u00ed las competencias y conocimientos necesarios para insertarte en el mundo de la programaci\u00f3n. | Live Class\" \/>\n<meta property=\"og:url\" content=\"https:\/\/kinetic-corp.com\/training\/formacion\/introduccion-a-la-programacion-blockchain\/\" \/>\n<meta property=\"og:site_name\" content=\"Kinetic Training\" \/>\n<meta property=\"article:publisher\" content=\"https:\/\/www.facebook.com\/kinetic.traininghub\" \/>\n<meta property=\"article:modified_time\" content=\"2026-02-27T17:43:35+00:00\" \/>\n<meta property=\"og:image\" content=\"https:\/\/kinetic-corp.com\/training\/wp-content\/uploads\/2024\/05\/abc-de-la-programacion.webp\" \/>\n\t<meta property=\"og:image:width\" content=\"900\" \/>\n\t<meta property=\"og:image:height\" content=\"984\" \/>\n\t<meta property=\"og:image:type\" content=\"image\/webp\" \/>\n<meta name=\"twitter:card\" content=\"summary_large_image\" \/>\n<meta name=\"twitter:label1\" content=\"Tiempo de lectura\" \/>\n\t<meta name=\"twitter:data1\" content=\"1 minuto\" \/>\n<script type=\"application\/ld+json\" class=\"yoast-schema-graph\">{\"@context\":\"https:\\\/\\\/schema.org\",\"@graph\":[{\"@type\":\"WebPage\",\"@id\":\"https:\\\/\\\/kinetic-corp.com\\\/training\\\/formacion\\\/introduccion-a-la-programacion-blockchain\\\/\",\"url\":\"https:\\\/\\\/kinetic-corp.com\\\/training\\\/formacion\\\/introduccion-a-la-programacion-blockchain\\\/\",\"name\":\"Introducci\u00f3n a la programaci\u00f3n blockchain - Kinetic Training\",\"isPartOf\":{\"@id\":\"https:\\\/\\\/kinetic-corp.com\\\/training\\\/#website\"},\"primaryImageOfPage\":{\"@id\":\"https:\\\/\\\/kinetic-corp.com\\\/training\\\/formacion\\\/introduccion-a-la-programacion-blockchain\\\/#primaryimage\"},\"image\":{\"@id\":\"https:\\\/\\\/kinetic-corp.com\\\/training\\\/formacion\\\/introduccion-a-la-programacion-blockchain\\\/#primaryimage\"},\"thumbnailUrl\":\"https:\\\/\\\/kinetic-corp.com\\\/training\\\/wp-content\\\/uploads\\\/2024\\\/05\\\/abc-de-la-programacion.webp\",\"datePublished\":\"2024-10-16T20:18:18+00:00\",\"dateModified\":\"2026-02-27T17:43:35+00:00\",\"description\":\"Aprend\u00e9 desde cero y adquir\u00ed las competencias y conocimientos necesarios para insertarte en el mundo de la programaci\u00f3n. | Live Class\",\"breadcrumb\":{\"@id\":\"https:\\\/\\\/kinetic-corp.com\\\/training\\\/formacion\\\/introduccion-a-la-programacion-blockchain\\\/#breadcrumb\"},\"inLanguage\":\"es\",\"potentialAction\":[{\"@type\":\"ReadAction\",\"target\":[\"https:\\\/\\\/kinetic-corp.com\\\/training\\\/formacion\\\/introduccion-a-la-programacion-blockchain\\\/\"]}]},{\"@type\":\"ImageObject\",\"inLanguage\":\"es\",\"@id\":\"https:\\\/\\\/kinetic-corp.com\\\/training\\\/formacion\\\/introduccion-a-la-programacion-blockchain\\\/#primaryimage\",\"url\":\"https:\\\/\\\/kinetic-corp.com\\\/training\\\/wp-content\\\/uploads\\\/2024\\\/05\\\/abc-de-la-programacion.webp\",\"contentUrl\":\"https:\\\/\\\/kinetic-corp.com\\\/training\\\/wp-content\\\/uploads\\\/2024\\\/05\\\/abc-de-la-programacion.webp\",\"width\":900,\"height\":984,\"caption\":\"abc-de-la-programacion\"},{\"@type\":\"BreadcrumbList\",\"@id\":\"https:\\\/\\\/kinetic-corp.com\\\/training\\\/formacion\\\/introduccion-a-la-programacion-blockchain\\\/#breadcrumb\",\"itemListElement\":[{\"@type\":\"ListItem\",\"position\":1,\"name\":\"Inicio\",\"item\":\"https:\\\/\\\/kinetic-corp.com\\\/training\\\/\"},{\"@type\":\"ListItem\",\"position\":2,\"name\":\"Formaciones\",\"item\":\"https:\\\/\\\/kinetic-corp.com\\\/training\\\/formaciones\\\/\"},{\"@type\":\"ListItem\",\"position\":3,\"name\":\"IA &amp; Tecnolog\u00edas Digitales\",\"item\":\"https:\\\/\\\/kinetic-corp.com\\\/training\\\/categoria\\\/tecnologias-digitales\\\/\"},{\"@type\":\"ListItem\",\"position\":4,\"name\":\"Introducci\u00f3n a la programaci\u00f3n blockchain\"}]},{\"@type\":\"WebSite\",\"@id\":\"https:\\\/\\\/kinetic-corp.com\\\/training\\\/#website\",\"url\":\"https:\\\/\\\/kinetic-corp.com\\\/training\\\/\",\"name\":\"Kinetic Training\",\"description\":\"Desarrolla tu talento\",\"publisher\":{\"@id\":\"https:\\\/\\\/kinetic-corp.com\\\/training\\\/#organization\"},\"potentialAction\":[{\"@type\":\"SearchAction\",\"target\":{\"@type\":\"EntryPoint\",\"urlTemplate\":\"https:\\\/\\\/kinetic-corp.com\\\/training\\\/?s={search_term_string}\"},\"query-input\":{\"@type\":\"PropertyValueSpecification\",\"valueRequired\":true,\"valueName\":\"search_term_string\"}}],\"inLanguage\":\"es\"},{\"@type\":\"Organization\",\"@id\":\"https:\\\/\\\/kinetic-corp.com\\\/training\\\/#organization\",\"name\":\"Kinetic Training\",\"url\":\"https:\\\/\\\/kinetic-corp.com\\\/training\\\/\",\"logo\":{\"@type\":\"ImageObject\",\"inLanguage\":\"es\",\"@id\":\"https:\\\/\\\/kinetic-corp.com\\\/training\\\/#\\\/schema\\\/logo\\\/image\\\/\",\"url\":\"https:\\\/\\\/kinetic-corp.com\\\/training\\\/wp-content\\\/uploads\\\/2024\\\/05\\\/kinetic-training-fw.svg\",\"contentUrl\":\"https:\\\/\\\/kinetic-corp.com\\\/training\\\/wp-content\\\/uploads\\\/2024\\\/05\\\/kinetic-training-fw.svg\",\"caption\":\"Kinetic Training\"},\"image\":{\"@id\":\"https:\\\/\\\/kinetic-corp.com\\\/training\\\/#\\\/schema\\\/logo\\\/image\\\/\"},\"sameAs\":[\"https:\\\/\\\/www.facebook.com\\\/kinetic.traininghub\",\"https:\\\/\\\/www.instagram.com\\\/kinetic.traininghub\\\/\",\"https:\\\/\\\/www.linkedin.com\\\/company\\\/kinetic-training\\\/\"]}]}<\/script>\n<!-- \/ Yoast SEO plugin. -->","yoast_head_json":{"title":"Introducci\u00f3n a la programaci\u00f3n blockchain - Kinetic Training","description":"Aprend\u00e9 desde cero y adquir\u00ed las competencias y conocimientos necesarios para insertarte en el mundo de la programaci\u00f3n. | Live Class","robots":{"index":"index","follow":"follow","max-snippet":"max-snippet:-1","max-image-preview":"max-image-preview:large","max-video-preview":"max-video-preview:-1"},"canonical":"https:\/\/kinetic-corp.com\/training\/formacion\/introduccion-a-la-programacion-blockchain\/","og_locale":"es_ES","og_type":"article","og_title":"Introducci\u00f3n a la programaci\u00f3n blockchain - Kinetic Training","og_description":"Aprend\u00e9 desde cero y adquir\u00ed las competencias y conocimientos necesarios para insertarte en el mundo de la programaci\u00f3n. | Live Class","og_url":"https:\/\/kinetic-corp.com\/training\/formacion\/introduccion-a-la-programacion-blockchain\/","og_site_name":"Kinetic Training","article_publisher":"https:\/\/www.facebook.com\/kinetic.traininghub","article_modified_time":"2026-02-27T17:43:35+00:00","og_image":[{"width":900,"height":984,"url":"https:\/\/kinetic-corp.com\/training\/wp-content\/uploads\/2024\/05\/abc-de-la-programacion.webp","type":"image\/webp"}],"twitter_card":"summary_large_image","twitter_misc":{"Tiempo de lectura":"1 minuto"},"schema":{"@context":"https:\/\/schema.org","@graph":[{"@type":"WebPage","@id":"https:\/\/kinetic-corp.com\/training\/formacion\/introduccion-a-la-programacion-blockchain\/","url":"https:\/\/kinetic-corp.com\/training\/formacion\/introduccion-a-la-programacion-blockchain\/","name":"Introducci\u00f3n a la programaci\u00f3n blockchain - Kinetic Training","isPartOf":{"@id":"https:\/\/kinetic-corp.com\/training\/#website"},"primaryImageOfPage":{"@id":"https:\/\/kinetic-corp.com\/training\/formacion\/introduccion-a-la-programacion-blockchain\/#primaryimage"},"image":{"@id":"https:\/\/kinetic-corp.com\/training\/formacion\/introduccion-a-la-programacion-blockchain\/#primaryimage"},"thumbnailUrl":"https:\/\/kinetic-corp.com\/training\/wp-content\/uploads\/2024\/05\/abc-de-la-programacion.webp","datePublished":"2024-10-16T20:18:18+00:00","dateModified":"2026-02-27T17:43:35+00:00","description":"Aprend\u00e9 desde cero y adquir\u00ed las competencias y conocimientos necesarios para insertarte en el mundo de la programaci\u00f3n. | Live Class","breadcrumb":{"@id":"https:\/\/kinetic-corp.com\/training\/formacion\/introduccion-a-la-programacion-blockchain\/#breadcrumb"},"inLanguage":"es","potentialAction":[{"@type":"ReadAction","target":["https:\/\/kinetic-corp.com\/training\/formacion\/introduccion-a-la-programacion-blockchain\/"]}]},{"@type":"ImageObject","inLanguage":"es","@id":"https:\/\/kinetic-corp.com\/training\/formacion\/introduccion-a-la-programacion-blockchain\/#primaryimage","url":"https:\/\/kinetic-corp.com\/training\/wp-content\/uploads\/2024\/05\/abc-de-la-programacion.webp","contentUrl":"https:\/\/kinetic-corp.com\/training\/wp-content\/uploads\/2024\/05\/abc-de-la-programacion.webp","width":900,"height":984,"caption":"abc-de-la-programacion"},{"@type":"BreadcrumbList","@id":"https:\/\/kinetic-corp.com\/training\/formacion\/introduccion-a-la-programacion-blockchain\/#breadcrumb","itemListElement":[{"@type":"ListItem","position":1,"name":"Inicio","item":"https:\/\/kinetic-corp.com\/training\/"},{"@type":"ListItem","position":2,"name":"Formaciones","item":"https:\/\/kinetic-corp.com\/training\/formaciones\/"},{"@type":"ListItem","position":3,"name":"IA &amp; Tecnolog\u00edas Digitales","item":"https:\/\/kinetic-corp.com\/training\/categoria\/tecnologias-digitales\/"},{"@type":"ListItem","position":4,"name":"Introducci\u00f3n a la programaci\u00f3n blockchain"}]},{"@type":"WebSite","@id":"https:\/\/kinetic-corp.com\/training\/#website","url":"https:\/\/kinetic-corp.com\/training\/","name":"Kinetic Training","description":"Desarrolla tu talento","publisher":{"@id":"https:\/\/kinetic-corp.com\/training\/#organization"},"potentialAction":[{"@type":"SearchAction","target":{"@type":"EntryPoint","urlTemplate":"https:\/\/kinetic-corp.com\/training\/?s={search_term_string}"},"query-input":{"@type":"PropertyValueSpecification","valueRequired":true,"valueName":"search_term_string"}}],"inLanguage":"es"},{"@type":"Organization","@id":"https:\/\/kinetic-corp.com\/training\/#organization","name":"Kinetic Training","url":"https:\/\/kinetic-corp.com\/training\/","logo":{"@type":"ImageObject","inLanguage":"es","@id":"https:\/\/kinetic-corp.com\/training\/#\/schema\/logo\/image\/","url":"https:\/\/kinetic-corp.com\/training\/wp-content\/uploads\/2024\/05\/kinetic-training-fw.svg","contentUrl":"https:\/\/kinetic-corp.com\/training\/wp-content\/uploads\/2024\/05\/kinetic-training-fw.svg","caption":"Kinetic Training"},"image":{"@id":"https:\/\/kinetic-corp.com\/training\/#\/schema\/logo\/image\/"},"sameAs":["https:\/\/www.facebook.com\/kinetic.traininghub","https:\/\/www.instagram.com\/kinetic.traininghub\/","https:\/\/www.linkedin.com\/company\/kinetic-training\/"]}]}},"_links":{"self":[{"href":"https:\/\/kinetic-corp.com\/training\/wp-json\/wp\/v2\/product\/5940","targetHints":{"allow":["GET"]}}],"collection":[{"href":"https:\/\/kinetic-corp.com\/training\/wp-json\/wp\/v2\/product"}],"about":[{"href":"https:\/\/kinetic-corp.com\/training\/wp-json\/wp\/v2\/types\/product"}],"wp:featuredmedia":[{"embeddable":true,"href":"https:\/\/kinetic-corp.com\/training\/wp-json\/wp\/v2\/media\/95"}],"wp:attachment":[{"href":"https:\/\/kinetic-corp.com\/training\/wp-json\/wp\/v2\/media?parent=5940"}],"wp:term":[{"taxonomy":"modalidad","embeddable":true,"href":"https:\/\/kinetic-corp.com\/training\/wp-json\/wp\/v2\/modalidad?post=5940"},{"taxonomy":"product_brand","embeddable":true,"href":"https:\/\/kinetic-corp.com\/training\/wp-json\/wp\/v2\/product_brand?post=5940"},{"taxonomy":"product_cat","embeddable":true,"href":"https:\/\/kinetic-corp.com\/training\/wp-json\/wp\/v2\/product_cat?post=5940"},{"taxonomy":"product_tag","embeddable":true,"href":"https:\/\/kinetic-corp.com\/training\/wp-json\/wp\/v2\/product_tag?post=5940"}],"curies":[{"name":"wp","href":"https:\/\/api.w.org\/{rel}","templated":true}]}}