{"id":5946,"date":"2024-10-16T17:18:18","date_gmt":"2024-10-16T20:18:18","guid":{"rendered":"https:\/\/kinetic-corp.com\/training\/?post_type=product&#038;p=5946"},"modified":"2026-03-27T12:35:14","modified_gmt":"2026-03-27T15:35:14","slug":"coaching-certificacion-internacional-pmp","status":"publish","type":"product","link":"https:\/\/kinetic-corp.com\/training\/formacion\/coaching-certificacion-internacional-pmp\/","title":{"rendered":"Coaching para certificaci\u00f3n internacional PMP\u00ae"},"content":{"rendered":"<p><span style=\"font-weight: 400;\">Este programa es un acompa\u00f1amiento intensivo y personalizado para que, con previos conocimientos de las pr\u00e1cticas PMI\u00ae, puedas alcanzar el objetivo de aprobar la Certificaci\u00f3n PMP\u00ae.<\/span><\/p>\n<p><span style=\"font-weight: 400;\">PMP\u00ae se encuentra entre las cinco certificaciones m\u00e1s buscadas y mejor valuadas a nivel internacional. Reconocida y exigida por organizaciones de todo el mundo, PMP\u00ae valida tus competencias para desempe\u00f1arte en el rol de gerente de proyectos.<\/span><\/p>\n","protected":false},"excerpt":{"rendered":"<p>Este programa es un acompa\u00f1amiento intensivo y personalizado para que, con previos conocimientos de las pr\u00e1cticas PMI\u00ae, puedas alcanzar el objetivo de aprobar la Certificaci\u00f3n PMP\u00ae. PMP\u00ae se encuentra entre las cinco certificaciones m\u00e1s buscadas y mejor valuadas a nivel internacional. Reconocida y exigida por organizaciones de todo el mundo, PMP\u00ae valida tus competencias para [&hellip;]<\/p>\n","protected":false},"featured_media":107,"template":"","meta":{"_acf_changed":false},"modalidad":[39],"product_brand":[],"product_cat":[29],"product_tag":[],"class_list":{"0":"post-5946","1":"product","2":"type-product","3":"status-publish","4":"has-post-thumbnail","6":"modalidad-live-class","7":"product_cat-gestion-de-proyectos","9":"first","10":"instock","11":"sale","12":"virtual","13":"sold-individually","14":"purchasable","15":"product-type-simple"},"acf":[],"yoast_head":"<!-- This site is optimized with the Yoast SEO plugin v27.4 - https:\/\/yoast.com\/product\/yoast-seo-wordpress\/ -->\n<title>Coaching para certificaci\u00f3n internacional PMP\u00ae - Kinetic Training<\/title>\n<meta name=\"description\" content=\"Preparate para rendir el examen y obtener la certificaci\u00f3n PMP, que te permitir\u00e1 desempe\u00f1arte como project manager en cualquier lugar del mundo.\" \/>\n<meta name=\"robots\" content=\"index, follow, max-snippet:-1, max-image-preview:large, max-video-preview:-1\" \/>\n<link rel=\"canonical\" href=\"https:\/\/kinetic-corp.com\/training\/formacion\/coaching-certificacion-internacional-pmp\/\" \/>\n<meta property=\"og:locale\" content=\"es_ES\" \/>\n<meta property=\"og:type\" content=\"article\" \/>\n<meta property=\"og:title\" content=\"Coaching para certificaci\u00f3n internacional PMP\u00ae - Kinetic Training\" \/>\n<meta property=\"og:description\" content=\"Preparate para rendir el examen y obtener la certificaci\u00f3n PMP, que te permitir\u00e1 desempe\u00f1arte como project manager en cualquier lugar del mundo.\" \/>\n<meta property=\"og:url\" content=\"https:\/\/kinetic-corp.com\/training\/formacion\/coaching-certificacion-internacional-pmp\/\" \/>\n<meta property=\"og:site_name\" content=\"Kinetic Training\" \/>\n<meta property=\"article:publisher\" content=\"https:\/\/www.facebook.com\/kinetic.traininghub\" \/>\n<meta property=\"article:modified_time\" content=\"2026-03-27T15:35:14+00:00\" \/>\n<meta property=\"og:image\" content=\"https:\/\/kinetic-corp.com\/training\/wp-content\/uploads\/2024\/05\/reunion-empresarios-oficina-trabajo-scaled-1.jpg\" \/>\n\t<meta property=\"og:image:width\" content=\"1600\" \/>\n\t<meta property=\"og:image:height\" content=\"1040\" \/>\n\t<meta property=\"og:image:type\" content=\"image\/jpeg\" \/>\n<meta name=\"twitter:card\" content=\"summary_large_image\" \/>\n<meta name=\"twitter:label1\" content=\"Tiempo de lectura\" \/>\n\t<meta name=\"twitter:data1\" content=\"1 minuto\" \/>\n<script type=\"application\/ld+json\" class=\"yoast-schema-graph\">{\"@context\":\"https:\\\/\\\/schema.org\",\"@graph\":[{\"@type\":\"WebPage\",\"@id\":\"https:\\\/\\\/kinetic-corp.com\\\/training\\\/formacion\\\/coaching-certificacion-internacional-pmp\\\/\",\"url\":\"https:\\\/\\\/kinetic-corp.com\\\/training\\\/formacion\\\/coaching-certificacion-internacional-pmp\\\/\",\"name\":\"Coaching para certificaci\u00f3n internacional PMP\u00ae - Kinetic Training\",\"isPartOf\":{\"@id\":\"https:\\\/\\\/kinetic-corp.com\\\/training\\\/#website\"},\"primaryImageOfPage\":{\"@id\":\"https:\\\/\\\/kinetic-corp.com\\\/training\\\/formacion\\\/coaching-certificacion-internacional-pmp\\\/#primaryimage\"},\"image\":{\"@id\":\"https:\\\/\\\/kinetic-corp.com\\\/training\\\/formacion\\\/coaching-certificacion-internacional-pmp\\\/#primaryimage\"},\"thumbnailUrl\":\"https:\\\/\\\/kinetic-corp.com\\\/training\\\/wp-content\\\/uploads\\\/2024\\\/05\\\/reunion-empresarios-oficina-trabajo-scaled-1.jpg\",\"datePublished\":\"2024-10-16T20:18:18+00:00\",\"dateModified\":\"2026-03-27T15:35:14+00:00\",\"description\":\"Preparate para rendir el examen y obtener la certificaci\u00f3n PMP, que te permitir\u00e1 desempe\u00f1arte como project manager en cualquier lugar del mundo.\",\"breadcrumb\":{\"@id\":\"https:\\\/\\\/kinetic-corp.com\\\/training\\\/formacion\\\/coaching-certificacion-internacional-pmp\\\/#breadcrumb\"},\"inLanguage\":\"es\",\"potentialAction\":[{\"@type\":\"ReadAction\",\"target\":[\"https:\\\/\\\/kinetic-corp.com\\\/training\\\/formacion\\\/coaching-certificacion-internacional-pmp\\\/\"]}]},{\"@type\":\"ImageObject\",\"inLanguage\":\"es\",\"@id\":\"https:\\\/\\\/kinetic-corp.com\\\/training\\\/formacion\\\/coaching-certificacion-internacional-pmp\\\/#primaryimage\",\"url\":\"https:\\\/\\\/kinetic-corp.com\\\/training\\\/wp-content\\\/uploads\\\/2024\\\/05\\\/reunion-empresarios-oficina-trabajo-scaled-1.jpg\",\"contentUrl\":\"https:\\\/\\\/kinetic-corp.com\\\/training\\\/wp-content\\\/uploads\\\/2024\\\/05\\\/reunion-empresarios-oficina-trabajo-scaled-1.jpg\",\"width\":1600,\"height\":1040,\"caption\":\"reunion-empresarios-oficina\"},{\"@type\":\"BreadcrumbList\",\"@id\":\"https:\\\/\\\/kinetic-corp.com\\\/training\\\/formacion\\\/coaching-certificacion-internacional-pmp\\\/#breadcrumb\",\"itemListElement\":[{\"@type\":\"ListItem\",\"position\":1,\"name\":\"Inicio\",\"item\":\"https:\\\/\\\/kinetic-corp.com\\\/training\\\/\"},{\"@type\":\"ListItem\",\"position\":2,\"name\":\"Formaciones\",\"item\":\"https:\\\/\\\/kinetic-corp.com\\\/training\\\/formaciones\\\/\"},{\"@type\":\"ListItem\",\"position\":3,\"name\":\"Gesti\u00f3n de proyectos\",\"item\":\"https:\\\/\\\/kinetic-corp.com\\\/training\\\/categoria\\\/gestion-de-proyectos\\\/\"},{\"@type\":\"ListItem\",\"position\":4,\"name\":\"Coaching para certificaci\u00f3n internacional PMP\u00ae\"}]},{\"@type\":\"WebSite\",\"@id\":\"https:\\\/\\\/kinetic-corp.com\\\/training\\\/#website\",\"url\":\"https:\\\/\\\/kinetic-corp.com\\\/training\\\/\",\"name\":\"Kinetic Training\",\"description\":\"Desarrolla tu talento\",\"publisher\":{\"@id\":\"https:\\\/\\\/kinetic-corp.com\\\/training\\\/#organization\"},\"potentialAction\":[{\"@type\":\"SearchAction\",\"target\":{\"@type\":\"EntryPoint\",\"urlTemplate\":\"https:\\\/\\\/kinetic-corp.com\\\/training\\\/?s={search_term_string}\"},\"query-input\":{\"@type\":\"PropertyValueSpecification\",\"valueRequired\":true,\"valueName\":\"search_term_string\"}}],\"inLanguage\":\"es\"},{\"@type\":\"Organization\",\"@id\":\"https:\\\/\\\/kinetic-corp.com\\\/training\\\/#organization\",\"name\":\"Kinetic Training\",\"url\":\"https:\\\/\\\/kinetic-corp.com\\\/training\\\/\",\"logo\":{\"@type\":\"ImageObject\",\"inLanguage\":\"es\",\"@id\":\"https:\\\/\\\/kinetic-corp.com\\\/training\\\/#\\\/schema\\\/logo\\\/image\\\/\",\"url\":\"https:\\\/\\\/kinetic-corp.com\\\/training\\\/wp-content\\\/uploads\\\/2024\\\/05\\\/kinetic-training-fw.svg\",\"contentUrl\":\"https:\\\/\\\/kinetic-corp.com\\\/training\\\/wp-content\\\/uploads\\\/2024\\\/05\\\/kinetic-training-fw.svg\",\"caption\":\"Kinetic Training\"},\"image\":{\"@id\":\"https:\\\/\\\/kinetic-corp.com\\\/training\\\/#\\\/schema\\\/logo\\\/image\\\/\"},\"sameAs\":[\"https:\\\/\\\/www.facebook.com\\\/kinetic.traininghub\",\"https:\\\/\\\/www.instagram.com\\\/kinetic.traininghub\\\/\",\"https:\\\/\\\/www.linkedin.com\\\/company\\\/kinetic-training\\\/\"]}]}<\/script>\n<!-- \/ Yoast SEO plugin. -->","yoast_head_json":{"title":"Coaching para certificaci\u00f3n internacional PMP\u00ae - Kinetic Training","description":"Preparate para rendir el examen y obtener la certificaci\u00f3n PMP, que te permitir\u00e1 desempe\u00f1arte como project manager en cualquier lugar del mundo.","robots":{"index":"index","follow":"follow","max-snippet":"max-snippet:-1","max-image-preview":"max-image-preview:large","max-video-preview":"max-video-preview:-1"},"canonical":"https:\/\/kinetic-corp.com\/training\/formacion\/coaching-certificacion-internacional-pmp\/","og_locale":"es_ES","og_type":"article","og_title":"Coaching para certificaci\u00f3n internacional PMP\u00ae - Kinetic Training","og_description":"Preparate para rendir el examen y obtener la certificaci\u00f3n PMP, que te permitir\u00e1 desempe\u00f1arte como project manager en cualquier lugar del mundo.","og_url":"https:\/\/kinetic-corp.com\/training\/formacion\/coaching-certificacion-internacional-pmp\/","og_site_name":"Kinetic Training","article_publisher":"https:\/\/www.facebook.com\/kinetic.traininghub","article_modified_time":"2026-03-27T15:35:14+00:00","og_image":[{"width":1600,"height":1040,"url":"https:\/\/kinetic-corp.com\/training\/wp-content\/uploads\/2024\/05\/reunion-empresarios-oficina-trabajo-scaled-1.jpg","type":"image\/jpeg"}],"twitter_card":"summary_large_image","twitter_misc":{"Tiempo de lectura":"1 minuto"},"schema":{"@context":"https:\/\/schema.org","@graph":[{"@type":"WebPage","@id":"https:\/\/kinetic-corp.com\/training\/formacion\/coaching-certificacion-internacional-pmp\/","url":"https:\/\/kinetic-corp.com\/training\/formacion\/coaching-certificacion-internacional-pmp\/","name":"Coaching para certificaci\u00f3n internacional PMP\u00ae - Kinetic Training","isPartOf":{"@id":"https:\/\/kinetic-corp.com\/training\/#website"},"primaryImageOfPage":{"@id":"https:\/\/kinetic-corp.com\/training\/formacion\/coaching-certificacion-internacional-pmp\/#primaryimage"},"image":{"@id":"https:\/\/kinetic-corp.com\/training\/formacion\/coaching-certificacion-internacional-pmp\/#primaryimage"},"thumbnailUrl":"https:\/\/kinetic-corp.com\/training\/wp-content\/uploads\/2024\/05\/reunion-empresarios-oficina-trabajo-scaled-1.jpg","datePublished":"2024-10-16T20:18:18+00:00","dateModified":"2026-03-27T15:35:14+00:00","description":"Preparate para rendir el examen y obtener la certificaci\u00f3n PMP, que te permitir\u00e1 desempe\u00f1arte como project manager en cualquier lugar del mundo.","breadcrumb":{"@id":"https:\/\/kinetic-corp.com\/training\/formacion\/coaching-certificacion-internacional-pmp\/#breadcrumb"},"inLanguage":"es","potentialAction":[{"@type":"ReadAction","target":["https:\/\/kinetic-corp.com\/training\/formacion\/coaching-certificacion-internacional-pmp\/"]}]},{"@type":"ImageObject","inLanguage":"es","@id":"https:\/\/kinetic-corp.com\/training\/formacion\/coaching-certificacion-internacional-pmp\/#primaryimage","url":"https:\/\/kinetic-corp.com\/training\/wp-content\/uploads\/2024\/05\/reunion-empresarios-oficina-trabajo-scaled-1.jpg","contentUrl":"https:\/\/kinetic-corp.com\/training\/wp-content\/uploads\/2024\/05\/reunion-empresarios-oficina-trabajo-scaled-1.jpg","width":1600,"height":1040,"caption":"reunion-empresarios-oficina"},{"@type":"BreadcrumbList","@id":"https:\/\/kinetic-corp.com\/training\/formacion\/coaching-certificacion-internacional-pmp\/#breadcrumb","itemListElement":[{"@type":"ListItem","position":1,"name":"Inicio","item":"https:\/\/kinetic-corp.com\/training\/"},{"@type":"ListItem","position":2,"name":"Formaciones","item":"https:\/\/kinetic-corp.com\/training\/formaciones\/"},{"@type":"ListItem","position":3,"name":"Gesti\u00f3n de proyectos","item":"https:\/\/kinetic-corp.com\/training\/categoria\/gestion-de-proyectos\/"},{"@type":"ListItem","position":4,"name":"Coaching para certificaci\u00f3n internacional PMP\u00ae"}]},{"@type":"WebSite","@id":"https:\/\/kinetic-corp.com\/training\/#website","url":"https:\/\/kinetic-corp.com\/training\/","name":"Kinetic Training","description":"Desarrolla tu talento","publisher":{"@id":"https:\/\/kinetic-corp.com\/training\/#organization"},"potentialAction":[{"@type":"SearchAction","target":{"@type":"EntryPoint","urlTemplate":"https:\/\/kinetic-corp.com\/training\/?s={search_term_string}"},"query-input":{"@type":"PropertyValueSpecification","valueRequired":true,"valueName":"search_term_string"}}],"inLanguage":"es"},{"@type":"Organization","@id":"https:\/\/kinetic-corp.com\/training\/#organization","name":"Kinetic Training","url":"https:\/\/kinetic-corp.com\/training\/","logo":{"@type":"ImageObject","inLanguage":"es","@id":"https:\/\/kinetic-corp.com\/training\/#\/schema\/logo\/image\/","url":"https:\/\/kinetic-corp.com\/training\/wp-content\/uploads\/2024\/05\/kinetic-training-fw.svg","contentUrl":"https:\/\/kinetic-corp.com\/training\/wp-content\/uploads\/2024\/05\/kinetic-training-fw.svg","caption":"Kinetic Training"},"image":{"@id":"https:\/\/kinetic-corp.com\/training\/#\/schema\/logo\/image\/"},"sameAs":["https:\/\/www.facebook.com\/kinetic.traininghub","https:\/\/www.instagram.com\/kinetic.traininghub\/","https:\/\/www.linkedin.com\/company\/kinetic-training\/"]}]}},"_links":{"self":[{"href":"https:\/\/kinetic-corp.com\/training\/wp-json\/wp\/v2\/product\/5946","targetHints":{"allow":["GET"]}}],"collection":[{"href":"https:\/\/kinetic-corp.com\/training\/wp-json\/wp\/v2\/product"}],"about":[{"href":"https:\/\/kinetic-corp.com\/training\/wp-json\/wp\/v2\/types\/product"}],"wp:featuredmedia":[{"embeddable":true,"href":"https:\/\/kinetic-corp.com\/training\/wp-json\/wp\/v2\/media\/107"}],"wp:attachment":[{"href":"https:\/\/kinetic-corp.com\/training\/wp-json\/wp\/v2\/media?parent=5946"}],"wp:term":[{"taxonomy":"modalidad","embeddable":true,"href":"https:\/\/kinetic-corp.com\/training\/wp-json\/wp\/v2\/modalidad?post=5946"},{"taxonomy":"product_brand","embeddable":true,"href":"https:\/\/kinetic-corp.com\/training\/wp-json\/wp\/v2\/product_brand?post=5946"},{"taxonomy":"product_cat","embeddable":true,"href":"https:\/\/kinetic-corp.com\/training\/wp-json\/wp\/v2\/product_cat?post=5946"},{"taxonomy":"product_tag","embeddable":true,"href":"https:\/\/kinetic-corp.com\/training\/wp-json\/wp\/v2\/product_tag?post=5946"}],"curies":[{"name":"wp","href":"https:\/\/api.w.org\/{rel}","templated":true}]}}