{"id":5954,"date":"2024-10-16T17:18:19","date_gmt":"2024-10-16T20:18:19","guid":{"rendered":"https:\/\/kinetic-corp.com\/training\/?post_type=product&#038;p=5954"},"modified":"2026-04-23T09:36:14","modified_gmt":"2026-04-23T12:36:14","slug":"workshop-en-okr","status":"publish","type":"product","link":"https:\/\/kinetic-corp.com\/training\/formacion\/workshop-en-okr\/","title":{"rendered":"Workshop en OKR"},"content":{"rendered":"<p>OKR es un sistema de gesti\u00f3n de metas que conecta de manera efectiva la estrategia con su ejecuci\u00f3n, promoviendo el enfoque en lo que realmente importa, la alineaci\u00f3n en todos los niveles, la transparencia en los procesos y un compromiso organizacional significativo. Adem\u00e1s, exploraremos c\u00f3mo las herramientas y enfoques actuales, incluida la inteligencia artificial (IA), pueden complementar y fortalecer estos pilares.<\/p>\n<p><strong>CON CERTIFICACI\u00d3N DE LA UNIVERSIDAD NACIONAL DE C\u00d3RDOBA.<\/strong><\/p>\n","protected":false},"excerpt":{"rendered":"<p>OKR es un sistema de gesti\u00f3n de metas que conecta de manera efectiva la estrategia con su ejecuci\u00f3n, promoviendo el enfoque en lo que realmente importa, la alineaci\u00f3n en todos los niveles, la transparencia en los procesos y un compromiso organizacional significativo. Adem\u00e1s, exploraremos c\u00f3mo las herramientas y enfoques actuales, incluida la inteligencia artificial (IA), [&hellip;]<\/p>\n","protected":false},"featured_media":5971,"template":"","meta":{"_acf_changed":false},"modalidad":[39],"product_brand":[],"product_cat":[27,82],"product_tag":[98],"class_list":{"0":"post-5954","1":"product","2":"type-product","3":"status-publish","4":"has-post-thumbnail","6":"modalidad-live-class","7":"product_cat-agilidad","8":"product_cat-producto","9":"product_tag-cyber-fest","11":"first","12":"instock","13":"sale","14":"virtual","15":"sold-individually","16":"purchasable","17":"product-type-simple"},"acf":[],"yoast_head":"<!-- This site is optimized with the Yoast SEO plugin v27.4 - https:\/\/yoast.com\/product\/yoast-seo-wordpress\/ -->\n<title>Workshop en OKR - Kinetic Training<\/title>\n<meta name=\"description\" content=\"OKR es un sistema de gesti\u00f3n de metas. Aprend\u00e9 los conceptos claves de este modelo y comenz\u00e1 a aplicarlos en tu organizaci\u00f3n.\" \/>\n<meta name=\"robots\" content=\"index, follow, max-snippet:-1, max-image-preview:large, max-video-preview:-1\" \/>\n<link rel=\"canonical\" href=\"https:\/\/kinetic-corp.com\/training\/formacion\/workshop-en-okr\/\" \/>\n<meta property=\"og:locale\" content=\"es_ES\" \/>\n<meta property=\"og:type\" content=\"article\" \/>\n<meta property=\"og:title\" content=\"Workshop en OKR - Kinetic Training\" \/>\n<meta property=\"og:description\" content=\"OKR es un sistema de gesti\u00f3n de metas. Aprend\u00e9 los conceptos claves de este modelo y comenz\u00e1 a aplicarlos en tu organizaci\u00f3n.\" \/>\n<meta property=\"og:url\" content=\"https:\/\/kinetic-corp.com\/training\/formacion\/workshop-en-okr\/\" \/>\n<meta property=\"og:site_name\" content=\"Kinetic Training\" \/>\n<meta property=\"article:publisher\" content=\"https:\/\/www.facebook.com\/kinetic.traininghub\" \/>\n<meta property=\"article:modified_time\" content=\"2026-04-23T12:36:14+00:00\" \/>\n<meta property=\"og:image\" content=\"https:\/\/kinetic-corp.com\/training\/wp-content\/uploads\/2024\/10\/workshop-okr.webp\" \/>\n\t<meta property=\"og:image:width\" content=\"650\" \/>\n\t<meta property=\"og:image:height\" content=\"320\" \/>\n\t<meta property=\"og:image:type\" content=\"image\/webp\" \/>\n<meta name=\"twitter:card\" content=\"summary_large_image\" \/>\n<meta name=\"twitter:label1\" content=\"Tiempo de lectura\" \/>\n\t<meta name=\"twitter:data1\" content=\"1 minuto\" \/>\n<script type=\"application\/ld+json\" class=\"yoast-schema-graph\">{\"@context\":\"https:\\\/\\\/schema.org\",\"@graph\":[{\"@type\":\"WebPage\",\"@id\":\"https:\\\/\\\/kinetic-corp.com\\\/training\\\/formacion\\\/workshop-en-okr\\\/\",\"url\":\"https:\\\/\\\/kinetic-corp.com\\\/training\\\/formacion\\\/workshop-en-okr\\\/\",\"name\":\"Workshop en OKR - Kinetic Training\",\"isPartOf\":{\"@id\":\"https:\\\/\\\/kinetic-corp.com\\\/training\\\/#website\"},\"primaryImageOfPage\":{\"@id\":\"https:\\\/\\\/kinetic-corp.com\\\/training\\\/formacion\\\/workshop-en-okr\\\/#primaryimage\"},\"image\":{\"@id\":\"https:\\\/\\\/kinetic-corp.com\\\/training\\\/formacion\\\/workshop-en-okr\\\/#primaryimage\"},\"thumbnailUrl\":\"https:\\\/\\\/kinetic-corp.com\\\/training\\\/wp-content\\\/uploads\\\/2024\\\/10\\\/workshop-okr.webp\",\"datePublished\":\"2024-10-16T20:18:19+00:00\",\"dateModified\":\"2026-04-23T12:36:14+00:00\",\"description\":\"OKR es un sistema de gesti\u00f3n de metas. Aprend\u00e9 los conceptos claves de este modelo y comenz\u00e1 a aplicarlos en tu organizaci\u00f3n.\",\"breadcrumb\":{\"@id\":\"https:\\\/\\\/kinetic-corp.com\\\/training\\\/formacion\\\/workshop-en-okr\\\/#breadcrumb\"},\"inLanguage\":\"es\",\"potentialAction\":[{\"@type\":\"ReadAction\",\"target\":[\"https:\\\/\\\/kinetic-corp.com\\\/training\\\/formacion\\\/workshop-en-okr\\\/\"]}]},{\"@type\":\"ImageObject\",\"inLanguage\":\"es\",\"@id\":\"https:\\\/\\\/kinetic-corp.com\\\/training\\\/formacion\\\/workshop-en-okr\\\/#primaryimage\",\"url\":\"https:\\\/\\\/kinetic-corp.com\\\/training\\\/wp-content\\\/uploads\\\/2024\\\/10\\\/workshop-okr.webp\",\"contentUrl\":\"https:\\\/\\\/kinetic-corp.com\\\/training\\\/wp-content\\\/uploads\\\/2024\\\/10\\\/workshop-okr.webp\",\"width\":650,\"height\":320,\"caption\":\"workshop-okr\"},{\"@type\":\"BreadcrumbList\",\"@id\":\"https:\\\/\\\/kinetic-corp.com\\\/training\\\/formacion\\\/workshop-en-okr\\\/#breadcrumb\",\"itemListElement\":[{\"@type\":\"ListItem\",\"position\":1,\"name\":\"Inicio\",\"item\":\"https:\\\/\\\/kinetic-corp.com\\\/training\\\/\"},{\"@type\":\"ListItem\",\"position\":2,\"name\":\"Formaciones\",\"item\":\"https:\\\/\\\/kinetic-corp.com\\\/training\\\/formaciones\\\/\"},{\"@type\":\"ListItem\",\"position\":3,\"name\":\"Agilidad\",\"item\":\"https:\\\/\\\/kinetic-corp.com\\\/training\\\/categoria\\\/agilidad\\\/\"},{\"@type\":\"ListItem\",\"position\":4,\"name\":\"Workshop en OKR\"}]},{\"@type\":\"WebSite\",\"@id\":\"https:\\\/\\\/kinetic-corp.com\\\/training\\\/#website\",\"url\":\"https:\\\/\\\/kinetic-corp.com\\\/training\\\/\",\"name\":\"Kinetic Training\",\"description\":\"Desarrolla tu talento\",\"publisher\":{\"@id\":\"https:\\\/\\\/kinetic-corp.com\\\/training\\\/#organization\"},\"potentialAction\":[{\"@type\":\"SearchAction\",\"target\":{\"@type\":\"EntryPoint\",\"urlTemplate\":\"https:\\\/\\\/kinetic-corp.com\\\/training\\\/?s={search_term_string}\"},\"query-input\":{\"@type\":\"PropertyValueSpecification\",\"valueRequired\":true,\"valueName\":\"search_term_string\"}}],\"inLanguage\":\"es\"},{\"@type\":\"Organization\",\"@id\":\"https:\\\/\\\/kinetic-corp.com\\\/training\\\/#organization\",\"name\":\"Kinetic Training\",\"url\":\"https:\\\/\\\/kinetic-corp.com\\\/training\\\/\",\"logo\":{\"@type\":\"ImageObject\",\"inLanguage\":\"es\",\"@id\":\"https:\\\/\\\/kinetic-corp.com\\\/training\\\/#\\\/schema\\\/logo\\\/image\\\/\",\"url\":\"https:\\\/\\\/kinetic-corp.com\\\/training\\\/wp-content\\\/uploads\\\/2024\\\/05\\\/kinetic-training-fw.svg\",\"contentUrl\":\"https:\\\/\\\/kinetic-corp.com\\\/training\\\/wp-content\\\/uploads\\\/2024\\\/05\\\/kinetic-training-fw.svg\",\"caption\":\"Kinetic Training\"},\"image\":{\"@id\":\"https:\\\/\\\/kinetic-corp.com\\\/training\\\/#\\\/schema\\\/logo\\\/image\\\/\"},\"sameAs\":[\"https:\\\/\\\/www.facebook.com\\\/kinetic.traininghub\",\"https:\\\/\\\/www.instagram.com\\\/kinetic.traininghub\\\/\",\"https:\\\/\\\/www.linkedin.com\\\/company\\\/kinetic-training\\\/\"]}]}<\/script>\n<!-- \/ Yoast SEO plugin. -->","yoast_head_json":{"title":"Workshop en OKR - Kinetic Training","description":"OKR es un sistema de gesti\u00f3n de metas. Aprend\u00e9 los conceptos claves de este modelo y comenz\u00e1 a aplicarlos en tu organizaci\u00f3n.","robots":{"index":"index","follow":"follow","max-snippet":"max-snippet:-1","max-image-preview":"max-image-preview:large","max-video-preview":"max-video-preview:-1"},"canonical":"https:\/\/kinetic-corp.com\/training\/formacion\/workshop-en-okr\/","og_locale":"es_ES","og_type":"article","og_title":"Workshop en OKR - Kinetic Training","og_description":"OKR es un sistema de gesti\u00f3n de metas. Aprend\u00e9 los conceptos claves de este modelo y comenz\u00e1 a aplicarlos en tu organizaci\u00f3n.","og_url":"https:\/\/kinetic-corp.com\/training\/formacion\/workshop-en-okr\/","og_site_name":"Kinetic Training","article_publisher":"https:\/\/www.facebook.com\/kinetic.traininghub","article_modified_time":"2026-04-23T12:36:14+00:00","og_image":[{"width":650,"height":320,"url":"https:\/\/kinetic-corp.com\/training\/wp-content\/uploads\/2024\/10\/workshop-okr.webp","type":"image\/webp"}],"twitter_card":"summary_large_image","twitter_misc":{"Tiempo de lectura":"1 minuto"},"schema":{"@context":"https:\/\/schema.org","@graph":[{"@type":"WebPage","@id":"https:\/\/kinetic-corp.com\/training\/formacion\/workshop-en-okr\/","url":"https:\/\/kinetic-corp.com\/training\/formacion\/workshop-en-okr\/","name":"Workshop en OKR - Kinetic Training","isPartOf":{"@id":"https:\/\/kinetic-corp.com\/training\/#website"},"primaryImageOfPage":{"@id":"https:\/\/kinetic-corp.com\/training\/formacion\/workshop-en-okr\/#primaryimage"},"image":{"@id":"https:\/\/kinetic-corp.com\/training\/formacion\/workshop-en-okr\/#primaryimage"},"thumbnailUrl":"https:\/\/kinetic-corp.com\/training\/wp-content\/uploads\/2024\/10\/workshop-okr.webp","datePublished":"2024-10-16T20:18:19+00:00","dateModified":"2026-04-23T12:36:14+00:00","description":"OKR es un sistema de gesti\u00f3n de metas. Aprend\u00e9 los conceptos claves de este modelo y comenz\u00e1 a aplicarlos en tu organizaci\u00f3n.","breadcrumb":{"@id":"https:\/\/kinetic-corp.com\/training\/formacion\/workshop-en-okr\/#breadcrumb"},"inLanguage":"es","potentialAction":[{"@type":"ReadAction","target":["https:\/\/kinetic-corp.com\/training\/formacion\/workshop-en-okr\/"]}]},{"@type":"ImageObject","inLanguage":"es","@id":"https:\/\/kinetic-corp.com\/training\/formacion\/workshop-en-okr\/#primaryimage","url":"https:\/\/kinetic-corp.com\/training\/wp-content\/uploads\/2024\/10\/workshop-okr.webp","contentUrl":"https:\/\/kinetic-corp.com\/training\/wp-content\/uploads\/2024\/10\/workshop-okr.webp","width":650,"height":320,"caption":"workshop-okr"},{"@type":"BreadcrumbList","@id":"https:\/\/kinetic-corp.com\/training\/formacion\/workshop-en-okr\/#breadcrumb","itemListElement":[{"@type":"ListItem","position":1,"name":"Inicio","item":"https:\/\/kinetic-corp.com\/training\/"},{"@type":"ListItem","position":2,"name":"Formaciones","item":"https:\/\/kinetic-corp.com\/training\/formaciones\/"},{"@type":"ListItem","position":3,"name":"Agilidad","item":"https:\/\/kinetic-corp.com\/training\/categoria\/agilidad\/"},{"@type":"ListItem","position":4,"name":"Workshop en OKR"}]},{"@type":"WebSite","@id":"https:\/\/kinetic-corp.com\/training\/#website","url":"https:\/\/kinetic-corp.com\/training\/","name":"Kinetic Training","description":"Desarrolla tu talento","publisher":{"@id":"https:\/\/kinetic-corp.com\/training\/#organization"},"potentialAction":[{"@type":"SearchAction","target":{"@type":"EntryPoint","urlTemplate":"https:\/\/kinetic-corp.com\/training\/?s={search_term_string}"},"query-input":{"@type":"PropertyValueSpecification","valueRequired":true,"valueName":"search_term_string"}}],"inLanguage":"es"},{"@type":"Organization","@id":"https:\/\/kinetic-corp.com\/training\/#organization","name":"Kinetic Training","url":"https:\/\/kinetic-corp.com\/training\/","logo":{"@type":"ImageObject","inLanguage":"es","@id":"https:\/\/kinetic-corp.com\/training\/#\/schema\/logo\/image\/","url":"https:\/\/kinetic-corp.com\/training\/wp-content\/uploads\/2024\/05\/kinetic-training-fw.svg","contentUrl":"https:\/\/kinetic-corp.com\/training\/wp-content\/uploads\/2024\/05\/kinetic-training-fw.svg","caption":"Kinetic Training"},"image":{"@id":"https:\/\/kinetic-corp.com\/training\/#\/schema\/logo\/image\/"},"sameAs":["https:\/\/www.facebook.com\/kinetic.traininghub","https:\/\/www.instagram.com\/kinetic.traininghub\/","https:\/\/www.linkedin.com\/company\/kinetic-training\/"]}]}},"_links":{"self":[{"href":"https:\/\/kinetic-corp.com\/training\/wp-json\/wp\/v2\/product\/5954","targetHints":{"allow":["GET"]}}],"collection":[{"href":"https:\/\/kinetic-corp.com\/training\/wp-json\/wp\/v2\/product"}],"about":[{"href":"https:\/\/kinetic-corp.com\/training\/wp-json\/wp\/v2\/types\/product"}],"wp:featuredmedia":[{"embeddable":true,"href":"https:\/\/kinetic-corp.com\/training\/wp-json\/wp\/v2\/media\/5971"}],"wp:attachment":[{"href":"https:\/\/kinetic-corp.com\/training\/wp-json\/wp\/v2\/media?parent=5954"}],"wp:term":[{"taxonomy":"modalidad","embeddable":true,"href":"https:\/\/kinetic-corp.com\/training\/wp-json\/wp\/v2\/modalidad?post=5954"},{"taxonomy":"product_brand","embeddable":true,"href":"https:\/\/kinetic-corp.com\/training\/wp-json\/wp\/v2\/product_brand?post=5954"},{"taxonomy":"product_cat","embeddable":true,"href":"https:\/\/kinetic-corp.com\/training\/wp-json\/wp\/v2\/product_cat?post=5954"},{"taxonomy":"product_tag","embeddable":true,"href":"https:\/\/kinetic-corp.com\/training\/wp-json\/wp\/v2\/product_tag?post=5954"}],"curies":[{"name":"wp","href":"https:\/\/api.w.org\/{rel}","templated":true}]}}