{"id":5962,"date":"2024-10-16T17:18:19","date_gmt":"2024-10-16T20:18:19","guid":{"rendered":"https:\/\/kinetic-corp.com\/training\/?post_type=product&#038;p=5962"},"modified":"2026-04-15T16:56:26","modified_gmt":"2026-04-15T19:56:26","slug":"gerenciamiento-de-proyectos","status":"publish","type":"product","link":"https:\/\/kinetic-corp.com\/training\/formacion\/gerenciamiento-de-proyectos\/","title":{"rendered":"Gerenciamiento de proyectos"},"content":{"rendered":"<p><span style=\"font-weight: 400;\">En este curso adquirir\u00e1s una comprensi\u00f3n s\u00f3lida de los conceptos, herramientas y t\u00e9cnicas fundamentales del gerenciamiento de proyectos. Desarrollar\u00e1s los conocimientos y habilidades necesarios para desempe\u00f1arte eficazmente como project manager.<\/span><\/p>\n","protected":false},"excerpt":{"rendered":"<p>En este curso adquirir\u00e1s una comprensi\u00f3n s\u00f3lida de los conceptos, herramientas y t\u00e9cnicas fundamentales del gerenciamiento de proyectos. Desarrollar\u00e1s los conocimientos y habilidades necesarios para desempe\u00f1arte eficazmente como project manager.<\/p>\n","protected":false},"featured_media":132,"template":"","meta":{"_acf_changed":false},"modalidad":[38],"product_brand":[],"product_cat":[29],"product_tag":[98],"class_list":{"0":"post-5962","1":"product","2":"type-product","3":"status-publish","4":"has-post-thumbnail","6":"modalidad-on-demand","7":"product_cat-gestion-de-proyectos","8":"product_tag-cyber-fest","10":"first","11":"instock","12":"virtual","13":"sold-individually","14":"purchasable","15":"product-type-simple"},"acf":[],"yoast_head":"<!-- This site is optimized with the Yoast SEO plugin v27.4 - https:\/\/yoast.com\/product\/yoast-seo-wordpress\/ -->\n<title>Gerenciamiento de proyectos - Kinetic Training<\/title>\n<meta name=\"description\" content=\"Comenz\u00e1 tu camino en el mundo del gerenciamiento de proyectos siguiendo los est\u00e1ndares del PMI y con la gu\u00eda de nuestros expertos.\" \/>\n<meta name=\"robots\" content=\"index, follow, max-snippet:-1, max-image-preview:large, max-video-preview:-1\" \/>\n<link rel=\"canonical\" href=\"https:\/\/kinetic-corp.com\/training\/formacion\/gerenciamiento-de-proyectos\/\" \/>\n<meta property=\"og:locale\" content=\"es_ES\" \/>\n<meta property=\"og:type\" content=\"article\" \/>\n<meta property=\"og:title\" content=\"Gerenciamiento de proyectos - Kinetic Training\" \/>\n<meta property=\"og:description\" content=\"Comenz\u00e1 tu camino en el mundo del gerenciamiento de proyectos siguiendo los est\u00e1ndares del PMI y con la gu\u00eda de nuestros expertos.\" \/>\n<meta property=\"og:url\" content=\"https:\/\/kinetic-corp.com\/training\/formacion\/gerenciamiento-de-proyectos\/\" \/>\n<meta property=\"og:site_name\" content=\"Kinetic Training\" \/>\n<meta property=\"article:publisher\" content=\"https:\/\/www.facebook.com\/kinetic.traininghub\" \/>\n<meta property=\"article:modified_time\" content=\"2026-04-15T19:56:26+00:00\" \/>\n<meta property=\"og:image\" content=\"https:\/\/kinetic-corp.com\/training\/wp-content\/uploads\/2024\/05\/Intro-a-la-gestion-de-proyectos-w.webp\" \/>\n\t<meta property=\"og:image:width\" content=\"650\" \/>\n\t<meta property=\"og:image:height\" content=\"320\" \/>\n\t<meta property=\"og:image:type\" content=\"image\/webp\" \/>\n<meta name=\"twitter:card\" content=\"summary_large_image\" \/>\n<meta name=\"twitter:label1\" content=\"Tiempo de lectura\" \/>\n\t<meta name=\"twitter:data1\" content=\"1 minuto\" \/>\n<script type=\"application\/ld+json\" class=\"yoast-schema-graph\">{\"@context\":\"https:\\\/\\\/schema.org\",\"@graph\":[{\"@type\":\"WebPage\",\"@id\":\"https:\\\/\\\/kinetic-corp.com\\\/training\\\/formacion\\\/gerenciamiento-de-proyectos\\\/\",\"url\":\"https:\\\/\\\/kinetic-corp.com\\\/training\\\/formacion\\\/gerenciamiento-de-proyectos\\\/\",\"name\":\"Gerenciamiento de proyectos - Kinetic Training\",\"isPartOf\":{\"@id\":\"https:\\\/\\\/kinetic-corp.com\\\/training\\\/#website\"},\"primaryImageOfPage\":{\"@id\":\"https:\\\/\\\/kinetic-corp.com\\\/training\\\/formacion\\\/gerenciamiento-de-proyectos\\\/#primaryimage\"},\"image\":{\"@id\":\"https:\\\/\\\/kinetic-corp.com\\\/training\\\/formacion\\\/gerenciamiento-de-proyectos\\\/#primaryimage\"},\"thumbnailUrl\":\"https:\\\/\\\/kinetic-corp.com\\\/training\\\/wp-content\\\/uploads\\\/2024\\\/05\\\/Intro-a-la-gestion-de-proyectos-w.webp\",\"datePublished\":\"2024-10-16T20:18:19+00:00\",\"dateModified\":\"2026-04-15T19:56:26+00:00\",\"description\":\"Comenz\u00e1 tu camino en el mundo del gerenciamiento de proyectos siguiendo los est\u00e1ndares del PMI y con la gu\u00eda de nuestros expertos.\",\"breadcrumb\":{\"@id\":\"https:\\\/\\\/kinetic-corp.com\\\/training\\\/formacion\\\/gerenciamiento-de-proyectos\\\/#breadcrumb\"},\"inLanguage\":\"es\",\"potentialAction\":[{\"@type\":\"ReadAction\",\"target\":[\"https:\\\/\\\/kinetic-corp.com\\\/training\\\/formacion\\\/gerenciamiento-de-proyectos\\\/\"]}]},{\"@type\":\"ImageObject\",\"inLanguage\":\"es\",\"@id\":\"https:\\\/\\\/kinetic-corp.com\\\/training\\\/formacion\\\/gerenciamiento-de-proyectos\\\/#primaryimage\",\"url\":\"https:\\\/\\\/kinetic-corp.com\\\/training\\\/wp-content\\\/uploads\\\/2024\\\/05\\\/Intro-a-la-gestion-de-proyectos-w.webp\",\"contentUrl\":\"https:\\\/\\\/kinetic-corp.com\\\/training\\\/wp-content\\\/uploads\\\/2024\\\/05\\\/Intro-a-la-gestion-de-proyectos-w.webp\",\"width\":650,\"height\":320,\"caption\":\"Iris Gasta\u00f1aga\"},{\"@type\":\"BreadcrumbList\",\"@id\":\"https:\\\/\\\/kinetic-corp.com\\\/training\\\/formacion\\\/gerenciamiento-de-proyectos\\\/#breadcrumb\",\"itemListElement\":[{\"@type\":\"ListItem\",\"position\":1,\"name\":\"Inicio\",\"item\":\"https:\\\/\\\/kinetic-corp.com\\\/training\\\/\"},{\"@type\":\"ListItem\",\"position\":2,\"name\":\"Formaciones\",\"item\":\"https:\\\/\\\/kinetic-corp.com\\\/training\\\/formaciones\\\/\"},{\"@type\":\"ListItem\",\"position\":3,\"name\":\"Gesti\u00f3n de proyectos\",\"item\":\"https:\\\/\\\/kinetic-corp.com\\\/training\\\/categoria\\\/gestion-de-proyectos\\\/\"},{\"@type\":\"ListItem\",\"position\":4,\"name\":\"Gerenciamiento de proyectos\"}]},{\"@type\":\"WebSite\",\"@id\":\"https:\\\/\\\/kinetic-corp.com\\\/training\\\/#website\",\"url\":\"https:\\\/\\\/kinetic-corp.com\\\/training\\\/\",\"name\":\"Kinetic Training\",\"description\":\"Desarrolla tu talento\",\"publisher\":{\"@id\":\"https:\\\/\\\/kinetic-corp.com\\\/training\\\/#organization\"},\"potentialAction\":[{\"@type\":\"SearchAction\",\"target\":{\"@type\":\"EntryPoint\",\"urlTemplate\":\"https:\\\/\\\/kinetic-corp.com\\\/training\\\/?s={search_term_string}\"},\"query-input\":{\"@type\":\"PropertyValueSpecification\",\"valueRequired\":true,\"valueName\":\"search_term_string\"}}],\"inLanguage\":\"es\"},{\"@type\":\"Organization\",\"@id\":\"https:\\\/\\\/kinetic-corp.com\\\/training\\\/#organization\",\"name\":\"Kinetic Training\",\"url\":\"https:\\\/\\\/kinetic-corp.com\\\/training\\\/\",\"logo\":{\"@type\":\"ImageObject\",\"inLanguage\":\"es\",\"@id\":\"https:\\\/\\\/kinetic-corp.com\\\/training\\\/#\\\/schema\\\/logo\\\/image\\\/\",\"url\":\"https:\\\/\\\/kinetic-corp.com\\\/training\\\/wp-content\\\/uploads\\\/2024\\\/05\\\/kinetic-training-fw.svg\",\"contentUrl\":\"https:\\\/\\\/kinetic-corp.com\\\/training\\\/wp-content\\\/uploads\\\/2024\\\/05\\\/kinetic-training-fw.svg\",\"caption\":\"Kinetic Training\"},\"image\":{\"@id\":\"https:\\\/\\\/kinetic-corp.com\\\/training\\\/#\\\/schema\\\/logo\\\/image\\\/\"},\"sameAs\":[\"https:\\\/\\\/www.facebook.com\\\/kinetic.traininghub\",\"https:\\\/\\\/www.instagram.com\\\/kinetic.traininghub\\\/\",\"https:\\\/\\\/www.linkedin.com\\\/company\\\/kinetic-training\\\/\"]}]}<\/script>\n<!-- \/ Yoast SEO plugin. -->","yoast_head_json":{"title":"Gerenciamiento de proyectos - Kinetic Training","description":"Comenz\u00e1 tu camino en el mundo del gerenciamiento de proyectos siguiendo los est\u00e1ndares del PMI y con la gu\u00eda de nuestros expertos.","robots":{"index":"index","follow":"follow","max-snippet":"max-snippet:-1","max-image-preview":"max-image-preview:large","max-video-preview":"max-video-preview:-1"},"canonical":"https:\/\/kinetic-corp.com\/training\/formacion\/gerenciamiento-de-proyectos\/","og_locale":"es_ES","og_type":"article","og_title":"Gerenciamiento de proyectos - Kinetic Training","og_description":"Comenz\u00e1 tu camino en el mundo del gerenciamiento de proyectos siguiendo los est\u00e1ndares del PMI y con la gu\u00eda de nuestros expertos.","og_url":"https:\/\/kinetic-corp.com\/training\/formacion\/gerenciamiento-de-proyectos\/","og_site_name":"Kinetic Training","article_publisher":"https:\/\/www.facebook.com\/kinetic.traininghub","article_modified_time":"2026-04-15T19:56:26+00:00","og_image":[{"width":650,"height":320,"url":"https:\/\/kinetic-corp.com\/training\/wp-content\/uploads\/2024\/05\/Intro-a-la-gestion-de-proyectos-w.webp","type":"image\/webp"}],"twitter_card":"summary_large_image","twitter_misc":{"Tiempo de lectura":"1 minuto"},"schema":{"@context":"https:\/\/schema.org","@graph":[{"@type":"WebPage","@id":"https:\/\/kinetic-corp.com\/training\/formacion\/gerenciamiento-de-proyectos\/","url":"https:\/\/kinetic-corp.com\/training\/formacion\/gerenciamiento-de-proyectos\/","name":"Gerenciamiento de proyectos - Kinetic Training","isPartOf":{"@id":"https:\/\/kinetic-corp.com\/training\/#website"},"primaryImageOfPage":{"@id":"https:\/\/kinetic-corp.com\/training\/formacion\/gerenciamiento-de-proyectos\/#primaryimage"},"image":{"@id":"https:\/\/kinetic-corp.com\/training\/formacion\/gerenciamiento-de-proyectos\/#primaryimage"},"thumbnailUrl":"https:\/\/kinetic-corp.com\/training\/wp-content\/uploads\/2024\/05\/Intro-a-la-gestion-de-proyectos-w.webp","datePublished":"2024-10-16T20:18:19+00:00","dateModified":"2026-04-15T19:56:26+00:00","description":"Comenz\u00e1 tu camino en el mundo del gerenciamiento de proyectos siguiendo los est\u00e1ndares del PMI y con la gu\u00eda de nuestros expertos.","breadcrumb":{"@id":"https:\/\/kinetic-corp.com\/training\/formacion\/gerenciamiento-de-proyectos\/#breadcrumb"},"inLanguage":"es","potentialAction":[{"@type":"ReadAction","target":["https:\/\/kinetic-corp.com\/training\/formacion\/gerenciamiento-de-proyectos\/"]}]},{"@type":"ImageObject","inLanguage":"es","@id":"https:\/\/kinetic-corp.com\/training\/formacion\/gerenciamiento-de-proyectos\/#primaryimage","url":"https:\/\/kinetic-corp.com\/training\/wp-content\/uploads\/2024\/05\/Intro-a-la-gestion-de-proyectos-w.webp","contentUrl":"https:\/\/kinetic-corp.com\/training\/wp-content\/uploads\/2024\/05\/Intro-a-la-gestion-de-proyectos-w.webp","width":650,"height":320,"caption":"Iris Gasta\u00f1aga"},{"@type":"BreadcrumbList","@id":"https:\/\/kinetic-corp.com\/training\/formacion\/gerenciamiento-de-proyectos\/#breadcrumb","itemListElement":[{"@type":"ListItem","position":1,"name":"Inicio","item":"https:\/\/kinetic-corp.com\/training\/"},{"@type":"ListItem","position":2,"name":"Formaciones","item":"https:\/\/kinetic-corp.com\/training\/formaciones\/"},{"@type":"ListItem","position":3,"name":"Gesti\u00f3n de proyectos","item":"https:\/\/kinetic-corp.com\/training\/categoria\/gestion-de-proyectos\/"},{"@type":"ListItem","position":4,"name":"Gerenciamiento de proyectos"}]},{"@type":"WebSite","@id":"https:\/\/kinetic-corp.com\/training\/#website","url":"https:\/\/kinetic-corp.com\/training\/","name":"Kinetic Training","description":"Desarrolla tu talento","publisher":{"@id":"https:\/\/kinetic-corp.com\/training\/#organization"},"potentialAction":[{"@type":"SearchAction","target":{"@type":"EntryPoint","urlTemplate":"https:\/\/kinetic-corp.com\/training\/?s={search_term_string}"},"query-input":{"@type":"PropertyValueSpecification","valueRequired":true,"valueName":"search_term_string"}}],"inLanguage":"es"},{"@type":"Organization","@id":"https:\/\/kinetic-corp.com\/training\/#organization","name":"Kinetic Training","url":"https:\/\/kinetic-corp.com\/training\/","logo":{"@type":"ImageObject","inLanguage":"es","@id":"https:\/\/kinetic-corp.com\/training\/#\/schema\/logo\/image\/","url":"https:\/\/kinetic-corp.com\/training\/wp-content\/uploads\/2024\/05\/kinetic-training-fw.svg","contentUrl":"https:\/\/kinetic-corp.com\/training\/wp-content\/uploads\/2024\/05\/kinetic-training-fw.svg","caption":"Kinetic Training"},"image":{"@id":"https:\/\/kinetic-corp.com\/training\/#\/schema\/logo\/image\/"},"sameAs":["https:\/\/www.facebook.com\/kinetic.traininghub","https:\/\/www.instagram.com\/kinetic.traininghub\/","https:\/\/www.linkedin.com\/company\/kinetic-training\/"]}]}},"_links":{"self":[{"href":"https:\/\/kinetic-corp.com\/training\/wp-json\/wp\/v2\/product\/5962","targetHints":{"allow":["GET"]}}],"collection":[{"href":"https:\/\/kinetic-corp.com\/training\/wp-json\/wp\/v2\/product"}],"about":[{"href":"https:\/\/kinetic-corp.com\/training\/wp-json\/wp\/v2\/types\/product"}],"wp:featuredmedia":[{"embeddable":true,"href":"https:\/\/kinetic-corp.com\/training\/wp-json\/wp\/v2\/media\/132"}],"wp:attachment":[{"href":"https:\/\/kinetic-corp.com\/training\/wp-json\/wp\/v2\/media?parent=5962"}],"wp:term":[{"taxonomy":"modalidad","embeddable":true,"href":"https:\/\/kinetic-corp.com\/training\/wp-json\/wp\/v2\/modalidad?post=5962"},{"taxonomy":"product_brand","embeddable":true,"href":"https:\/\/kinetic-corp.com\/training\/wp-json\/wp\/v2\/product_brand?post=5962"},{"taxonomy":"product_cat","embeddable":true,"href":"https:\/\/kinetic-corp.com\/training\/wp-json\/wp\/v2\/product_cat?post=5962"},{"taxonomy":"product_tag","embeddable":true,"href":"https:\/\/kinetic-corp.com\/training\/wp-json\/wp\/v2\/product_tag?post=5962"}],"curies":[{"name":"wp","href":"https:\/\/api.w.org\/{rel}","templated":true}]}}