{"id":5983,"date":"2024-10-16T17:18:31","date_gmt":"2024-10-16T20:18:31","guid":{"rendered":"https:\/\/kinetic-corp.com\/training\/?post_type=product&#038;p=5983"},"modified":"2026-04-23T12:18:50","modified_gmt":"2026-04-23T15:18:50","slug":"especializacion-para-lideres-de-producto","status":"publish","type":"product","link":"https:\/\/kinetic-corp.com\/training\/formacion\/especializacion-para-lideres-de-producto\/","title":{"rendered":"Especializaci\u00f3n para l\u00edderes de producto"},"content":{"rendered":"<p><span style=\"font-weight: 400;\">Avanz\u00e1 en tus habilidades de gesti\u00f3n de producto profundizando en pr\u00e1cticas reales de herramientas avanzadas que necesit\u00e1s en tu d\u00eda a d\u00eda.<\/span><\/p>\n<p><span style=\"font-weight: 400;\">Esta formaci\u00f3n te permitir\u00e1 desempe\u00f1arte en un contexto cambiante, para poder elegir las mejores t\u00e9cnicas de producto en los desaf\u00edos diarios y adoptar diferentes visiones sobre los roles y din\u00e1micas \u00e1giles que te permitan tomar mejores decisiones para el equipo y el producto.<\/span><\/p>\n<p><span style=\"font-weight: 400;\">Al finalizar, tendr\u00e1s la posibilidad de acceder a la certificaci\u00f3n internacional brindada por la entidad Scrum Manager.<\/span><\/p>\n<p><a href=\"https:\/\/kinetic-corp.com\/training\/wp-content\/uploads\/2024\/12\/scrummanager_logotype.svg\"><img decoding=\"async\" class=\"alignnone wp-image-7678\" src=\"https:\/\/kinetic-corp.com\/training\/wp-content\/uploads\/2024\/12\/scrummanager_logotype.svg\" alt=\"scrummanager\" width=\"200\" \/><\/a> \u00a0 \u00a0<a href=\"https:\/\/kinetic-corp.com\/training\/wp-content\/uploads\/2024\/06\/certificado-product-owner.png\"><img decoding=\"async\" class=\"alignnone wp-image-2245\" src=\"https:\/\/kinetic-corp.com\/training\/wp-content\/uploads\/2024\/06\/certificado-product-owner-150x150.png\" alt=\"certificado product owner\" width=\"75\" height=\"69\" srcset=\"https:\/\/kinetic-corp.com\/training\/wp-content\/uploads\/2024\/06\/certificado-product-owner-300x277.png 300w, https:\/\/kinetic-corp.com\/training\/wp-content\/uploads\/2024\/06\/certificado-product-owner-97x90.png 97w, https:\/\/kinetic-corp.com\/training\/wp-content\/uploads\/2024\/06\/certificado-product-owner.png 542w\" sizes=\"(max-width: 75px) 100vw, 75px\" \/><\/a><\/p>\n<p>En Kinetic Training, hemos sido reconocidos por Scrum Manager como Gold Partners por nuestra contribuci\u00f3n a la instituci\u00f3n internacional durante 2023.<\/p>\n<p><a href=\"https:\/\/kinetic-corp.com\/training\/wp-content\/uploads\/2024\/12\/Partne-h-gold-2023-e1723490504184.webp\"><img decoding=\"async\" class=\"alignnone wp-image-7680 size-full\" src=\"https:\/\/kinetic-corp.com\/training\/wp-content\/uploads\/2024\/12\/Partne-h-gold-2023-e1723490504184.webp\" alt=\"Partne-h-gold\" width=\"150\" height=\"57\" \/><\/a><\/p>\n","protected":false},"excerpt":{"rendered":"<p>Avanz\u00e1 en tus habilidades de gesti\u00f3n de producto profundizando en pr\u00e1cticas reales de herramientas avanzadas que necesit\u00e1s en tu d\u00eda a d\u00eda. Esta formaci\u00f3n te permitir\u00e1 desempe\u00f1arte en un contexto cambiante, para poder elegir las mejores t\u00e9cnicas de producto en los desaf\u00edos diarios y adoptar diferentes visiones sobre los roles y din\u00e1micas \u00e1giles que te [&hellip;]<\/p>\n","protected":false},"featured_media":159,"template":"","meta":{"_acf_changed":false},"modalidad":[39],"product_brand":[],"product_cat":[27,82],"product_tag":[],"class_list":{"0":"post-5983","1":"product","2":"type-product","3":"status-publish","4":"has-post-thumbnail","6":"modalidad-live-class","7":"product_cat-agilidad","8":"product_cat-producto","10":"first","11":"instock","12":"sale","13":"virtual","14":"purchasable","15":"product-type-simple"},"acf":[],"yoast_head":"<!-- This site is optimized with the Yoast SEO plugin v27.4 - https:\/\/yoast.com\/product\/yoast-seo-wordpress\/ -->\n<title>Especializaci\u00f3n para l\u00edderes de producto - Kinetic Training<\/title>\n<meta name=\"description\" content=\"Formaci\u00f3n orientada a l\u00edderes de producto que quieran poner en pr\u00e1ctica herramientas avanzadas para desempe\u00f1arse en un contexto cambiante.\" \/>\n<meta name=\"robots\" content=\"index, follow, max-snippet:-1, max-image-preview:large, max-video-preview:-1\" \/>\n<link rel=\"canonical\" href=\"https:\/\/kinetic-corp.com\/training\/formacion\/especializacion-para-lideres-de-producto\/\" \/>\n<meta property=\"og:locale\" content=\"es_ES\" \/>\n<meta property=\"og:type\" content=\"article\" \/>\n<meta property=\"og:title\" content=\"Especializaci\u00f3n para l\u00edderes de producto - Kinetic Training\" \/>\n<meta property=\"og:description\" content=\"Formaci\u00f3n orientada a l\u00edderes de producto que quieran poner en pr\u00e1ctica herramientas avanzadas para desempe\u00f1arse en un contexto cambiante.\" \/>\n<meta property=\"og:url\" content=\"https:\/\/kinetic-corp.com\/training\/formacion\/especializacion-para-lideres-de-producto\/\" \/>\n<meta property=\"og:site_name\" content=\"Kinetic Training\" \/>\n<meta property=\"article:publisher\" content=\"https:\/\/www.facebook.com\/kinetic.traininghub\" \/>\n<meta property=\"article:modified_time\" content=\"2026-04-23T15:18:50+00:00\" \/>\n<meta property=\"og:image\" content=\"https:\/\/kinetic-corp.com\/training\/wp-content\/uploads\/2024\/05\/retrato-ejecutivos-sonrientes-escribiendo-notas-adhesivas-1-scaled-1.jpg\" \/>\n\t<meta property=\"og:image:width\" content=\"1600\" \/>\n\t<meta property=\"og:image:height\" content=\"651\" \/>\n\t<meta property=\"og:image:type\" content=\"image\/jpeg\" \/>\n<meta name=\"twitter:card\" content=\"summary_large_image\" \/>\n<meta name=\"twitter:label1\" content=\"Tiempo de lectura\" \/>\n\t<meta name=\"twitter:data1\" content=\"2 minutos\" \/>\n<script type=\"application\/ld+json\" class=\"yoast-schema-graph\">{\"@context\":\"https:\\\/\\\/schema.org\",\"@graph\":[{\"@type\":\"WebPage\",\"@id\":\"https:\\\/\\\/kinetic-corp.com\\\/training\\\/formacion\\\/especializacion-para-lideres-de-producto\\\/\",\"url\":\"https:\\\/\\\/kinetic-corp.com\\\/training\\\/formacion\\\/especializacion-para-lideres-de-producto\\\/\",\"name\":\"Especializaci\u00f3n para l\u00edderes de producto - Kinetic Training\",\"isPartOf\":{\"@id\":\"https:\\\/\\\/kinetic-corp.com\\\/training\\\/#website\"},\"primaryImageOfPage\":{\"@id\":\"https:\\\/\\\/kinetic-corp.com\\\/training\\\/formacion\\\/especializacion-para-lideres-de-producto\\\/#primaryimage\"},\"image\":{\"@id\":\"https:\\\/\\\/kinetic-corp.com\\\/training\\\/formacion\\\/especializacion-para-lideres-de-producto\\\/#primaryimage\"},\"thumbnailUrl\":\"https:\\\/\\\/kinetic-corp.com\\\/training\\\/wp-content\\\/uploads\\\/2024\\\/05\\\/retrato-ejecutivos-sonrientes-escribiendo-notas-adhesivas-1-scaled-1.jpg\",\"datePublished\":\"2024-10-16T20:18:31+00:00\",\"dateModified\":\"2026-04-23T15:18:50+00:00\",\"description\":\"Formaci\u00f3n orientada a l\u00edderes de producto que quieran poner en pr\u00e1ctica herramientas avanzadas para desempe\u00f1arse en un contexto cambiante.\",\"breadcrumb\":{\"@id\":\"https:\\\/\\\/kinetic-corp.com\\\/training\\\/formacion\\\/especializacion-para-lideres-de-producto\\\/#breadcrumb\"},\"inLanguage\":\"es\",\"potentialAction\":[{\"@type\":\"ReadAction\",\"target\":[\"https:\\\/\\\/kinetic-corp.com\\\/training\\\/formacion\\\/especializacion-para-lideres-de-producto\\\/\"]}]},{\"@type\":\"ImageObject\",\"inLanguage\":\"es\",\"@id\":\"https:\\\/\\\/kinetic-corp.com\\\/training\\\/formacion\\\/especializacion-para-lideres-de-producto\\\/#primaryimage\",\"url\":\"https:\\\/\\\/kinetic-corp.com\\\/training\\\/wp-content\\\/uploads\\\/2024\\\/05\\\/retrato-ejecutivos-sonrientes-escribiendo-notas-adhesivas-1-scaled-1.jpg\",\"contentUrl\":\"https:\\\/\\\/kinetic-corp.com\\\/training\\\/wp-content\\\/uploads\\\/2024\\\/05\\\/retrato-ejecutivos-sonrientes-escribiendo-notas-adhesivas-1-scaled-1.jpg\",\"width\":1600,\"height\":651},{\"@type\":\"BreadcrumbList\",\"@id\":\"https:\\\/\\\/kinetic-corp.com\\\/training\\\/formacion\\\/especializacion-para-lideres-de-producto\\\/#breadcrumb\",\"itemListElement\":[{\"@type\":\"ListItem\",\"position\":1,\"name\":\"Inicio\",\"item\":\"https:\\\/\\\/kinetic-corp.com\\\/training\\\/\"},{\"@type\":\"ListItem\",\"position\":2,\"name\":\"Formaciones\",\"item\":\"https:\\\/\\\/kinetic-corp.com\\\/training\\\/formaciones\\\/\"},{\"@type\":\"ListItem\",\"position\":3,\"name\":\"Agilidad\",\"item\":\"https:\\\/\\\/kinetic-corp.com\\\/training\\\/categoria\\\/agilidad\\\/\"},{\"@type\":\"ListItem\",\"position\":4,\"name\":\"Especializaci\u00f3n para l\u00edderes de producto\"}]},{\"@type\":\"WebSite\",\"@id\":\"https:\\\/\\\/kinetic-corp.com\\\/training\\\/#website\",\"url\":\"https:\\\/\\\/kinetic-corp.com\\\/training\\\/\",\"name\":\"Kinetic Training\",\"description\":\"Desarrolla tu talento\",\"publisher\":{\"@id\":\"https:\\\/\\\/kinetic-corp.com\\\/training\\\/#organization\"},\"potentialAction\":[{\"@type\":\"SearchAction\",\"target\":{\"@type\":\"EntryPoint\",\"urlTemplate\":\"https:\\\/\\\/kinetic-corp.com\\\/training\\\/?s={search_term_string}\"},\"query-input\":{\"@type\":\"PropertyValueSpecification\",\"valueRequired\":true,\"valueName\":\"search_term_string\"}}],\"inLanguage\":\"es\"},{\"@type\":\"Organization\",\"@id\":\"https:\\\/\\\/kinetic-corp.com\\\/training\\\/#organization\",\"name\":\"Kinetic Training\",\"url\":\"https:\\\/\\\/kinetic-corp.com\\\/training\\\/\",\"logo\":{\"@type\":\"ImageObject\",\"inLanguage\":\"es\",\"@id\":\"https:\\\/\\\/kinetic-corp.com\\\/training\\\/#\\\/schema\\\/logo\\\/image\\\/\",\"url\":\"https:\\\/\\\/kinetic-corp.com\\\/training\\\/wp-content\\\/uploads\\\/2024\\\/05\\\/kinetic-training-fw.svg\",\"contentUrl\":\"https:\\\/\\\/kinetic-corp.com\\\/training\\\/wp-content\\\/uploads\\\/2024\\\/05\\\/kinetic-training-fw.svg\",\"caption\":\"Kinetic Training\"},\"image\":{\"@id\":\"https:\\\/\\\/kinetic-corp.com\\\/training\\\/#\\\/schema\\\/logo\\\/image\\\/\"},\"sameAs\":[\"https:\\\/\\\/www.facebook.com\\\/kinetic.traininghub\",\"https:\\\/\\\/www.instagram.com\\\/kinetic.traininghub\\\/\",\"https:\\\/\\\/www.linkedin.com\\\/company\\\/kinetic-training\\\/\"]}]}<\/script>\n<!-- \/ Yoast SEO plugin. -->","yoast_head_json":{"title":"Especializaci\u00f3n para l\u00edderes de producto - Kinetic Training","description":"Formaci\u00f3n orientada a l\u00edderes de producto que quieran poner en pr\u00e1ctica herramientas avanzadas para desempe\u00f1arse en un contexto cambiante.","robots":{"index":"index","follow":"follow","max-snippet":"max-snippet:-1","max-image-preview":"max-image-preview:large","max-video-preview":"max-video-preview:-1"},"canonical":"https:\/\/kinetic-corp.com\/training\/formacion\/especializacion-para-lideres-de-producto\/","og_locale":"es_ES","og_type":"article","og_title":"Especializaci\u00f3n para l\u00edderes de producto - Kinetic Training","og_description":"Formaci\u00f3n orientada a l\u00edderes de producto que quieran poner en pr\u00e1ctica herramientas avanzadas para desempe\u00f1arse en un contexto cambiante.","og_url":"https:\/\/kinetic-corp.com\/training\/formacion\/especializacion-para-lideres-de-producto\/","og_site_name":"Kinetic Training","article_publisher":"https:\/\/www.facebook.com\/kinetic.traininghub","article_modified_time":"2026-04-23T15:18:50+00:00","og_image":[{"width":1600,"height":651,"url":"https:\/\/kinetic-corp.com\/training\/wp-content\/uploads\/2024\/05\/retrato-ejecutivos-sonrientes-escribiendo-notas-adhesivas-1-scaled-1.jpg","type":"image\/jpeg"}],"twitter_card":"summary_large_image","twitter_misc":{"Tiempo de lectura":"2 minutos"},"schema":{"@context":"https:\/\/schema.org","@graph":[{"@type":"WebPage","@id":"https:\/\/kinetic-corp.com\/training\/formacion\/especializacion-para-lideres-de-producto\/","url":"https:\/\/kinetic-corp.com\/training\/formacion\/especializacion-para-lideres-de-producto\/","name":"Especializaci\u00f3n para l\u00edderes de producto - Kinetic Training","isPartOf":{"@id":"https:\/\/kinetic-corp.com\/training\/#website"},"primaryImageOfPage":{"@id":"https:\/\/kinetic-corp.com\/training\/formacion\/especializacion-para-lideres-de-producto\/#primaryimage"},"image":{"@id":"https:\/\/kinetic-corp.com\/training\/formacion\/especializacion-para-lideres-de-producto\/#primaryimage"},"thumbnailUrl":"https:\/\/kinetic-corp.com\/training\/wp-content\/uploads\/2024\/05\/retrato-ejecutivos-sonrientes-escribiendo-notas-adhesivas-1-scaled-1.jpg","datePublished":"2024-10-16T20:18:31+00:00","dateModified":"2026-04-23T15:18:50+00:00","description":"Formaci\u00f3n orientada a l\u00edderes de producto que quieran poner en pr\u00e1ctica herramientas avanzadas para desempe\u00f1arse en un contexto cambiante.","breadcrumb":{"@id":"https:\/\/kinetic-corp.com\/training\/formacion\/especializacion-para-lideres-de-producto\/#breadcrumb"},"inLanguage":"es","potentialAction":[{"@type":"ReadAction","target":["https:\/\/kinetic-corp.com\/training\/formacion\/especializacion-para-lideres-de-producto\/"]}]},{"@type":"ImageObject","inLanguage":"es","@id":"https:\/\/kinetic-corp.com\/training\/formacion\/especializacion-para-lideres-de-producto\/#primaryimage","url":"https:\/\/kinetic-corp.com\/training\/wp-content\/uploads\/2024\/05\/retrato-ejecutivos-sonrientes-escribiendo-notas-adhesivas-1-scaled-1.jpg","contentUrl":"https:\/\/kinetic-corp.com\/training\/wp-content\/uploads\/2024\/05\/retrato-ejecutivos-sonrientes-escribiendo-notas-adhesivas-1-scaled-1.jpg","width":1600,"height":651},{"@type":"BreadcrumbList","@id":"https:\/\/kinetic-corp.com\/training\/formacion\/especializacion-para-lideres-de-producto\/#breadcrumb","itemListElement":[{"@type":"ListItem","position":1,"name":"Inicio","item":"https:\/\/kinetic-corp.com\/training\/"},{"@type":"ListItem","position":2,"name":"Formaciones","item":"https:\/\/kinetic-corp.com\/training\/formaciones\/"},{"@type":"ListItem","position":3,"name":"Agilidad","item":"https:\/\/kinetic-corp.com\/training\/categoria\/agilidad\/"},{"@type":"ListItem","position":4,"name":"Especializaci\u00f3n para l\u00edderes de producto"}]},{"@type":"WebSite","@id":"https:\/\/kinetic-corp.com\/training\/#website","url":"https:\/\/kinetic-corp.com\/training\/","name":"Kinetic Training","description":"Desarrolla tu talento","publisher":{"@id":"https:\/\/kinetic-corp.com\/training\/#organization"},"potentialAction":[{"@type":"SearchAction","target":{"@type":"EntryPoint","urlTemplate":"https:\/\/kinetic-corp.com\/training\/?s={search_term_string}"},"query-input":{"@type":"PropertyValueSpecification","valueRequired":true,"valueName":"search_term_string"}}],"inLanguage":"es"},{"@type":"Organization","@id":"https:\/\/kinetic-corp.com\/training\/#organization","name":"Kinetic Training","url":"https:\/\/kinetic-corp.com\/training\/","logo":{"@type":"ImageObject","inLanguage":"es","@id":"https:\/\/kinetic-corp.com\/training\/#\/schema\/logo\/image\/","url":"https:\/\/kinetic-corp.com\/training\/wp-content\/uploads\/2024\/05\/kinetic-training-fw.svg","contentUrl":"https:\/\/kinetic-corp.com\/training\/wp-content\/uploads\/2024\/05\/kinetic-training-fw.svg","caption":"Kinetic Training"},"image":{"@id":"https:\/\/kinetic-corp.com\/training\/#\/schema\/logo\/image\/"},"sameAs":["https:\/\/www.facebook.com\/kinetic.traininghub","https:\/\/www.instagram.com\/kinetic.traininghub\/","https:\/\/www.linkedin.com\/company\/kinetic-training\/"]}]}},"_links":{"self":[{"href":"https:\/\/kinetic-corp.com\/training\/wp-json\/wp\/v2\/product\/5983","targetHints":{"allow":["GET"]}}],"collection":[{"href":"https:\/\/kinetic-corp.com\/training\/wp-json\/wp\/v2\/product"}],"about":[{"href":"https:\/\/kinetic-corp.com\/training\/wp-json\/wp\/v2\/types\/product"}],"wp:featuredmedia":[{"embeddable":true,"href":"https:\/\/kinetic-corp.com\/training\/wp-json\/wp\/v2\/media\/159"}],"wp:attachment":[{"href":"https:\/\/kinetic-corp.com\/training\/wp-json\/wp\/v2\/media?parent=5983"}],"wp:term":[{"taxonomy":"modalidad","embeddable":true,"href":"https:\/\/kinetic-corp.com\/training\/wp-json\/wp\/v2\/modalidad?post=5983"},{"taxonomy":"product_brand","embeddable":true,"href":"https:\/\/kinetic-corp.com\/training\/wp-json\/wp\/v2\/product_brand?post=5983"},{"taxonomy":"product_cat","embeddable":true,"href":"https:\/\/kinetic-corp.com\/training\/wp-json\/wp\/v2\/product_cat?post=5983"},{"taxonomy":"product_tag","embeddable":true,"href":"https:\/\/kinetic-corp.com\/training\/wp-json\/wp\/v2\/product_tag?post=5983"}],"curies":[{"name":"wp","href":"https:\/\/api.w.org\/{rel}","templated":true}]}}