{"id":5996,"date":"2024-10-16T17:18:32","date_gmt":"2024-10-16T20:18:32","guid":{"rendered":"https:\/\/kinetic-corp.com\/training\/?post_type=product&#038;p=5996"},"modified":"2026-02-27T12:33:30","modified_gmt":"2026-02-27T15:33:30","slug":"conversaciones-desafiantes","status":"publish","type":"product","link":"https:\/\/kinetic-corp.com\/training\/formacion\/conversaciones-desafiantes\/","title":{"rendered":"Conversaciones desafiantes"},"content":{"rendered":"<p><span style=\"font-weight: 400;\">En esta formaci\u00f3n te acompa\u00f1aremos en el desarrollo de competencias comunicativas que te permitan el reconocimiento de modelos mentales y de comunicaci\u00f3n, caracter\u00edsticas, mapa de conflictos y estrategias de resoluci\u00f3n.<\/span><\/p>\n<p><span style=\"font-weight: 400;\">Los encuentros incluyen contenidos te\u00f3ricos, pr\u00e1cticos y vivenciales.<\/span><\/p>\n","protected":false},"excerpt":{"rendered":"<p>En esta formaci\u00f3n te acompa\u00f1aremos en el desarrollo de competencias comunicativas que te permitan el reconocimiento de modelos mentales y de comunicaci\u00f3n, caracter\u00edsticas, mapa de conflictos y estrategias de resoluci\u00f3n. Los encuentros incluyen contenidos te\u00f3ricos, pr\u00e1cticos y vivenciales.<\/p>\n","protected":false},"featured_media":166,"template":"","meta":{"_acf_changed":false},"modalidad":[39],"product_brand":[],"product_cat":[28],"product_tag":[],"class_list":{"0":"post-5996","1":"product","2":"type-product","3":"status-publish","4":"has-post-thumbnail","6":"modalidad-live-class","7":"product_cat-habilidades-potenciadoras","9":"first","10":"instock","11":"sale","12":"virtual","13":"sold-individually","14":"purchasable","15":"product-type-simple"},"acf":[],"yoast_head":"<!-- This site is optimized with the Yoast SEO plugin v27.4 - https:\/\/yoast.com\/product\/yoast-seo-wordpress\/ -->\n<title>Conversaciones desafiantes - Kinetic Training<\/title>\n<meta name=\"description\" content=\"En esta formaci\u00f3n aprender\u00e1s a transformar conversaciones dif\u00edciles en conversaciones de posibilidad y desarrollar\u00e1s nuevas competencias comunicativas.\" \/>\n<meta name=\"robots\" content=\"index, follow, max-snippet:-1, max-image-preview:large, max-video-preview:-1\" \/>\n<link rel=\"canonical\" href=\"https:\/\/kinetic-corp.com\/training\/formacion\/conversaciones-desafiantes\/\" \/>\n<meta property=\"og:locale\" content=\"es_ES\" \/>\n<meta property=\"og:type\" content=\"article\" \/>\n<meta property=\"og:title\" content=\"Conversaciones desafiantes - Kinetic Training\" \/>\n<meta property=\"og:description\" content=\"En esta formaci\u00f3n aprender\u00e1s a transformar conversaciones dif\u00edciles en conversaciones de posibilidad y desarrollar\u00e1s nuevas competencias comunicativas.\" \/>\n<meta property=\"og:url\" content=\"https:\/\/kinetic-corp.com\/training\/formacion\/conversaciones-desafiantes\/\" \/>\n<meta property=\"og:site_name\" content=\"Kinetic Training\" \/>\n<meta property=\"article:publisher\" content=\"https:\/\/www.facebook.com\/kinetic.traininghub\" \/>\n<meta property=\"article:modified_time\" content=\"2026-02-27T15:33:30+00:00\" \/>\n<meta property=\"og:image\" content=\"https:\/\/kinetic-corp.com\/training\/wp-content\/uploads\/2024\/05\/personas-que-comunican-scaled-1.jpg\" \/>\n\t<meta property=\"og:image:width\" content=\"1600\" \/>\n\t<meta property=\"og:image:height\" content=\"1067\" \/>\n\t<meta property=\"og:image:type\" content=\"image\/jpeg\" \/>\n<meta name=\"twitter:card\" content=\"summary_large_image\" \/>\n<meta name=\"twitter:label1\" content=\"Tiempo de lectura\" \/>\n\t<meta name=\"twitter:data1\" content=\"1 minuto\" \/>\n<script type=\"application\/ld+json\" class=\"yoast-schema-graph\">{\"@context\":\"https:\\\/\\\/schema.org\",\"@graph\":[{\"@type\":\"WebPage\",\"@id\":\"https:\\\/\\\/kinetic-corp.com\\\/training\\\/formacion\\\/conversaciones-desafiantes\\\/\",\"url\":\"https:\\\/\\\/kinetic-corp.com\\\/training\\\/formacion\\\/conversaciones-desafiantes\\\/\",\"name\":\"Conversaciones desafiantes - Kinetic Training\",\"isPartOf\":{\"@id\":\"https:\\\/\\\/kinetic-corp.com\\\/training\\\/#website\"},\"primaryImageOfPage\":{\"@id\":\"https:\\\/\\\/kinetic-corp.com\\\/training\\\/formacion\\\/conversaciones-desafiantes\\\/#primaryimage\"},\"image\":{\"@id\":\"https:\\\/\\\/kinetic-corp.com\\\/training\\\/formacion\\\/conversaciones-desafiantes\\\/#primaryimage\"},\"thumbnailUrl\":\"https:\\\/\\\/kinetic-corp.com\\\/training\\\/wp-content\\\/uploads\\\/2024\\\/05\\\/personas-que-comunican-scaled-1.jpg\",\"datePublished\":\"2024-10-16T20:18:32+00:00\",\"dateModified\":\"2026-02-27T15:33:30+00:00\",\"description\":\"En esta formaci\u00f3n aprender\u00e1s a transformar conversaciones dif\u00edciles en conversaciones de posibilidad y desarrollar\u00e1s nuevas competencias comunicativas.\",\"breadcrumb\":{\"@id\":\"https:\\\/\\\/kinetic-corp.com\\\/training\\\/formacion\\\/conversaciones-desafiantes\\\/#breadcrumb\"},\"inLanguage\":\"es\",\"potentialAction\":[{\"@type\":\"ReadAction\",\"target\":[\"https:\\\/\\\/kinetic-corp.com\\\/training\\\/formacion\\\/conversaciones-desafiantes\\\/\"]}]},{\"@type\":\"ImageObject\",\"inLanguage\":\"es\",\"@id\":\"https:\\\/\\\/kinetic-corp.com\\\/training\\\/formacion\\\/conversaciones-desafiantes\\\/#primaryimage\",\"url\":\"https:\\\/\\\/kinetic-corp.com\\\/training\\\/wp-content\\\/uploads\\\/2024\\\/05\\\/personas-que-comunican-scaled-1.jpg\",\"contentUrl\":\"https:\\\/\\\/kinetic-corp.com\\\/training\\\/wp-content\\\/uploads\\\/2024\\\/05\\\/personas-que-comunican-scaled-1.jpg\",\"width\":1600,\"height\":1067,\"caption\":\"personas-que-comunican\"},{\"@type\":\"BreadcrumbList\",\"@id\":\"https:\\\/\\\/kinetic-corp.com\\\/training\\\/formacion\\\/conversaciones-desafiantes\\\/#breadcrumb\",\"itemListElement\":[{\"@type\":\"ListItem\",\"position\":1,\"name\":\"Inicio\",\"item\":\"https:\\\/\\\/kinetic-corp.com\\\/training\\\/\"},{\"@type\":\"ListItem\",\"position\":2,\"name\":\"Formaciones\",\"item\":\"https:\\\/\\\/kinetic-corp.com\\\/training\\\/formaciones\\\/\"},{\"@type\":\"ListItem\",\"position\":3,\"name\":\"Habilidades potenciadoras\",\"item\":\"https:\\\/\\\/kinetic-corp.com\\\/training\\\/categoria\\\/habilidades-potenciadoras\\\/\"},{\"@type\":\"ListItem\",\"position\":4,\"name\":\"Conversaciones desafiantes\"}]},{\"@type\":\"WebSite\",\"@id\":\"https:\\\/\\\/kinetic-corp.com\\\/training\\\/#website\",\"url\":\"https:\\\/\\\/kinetic-corp.com\\\/training\\\/\",\"name\":\"Kinetic Training\",\"description\":\"Desarrolla tu talento\",\"publisher\":{\"@id\":\"https:\\\/\\\/kinetic-corp.com\\\/training\\\/#organization\"},\"potentialAction\":[{\"@type\":\"SearchAction\",\"target\":{\"@type\":\"EntryPoint\",\"urlTemplate\":\"https:\\\/\\\/kinetic-corp.com\\\/training\\\/?s={search_term_string}\"},\"query-input\":{\"@type\":\"PropertyValueSpecification\",\"valueRequired\":true,\"valueName\":\"search_term_string\"}}],\"inLanguage\":\"es\"},{\"@type\":\"Organization\",\"@id\":\"https:\\\/\\\/kinetic-corp.com\\\/training\\\/#organization\",\"name\":\"Kinetic Training\",\"url\":\"https:\\\/\\\/kinetic-corp.com\\\/training\\\/\",\"logo\":{\"@type\":\"ImageObject\",\"inLanguage\":\"es\",\"@id\":\"https:\\\/\\\/kinetic-corp.com\\\/training\\\/#\\\/schema\\\/logo\\\/image\\\/\",\"url\":\"https:\\\/\\\/kinetic-corp.com\\\/training\\\/wp-content\\\/uploads\\\/2024\\\/05\\\/kinetic-training-fw.svg\",\"contentUrl\":\"https:\\\/\\\/kinetic-corp.com\\\/training\\\/wp-content\\\/uploads\\\/2024\\\/05\\\/kinetic-training-fw.svg\",\"caption\":\"Kinetic Training\"},\"image\":{\"@id\":\"https:\\\/\\\/kinetic-corp.com\\\/training\\\/#\\\/schema\\\/logo\\\/image\\\/\"},\"sameAs\":[\"https:\\\/\\\/www.facebook.com\\\/kinetic.traininghub\",\"https:\\\/\\\/www.instagram.com\\\/kinetic.traininghub\\\/\",\"https:\\\/\\\/www.linkedin.com\\\/company\\\/kinetic-training\\\/\"]}]}<\/script>\n<!-- \/ Yoast SEO plugin. -->","yoast_head_json":{"title":"Conversaciones desafiantes - Kinetic Training","description":"En esta formaci\u00f3n aprender\u00e1s a transformar conversaciones dif\u00edciles en conversaciones de posibilidad y desarrollar\u00e1s nuevas competencias comunicativas.","robots":{"index":"index","follow":"follow","max-snippet":"max-snippet:-1","max-image-preview":"max-image-preview:large","max-video-preview":"max-video-preview:-1"},"canonical":"https:\/\/kinetic-corp.com\/training\/formacion\/conversaciones-desafiantes\/","og_locale":"es_ES","og_type":"article","og_title":"Conversaciones desafiantes - Kinetic Training","og_description":"En esta formaci\u00f3n aprender\u00e1s a transformar conversaciones dif\u00edciles en conversaciones de posibilidad y desarrollar\u00e1s nuevas competencias comunicativas.","og_url":"https:\/\/kinetic-corp.com\/training\/formacion\/conversaciones-desafiantes\/","og_site_name":"Kinetic Training","article_publisher":"https:\/\/www.facebook.com\/kinetic.traininghub","article_modified_time":"2026-02-27T15:33:30+00:00","og_image":[{"width":1600,"height":1067,"url":"https:\/\/kinetic-corp.com\/training\/wp-content\/uploads\/2024\/05\/personas-que-comunican-scaled-1.jpg","type":"image\/jpeg"}],"twitter_card":"summary_large_image","twitter_misc":{"Tiempo de lectura":"1 minuto"},"schema":{"@context":"https:\/\/schema.org","@graph":[{"@type":"WebPage","@id":"https:\/\/kinetic-corp.com\/training\/formacion\/conversaciones-desafiantes\/","url":"https:\/\/kinetic-corp.com\/training\/formacion\/conversaciones-desafiantes\/","name":"Conversaciones desafiantes - Kinetic Training","isPartOf":{"@id":"https:\/\/kinetic-corp.com\/training\/#website"},"primaryImageOfPage":{"@id":"https:\/\/kinetic-corp.com\/training\/formacion\/conversaciones-desafiantes\/#primaryimage"},"image":{"@id":"https:\/\/kinetic-corp.com\/training\/formacion\/conversaciones-desafiantes\/#primaryimage"},"thumbnailUrl":"https:\/\/kinetic-corp.com\/training\/wp-content\/uploads\/2024\/05\/personas-que-comunican-scaled-1.jpg","datePublished":"2024-10-16T20:18:32+00:00","dateModified":"2026-02-27T15:33:30+00:00","description":"En esta formaci\u00f3n aprender\u00e1s a transformar conversaciones dif\u00edciles en conversaciones de posibilidad y desarrollar\u00e1s nuevas competencias comunicativas.","breadcrumb":{"@id":"https:\/\/kinetic-corp.com\/training\/formacion\/conversaciones-desafiantes\/#breadcrumb"},"inLanguage":"es","potentialAction":[{"@type":"ReadAction","target":["https:\/\/kinetic-corp.com\/training\/formacion\/conversaciones-desafiantes\/"]}]},{"@type":"ImageObject","inLanguage":"es","@id":"https:\/\/kinetic-corp.com\/training\/formacion\/conversaciones-desafiantes\/#primaryimage","url":"https:\/\/kinetic-corp.com\/training\/wp-content\/uploads\/2024\/05\/personas-que-comunican-scaled-1.jpg","contentUrl":"https:\/\/kinetic-corp.com\/training\/wp-content\/uploads\/2024\/05\/personas-que-comunican-scaled-1.jpg","width":1600,"height":1067,"caption":"personas-que-comunican"},{"@type":"BreadcrumbList","@id":"https:\/\/kinetic-corp.com\/training\/formacion\/conversaciones-desafiantes\/#breadcrumb","itemListElement":[{"@type":"ListItem","position":1,"name":"Inicio","item":"https:\/\/kinetic-corp.com\/training\/"},{"@type":"ListItem","position":2,"name":"Formaciones","item":"https:\/\/kinetic-corp.com\/training\/formaciones\/"},{"@type":"ListItem","position":3,"name":"Habilidades potenciadoras","item":"https:\/\/kinetic-corp.com\/training\/categoria\/habilidades-potenciadoras\/"},{"@type":"ListItem","position":4,"name":"Conversaciones desafiantes"}]},{"@type":"WebSite","@id":"https:\/\/kinetic-corp.com\/training\/#website","url":"https:\/\/kinetic-corp.com\/training\/","name":"Kinetic Training","description":"Desarrolla tu talento","publisher":{"@id":"https:\/\/kinetic-corp.com\/training\/#organization"},"potentialAction":[{"@type":"SearchAction","target":{"@type":"EntryPoint","urlTemplate":"https:\/\/kinetic-corp.com\/training\/?s={search_term_string}"},"query-input":{"@type":"PropertyValueSpecification","valueRequired":true,"valueName":"search_term_string"}}],"inLanguage":"es"},{"@type":"Organization","@id":"https:\/\/kinetic-corp.com\/training\/#organization","name":"Kinetic Training","url":"https:\/\/kinetic-corp.com\/training\/","logo":{"@type":"ImageObject","inLanguage":"es","@id":"https:\/\/kinetic-corp.com\/training\/#\/schema\/logo\/image\/","url":"https:\/\/kinetic-corp.com\/training\/wp-content\/uploads\/2024\/05\/kinetic-training-fw.svg","contentUrl":"https:\/\/kinetic-corp.com\/training\/wp-content\/uploads\/2024\/05\/kinetic-training-fw.svg","caption":"Kinetic Training"},"image":{"@id":"https:\/\/kinetic-corp.com\/training\/#\/schema\/logo\/image\/"},"sameAs":["https:\/\/www.facebook.com\/kinetic.traininghub","https:\/\/www.instagram.com\/kinetic.traininghub\/","https:\/\/www.linkedin.com\/company\/kinetic-training\/"]}]}},"_links":{"self":[{"href":"https:\/\/kinetic-corp.com\/training\/wp-json\/wp\/v2\/product\/5996","targetHints":{"allow":["GET"]}}],"collection":[{"href":"https:\/\/kinetic-corp.com\/training\/wp-json\/wp\/v2\/product"}],"about":[{"href":"https:\/\/kinetic-corp.com\/training\/wp-json\/wp\/v2\/types\/product"}],"wp:featuredmedia":[{"embeddable":true,"href":"https:\/\/kinetic-corp.com\/training\/wp-json\/wp\/v2\/media\/166"}],"wp:attachment":[{"href":"https:\/\/kinetic-corp.com\/training\/wp-json\/wp\/v2\/media?parent=5996"}],"wp:term":[{"taxonomy":"modalidad","embeddable":true,"href":"https:\/\/kinetic-corp.com\/training\/wp-json\/wp\/v2\/modalidad?post=5996"},{"taxonomy":"product_brand","embeddable":true,"href":"https:\/\/kinetic-corp.com\/training\/wp-json\/wp\/v2\/product_brand?post=5996"},{"taxonomy":"product_cat","embeddable":true,"href":"https:\/\/kinetic-corp.com\/training\/wp-json\/wp\/v2\/product_cat?post=5996"},{"taxonomy":"product_tag","embeddable":true,"href":"https:\/\/kinetic-corp.com\/training\/wp-json\/wp\/v2\/product_tag?post=5996"}],"curies":[{"name":"wp","href":"https:\/\/api.w.org\/{rel}","templated":true}]}}