{"id":5997,"date":"2024-10-16T17:18:32","date_gmt":"2024-10-16T20:18:32","guid":{"rendered":"https:\/\/kinetic-corp.com\/training\/?post_type=product&#038;p=5997"},"modified":"2026-02-27T12:48:24","modified_gmt":"2026-02-27T15:48:24","slug":"fundamentos-agilidad","status":"publish","type":"product","link":"https:\/\/kinetic-corp.com\/training\/formacion\/fundamentos-agilidad\/","title":{"rendered":"Fundamentos de agilidad"},"content":{"rendered":"<p><span style=\"font-weight: 400;\">La agilidad es un mindset, una forma de pensar y de actuar. No se trata solo de conocer una metodolog\u00eda, una pr\u00e1ctica o herramienta en particular. Es m\u00e1s bien una filosof\u00eda, una forma de ver el mundo. Si no pensamos de manera \u00e1gil, ser\u00e1 muy dif\u00edcil que podamos actuar de forma \u00e1gil.<\/span><\/p>\n<p><span style=\"font-weight: 400;\">En este programa, conocer\u00e1s qu\u00e9 es la agilidad, sus principios, valores, los beneficios de aplicarla y entender por qu\u00e9 es necesaria en contextos actuales. Iniciaremos un viaje profundo hacia el pensamiento \u00e1gil (<\/span><i><span style=\"font-weight: 400;\">mindset<\/span><\/i><span style=\"font-weight: 400;\">), sus principios y valores para abrir nuestra mente a este nuevo paradigma y prepararnos para incorporar luego las pr\u00e1cticas y herramientas \u00e1giles.<\/span><\/p>\n","protected":false},"excerpt":{"rendered":"<p>La agilidad es un mindset, una forma de pensar y de actuar. No se trata solo de conocer una metodolog\u00eda, una pr\u00e1ctica o herramienta en particular. Es m\u00e1s bien una filosof\u00eda, una forma de ver el mundo. Si no pensamos de manera \u00e1gil, ser\u00e1 muy dif\u00edcil que podamos actuar de forma \u00e1gil. En este programa, [&hellip;]<\/p>\n","protected":false},"featured_media":6006,"template":"","meta":{"_acf_changed":false},"modalidad":[39],"product_brand":[],"product_cat":[27],"product_tag":[],"class_list":{"0":"post-5997","1":"product","2":"type-product","3":"status-publish","4":"has-post-thumbnail","6":"modalidad-live-class","7":"product_cat-agilidad","9":"first","10":"outofstock","11":"sale","12":"virtual","13":"sold-individually","14":"purchasable","15":"product-type-simple"},"acf":[],"yoast_head":"<!-- This site is optimized with the Yoast SEO plugin v27.4 - https:\/\/yoast.com\/product\/yoast-seo-wordpress\/ -->\n<title>Fundamentos de agilidad - Kinetic Training<\/title>\n<meta name=\"description\" content=\"En este curso te iniciar\u00e1 en el pensamiento \u00e1gil, sus principios y valores para que abras tu mente e incorpores las pr\u00e1cticas y herramientas \u00e1giles.\" \/>\n<meta name=\"robots\" content=\"index, follow, max-snippet:-1, max-image-preview:large, max-video-preview:-1\" \/>\n<link rel=\"canonical\" href=\"https:\/\/kinetic-corp.com\/training\/formacion\/fundamentos-agilidad\/\" \/>\n<meta property=\"og:locale\" content=\"es_ES\" \/>\n<meta property=\"og:type\" content=\"article\" \/>\n<meta property=\"og:title\" content=\"Fundamentos de agilidad - Kinetic Training\" \/>\n<meta property=\"og:description\" content=\"En este curso te iniciar\u00e1 en el pensamiento \u00e1gil, sus principios y valores para que abras tu mente e incorpores las pr\u00e1cticas y herramientas \u00e1giles.\" \/>\n<meta property=\"og:url\" content=\"https:\/\/kinetic-corp.com\/training\/formacion\/fundamentos-agilidad\/\" \/>\n<meta property=\"og:site_name\" content=\"Kinetic Training\" \/>\n<meta property=\"article:publisher\" content=\"https:\/\/www.facebook.com\/kinetic.traininghub\" \/>\n<meta property=\"article:modified_time\" content=\"2026-02-27T15:48:24+00:00\" \/>\n<meta property=\"og:image\" content=\"https:\/\/kinetic-corp.com\/training\/wp-content\/uploads\/2024\/10\/pensamiento-agil-preview.webp\" \/>\n\t<meta property=\"og:image:width\" content=\"1600\" \/>\n\t<meta property=\"og:image:height\" content=\"1000\" \/>\n\t<meta property=\"og:image:type\" content=\"image\/webp\" \/>\n<meta name=\"twitter:card\" content=\"summary_large_image\" \/>\n<meta name=\"twitter:label1\" content=\"Tiempo de lectura\" \/>\n\t<meta name=\"twitter:data1\" content=\"1 minuto\" \/>\n<script type=\"application\/ld+json\" class=\"yoast-schema-graph\">{\"@context\":\"https:\\\/\\\/schema.org\",\"@graph\":[{\"@type\":\"WebPage\",\"@id\":\"https:\\\/\\\/kinetic-corp.com\\\/training\\\/formacion\\\/fundamentos-agilidad\\\/\",\"url\":\"https:\\\/\\\/kinetic-corp.com\\\/training\\\/formacion\\\/fundamentos-agilidad\\\/\",\"name\":\"Fundamentos de agilidad - Kinetic Training\",\"isPartOf\":{\"@id\":\"https:\\\/\\\/kinetic-corp.com\\\/training\\\/#website\"},\"primaryImageOfPage\":{\"@id\":\"https:\\\/\\\/kinetic-corp.com\\\/training\\\/formacion\\\/fundamentos-agilidad\\\/#primaryimage\"},\"image\":{\"@id\":\"https:\\\/\\\/kinetic-corp.com\\\/training\\\/formacion\\\/fundamentos-agilidad\\\/#primaryimage\"},\"thumbnailUrl\":\"https:\\\/\\\/kinetic-corp.com\\\/training\\\/wp-content\\\/uploads\\\/2024\\\/10\\\/pensamiento-agil-preview.webp\",\"datePublished\":\"2024-10-16T20:18:32+00:00\",\"dateModified\":\"2026-02-27T15:48:24+00:00\",\"description\":\"En este curso te iniciar\u00e1 en el pensamiento \u00e1gil, sus principios y valores para que abras tu mente e incorpores las pr\u00e1cticas y herramientas \u00e1giles.\",\"breadcrumb\":{\"@id\":\"https:\\\/\\\/kinetic-corp.com\\\/training\\\/formacion\\\/fundamentos-agilidad\\\/#breadcrumb\"},\"inLanguage\":\"es\",\"potentialAction\":[{\"@type\":\"ReadAction\",\"target\":[\"https:\\\/\\\/kinetic-corp.com\\\/training\\\/formacion\\\/fundamentos-agilidad\\\/\"]}]},{\"@type\":\"ImageObject\",\"inLanguage\":\"es\",\"@id\":\"https:\\\/\\\/kinetic-corp.com\\\/training\\\/formacion\\\/fundamentos-agilidad\\\/#primaryimage\",\"url\":\"https:\\\/\\\/kinetic-corp.com\\\/training\\\/wp-content\\\/uploads\\\/2024\\\/10\\\/pensamiento-agil-preview.webp\",\"contentUrl\":\"https:\\\/\\\/kinetic-corp.com\\\/training\\\/wp-content\\\/uploads\\\/2024\\\/10\\\/pensamiento-agil-preview.webp\",\"width\":1600,\"height\":1000,\"caption\":\"pensamiento-agil\"},{\"@type\":\"BreadcrumbList\",\"@id\":\"https:\\\/\\\/kinetic-corp.com\\\/training\\\/formacion\\\/fundamentos-agilidad\\\/#breadcrumb\",\"itemListElement\":[{\"@type\":\"ListItem\",\"position\":1,\"name\":\"Inicio\",\"item\":\"https:\\\/\\\/kinetic-corp.com\\\/training\\\/\"},{\"@type\":\"ListItem\",\"position\":2,\"name\":\"Formaciones\",\"item\":\"https:\\\/\\\/kinetic-corp.com\\\/training\\\/formaciones\\\/\"},{\"@type\":\"ListItem\",\"position\":3,\"name\":\"Agilidad\",\"item\":\"https:\\\/\\\/kinetic-corp.com\\\/training\\\/categoria\\\/agilidad\\\/\"},{\"@type\":\"ListItem\",\"position\":4,\"name\":\"Fundamentos de agilidad\"}]},{\"@type\":\"WebSite\",\"@id\":\"https:\\\/\\\/kinetic-corp.com\\\/training\\\/#website\",\"url\":\"https:\\\/\\\/kinetic-corp.com\\\/training\\\/\",\"name\":\"Kinetic Training\",\"description\":\"Desarrolla tu talento\",\"publisher\":{\"@id\":\"https:\\\/\\\/kinetic-corp.com\\\/training\\\/#organization\"},\"potentialAction\":[{\"@type\":\"SearchAction\",\"target\":{\"@type\":\"EntryPoint\",\"urlTemplate\":\"https:\\\/\\\/kinetic-corp.com\\\/training\\\/?s={search_term_string}\"},\"query-input\":{\"@type\":\"PropertyValueSpecification\",\"valueRequired\":true,\"valueName\":\"search_term_string\"}}],\"inLanguage\":\"es\"},{\"@type\":\"Organization\",\"@id\":\"https:\\\/\\\/kinetic-corp.com\\\/training\\\/#organization\",\"name\":\"Kinetic Training\",\"url\":\"https:\\\/\\\/kinetic-corp.com\\\/training\\\/\",\"logo\":{\"@type\":\"ImageObject\",\"inLanguage\":\"es\",\"@id\":\"https:\\\/\\\/kinetic-corp.com\\\/training\\\/#\\\/schema\\\/logo\\\/image\\\/\",\"url\":\"https:\\\/\\\/kinetic-corp.com\\\/training\\\/wp-content\\\/uploads\\\/2024\\\/05\\\/kinetic-training-fw.svg\",\"contentUrl\":\"https:\\\/\\\/kinetic-corp.com\\\/training\\\/wp-content\\\/uploads\\\/2024\\\/05\\\/kinetic-training-fw.svg\",\"caption\":\"Kinetic Training\"},\"image\":{\"@id\":\"https:\\\/\\\/kinetic-corp.com\\\/training\\\/#\\\/schema\\\/logo\\\/image\\\/\"},\"sameAs\":[\"https:\\\/\\\/www.facebook.com\\\/kinetic.traininghub\",\"https:\\\/\\\/www.instagram.com\\\/kinetic.traininghub\\\/\",\"https:\\\/\\\/www.linkedin.com\\\/company\\\/kinetic-training\\\/\"]}]}<\/script>\n<!-- \/ Yoast SEO plugin. -->","yoast_head_json":{"title":"Fundamentos de agilidad - Kinetic Training","description":"En este curso te iniciar\u00e1 en el pensamiento \u00e1gil, sus principios y valores para que abras tu mente e incorpores las pr\u00e1cticas y herramientas \u00e1giles.","robots":{"index":"index","follow":"follow","max-snippet":"max-snippet:-1","max-image-preview":"max-image-preview:large","max-video-preview":"max-video-preview:-1"},"canonical":"https:\/\/kinetic-corp.com\/training\/formacion\/fundamentos-agilidad\/","og_locale":"es_ES","og_type":"article","og_title":"Fundamentos de agilidad - Kinetic Training","og_description":"En este curso te iniciar\u00e1 en el pensamiento \u00e1gil, sus principios y valores para que abras tu mente e incorpores las pr\u00e1cticas y herramientas \u00e1giles.","og_url":"https:\/\/kinetic-corp.com\/training\/formacion\/fundamentos-agilidad\/","og_site_name":"Kinetic Training","article_publisher":"https:\/\/www.facebook.com\/kinetic.traininghub","article_modified_time":"2026-02-27T15:48:24+00:00","og_image":[{"width":1600,"height":1000,"url":"https:\/\/kinetic-corp.com\/training\/wp-content\/uploads\/2024\/10\/pensamiento-agil-preview.webp","type":"image\/webp"}],"twitter_card":"summary_large_image","twitter_misc":{"Tiempo de lectura":"1 minuto"},"schema":{"@context":"https:\/\/schema.org","@graph":[{"@type":"WebPage","@id":"https:\/\/kinetic-corp.com\/training\/formacion\/fundamentos-agilidad\/","url":"https:\/\/kinetic-corp.com\/training\/formacion\/fundamentos-agilidad\/","name":"Fundamentos de agilidad - Kinetic Training","isPartOf":{"@id":"https:\/\/kinetic-corp.com\/training\/#website"},"primaryImageOfPage":{"@id":"https:\/\/kinetic-corp.com\/training\/formacion\/fundamentos-agilidad\/#primaryimage"},"image":{"@id":"https:\/\/kinetic-corp.com\/training\/formacion\/fundamentos-agilidad\/#primaryimage"},"thumbnailUrl":"https:\/\/kinetic-corp.com\/training\/wp-content\/uploads\/2024\/10\/pensamiento-agil-preview.webp","datePublished":"2024-10-16T20:18:32+00:00","dateModified":"2026-02-27T15:48:24+00:00","description":"En este curso te iniciar\u00e1 en el pensamiento \u00e1gil, sus principios y valores para que abras tu mente e incorpores las pr\u00e1cticas y herramientas \u00e1giles.","breadcrumb":{"@id":"https:\/\/kinetic-corp.com\/training\/formacion\/fundamentos-agilidad\/#breadcrumb"},"inLanguage":"es","potentialAction":[{"@type":"ReadAction","target":["https:\/\/kinetic-corp.com\/training\/formacion\/fundamentos-agilidad\/"]}]},{"@type":"ImageObject","inLanguage":"es","@id":"https:\/\/kinetic-corp.com\/training\/formacion\/fundamentos-agilidad\/#primaryimage","url":"https:\/\/kinetic-corp.com\/training\/wp-content\/uploads\/2024\/10\/pensamiento-agil-preview.webp","contentUrl":"https:\/\/kinetic-corp.com\/training\/wp-content\/uploads\/2024\/10\/pensamiento-agil-preview.webp","width":1600,"height":1000,"caption":"pensamiento-agil"},{"@type":"BreadcrumbList","@id":"https:\/\/kinetic-corp.com\/training\/formacion\/fundamentos-agilidad\/#breadcrumb","itemListElement":[{"@type":"ListItem","position":1,"name":"Inicio","item":"https:\/\/kinetic-corp.com\/training\/"},{"@type":"ListItem","position":2,"name":"Formaciones","item":"https:\/\/kinetic-corp.com\/training\/formaciones\/"},{"@type":"ListItem","position":3,"name":"Agilidad","item":"https:\/\/kinetic-corp.com\/training\/categoria\/agilidad\/"},{"@type":"ListItem","position":4,"name":"Fundamentos de agilidad"}]},{"@type":"WebSite","@id":"https:\/\/kinetic-corp.com\/training\/#website","url":"https:\/\/kinetic-corp.com\/training\/","name":"Kinetic Training","description":"Desarrolla tu talento","publisher":{"@id":"https:\/\/kinetic-corp.com\/training\/#organization"},"potentialAction":[{"@type":"SearchAction","target":{"@type":"EntryPoint","urlTemplate":"https:\/\/kinetic-corp.com\/training\/?s={search_term_string}"},"query-input":{"@type":"PropertyValueSpecification","valueRequired":true,"valueName":"search_term_string"}}],"inLanguage":"es"},{"@type":"Organization","@id":"https:\/\/kinetic-corp.com\/training\/#organization","name":"Kinetic Training","url":"https:\/\/kinetic-corp.com\/training\/","logo":{"@type":"ImageObject","inLanguage":"es","@id":"https:\/\/kinetic-corp.com\/training\/#\/schema\/logo\/image\/","url":"https:\/\/kinetic-corp.com\/training\/wp-content\/uploads\/2024\/05\/kinetic-training-fw.svg","contentUrl":"https:\/\/kinetic-corp.com\/training\/wp-content\/uploads\/2024\/05\/kinetic-training-fw.svg","caption":"Kinetic Training"},"image":{"@id":"https:\/\/kinetic-corp.com\/training\/#\/schema\/logo\/image\/"},"sameAs":["https:\/\/www.facebook.com\/kinetic.traininghub","https:\/\/www.instagram.com\/kinetic.traininghub\/","https:\/\/www.linkedin.com\/company\/kinetic-training\/"]}]}},"_links":{"self":[{"href":"https:\/\/kinetic-corp.com\/training\/wp-json\/wp\/v2\/product\/5997","targetHints":{"allow":["GET"]}}],"collection":[{"href":"https:\/\/kinetic-corp.com\/training\/wp-json\/wp\/v2\/product"}],"about":[{"href":"https:\/\/kinetic-corp.com\/training\/wp-json\/wp\/v2\/types\/product"}],"wp:featuredmedia":[{"embeddable":true,"href":"https:\/\/kinetic-corp.com\/training\/wp-json\/wp\/v2\/media\/6006"}],"wp:attachment":[{"href":"https:\/\/kinetic-corp.com\/training\/wp-json\/wp\/v2\/media?parent=5997"}],"wp:term":[{"taxonomy":"modalidad","embeddable":true,"href":"https:\/\/kinetic-corp.com\/training\/wp-json\/wp\/v2\/modalidad?post=5997"},{"taxonomy":"product_brand","embeddable":true,"href":"https:\/\/kinetic-corp.com\/training\/wp-json\/wp\/v2\/product_brand?post=5997"},{"taxonomy":"product_cat","embeddable":true,"href":"https:\/\/kinetic-corp.com\/training\/wp-json\/wp\/v2\/product_cat?post=5997"},{"taxonomy":"product_tag","embeddable":true,"href":"https:\/\/kinetic-corp.com\/training\/wp-json\/wp\/v2\/product_tag?post=5997"}],"curies":[{"name":"wp","href":"https:\/\/api.w.org\/{rel}","templated":true}]}}