{"id":6022,"date":"2024-10-16T17:18:56","date_gmt":"2024-10-16T20:18:56","guid":{"rendered":"https:\/\/kinetic-corp.com\/training\/?post_type=product&#038;p=6022"},"modified":"2026-02-27T12:26:15","modified_gmt":"2026-02-27T15:26:15","slug":"scrum-master-presencial","status":"publish","type":"product","link":"https:\/\/kinetic-corp.com\/training\/formacion\/scrum-master-presencial\/","title":{"rendered":"Scrum Master"},"content":{"rendered":"<p><span style=\"font-weight: 400;\">Este entrenamiento te transmitir\u00e1 de una manera pr\u00e1ctica y vivencial los conceptos de Scrum para poder aplicarlos en las organizaciones e implementar este marco de trabajo \u00e1gil en el desarrollo de productos y servicios.<\/span><\/p>\n<p><span style=\"font-weight: 400;\">La formaci\u00f3n se dicta en conjunto con la Universidad Nacional de C\u00f3rdoba.<\/span><\/p>\n<p><span style=\"font-weight: 400;\">Al finalizar, tendr\u00e1s la posibilidad de acceder a la certificaci\u00f3n internacional brindada por la entidad Scrum Manager.<\/span><\/p>\n<p><img decoding=\"async\" class=\"alignnone wp-image-2917\" src=\"https:\/\/kinetic-corp.com\/traininghub\/wp-content\/uploads\/2023\/12\/scrummanager_logotype.svg\" alt=\"scrummanager\" width=\"200\" \/>\u00a0 \u00a0<img decoding=\"async\" class=\"alignnone wp-image-2925\" src=\"https:\/\/kinetic-corp.com\/traininghub\/wp-content\/uploads\/2023\/12\/certifiado-scrum_master-150x150.png\" alt=\"certificado scrum master\" width=\"75\" height=\"69\" \/><\/p>\n<p><span style=\"font-weight: 400;\">En Kinetic Training, hemos sido reconocidos por Scrum Manager como Gold Partners por nuestra contribuci\u00f3n a la instituci\u00f3n internacional durante 2023.<\/span><\/p>\n<p><img decoding=\"async\" class=\"alignnone wp-image-5110 size-full\" src=\"https:\/\/kinetic-corp.com\/traininghub\/wp-content\/uploads\/2023\/03\/Partne-h-gold-2023-e1723490504184.png\" alt=\"Gold partner\" width=\"150\" height=\"57\" \/><\/p>\n","protected":false},"excerpt":{"rendered":"<p>Este entrenamiento te transmitir\u00e1 de una manera pr\u00e1ctica y vivencial los conceptos de Scrum para poder aplicarlos en las organizaciones e implementar este marco de trabajo \u00e1gil en el desarrollo de productos y servicios. La formaci\u00f3n se dicta en conjunto con la Universidad Nacional de C\u00f3rdoba. Al finalizar, tendr\u00e1s la posibilidad de acceder a la [&hellip;]<\/p>\n","protected":false},"featured_media":108,"template":"","meta":{"_acf_changed":false},"modalidad":[40],"product_brand":[],"product_cat":[27],"product_tag":[],"class_list":{"0":"post-6022","1":"product","2":"type-product","3":"status-publish","4":"has-post-thumbnail","6":"modalidad-on-site","7":"product_cat-agilidad","9":"first","10":"outofstock","11":"sale","12":"virtual","13":"sold-individually","14":"purchasable","15":"product-type-simple"},"acf":[],"yoast_head":"<!-- This site is optimized with the Yoast SEO plugin v27.2 - https:\/\/yoast.com\/product\/yoast-seo-wordpress\/ -->\n<title>Scrum Master - Kinetic Training<\/title>\n<meta name=\"description\" content=\"Curso de Scrum Master presencial, donde adquirir\u00e1s conceptos de manera pr\u00e1ctica para aprender a implementarlos en el desarrollo de productos y servicios.\" \/>\n<meta name=\"robots\" content=\"index, follow, max-snippet:-1, max-image-preview:large, max-video-preview:-1\" \/>\n<link rel=\"canonical\" href=\"https:\/\/kinetic-corp.com\/training\/formacion\/scrum-master-presencial\/\" \/>\n<meta property=\"og:locale\" content=\"es_ES\" \/>\n<meta property=\"og:type\" content=\"article\" \/>\n<meta property=\"og:title\" content=\"Scrum Master - Kinetic Training\" \/>\n<meta property=\"og:description\" content=\"Curso de Scrum Master presencial, donde adquirir\u00e1s conceptos de manera pr\u00e1ctica para aprender a implementarlos en el desarrollo de productos y servicios.\" \/>\n<meta property=\"og:url\" content=\"https:\/\/kinetic-corp.com\/training\/formacion\/scrum-master-presencial\/\" \/>\n<meta property=\"og:site_name\" content=\"Kinetic Training\" \/>\n<meta property=\"article:publisher\" content=\"https:\/\/www.facebook.com\/kinetic.traininghub\" \/>\n<meta property=\"article:modified_time\" content=\"2026-02-27T15:26:15+00:00\" \/>\n<meta property=\"og:image\" content=\"https:\/\/kinetic-corp.com\/training\/wp-content\/uploads\/2024\/05\/jovenes-empresarios-creativos-que-miran-editor-fotos-scaled-1.jpg\" \/>\n\t<meta property=\"og:image:width\" content=\"1600\" \/>\n\t<meta property=\"og:image:height\" content=\"1067\" \/>\n\t<meta property=\"og:image:type\" content=\"image\/jpeg\" \/>\n<meta name=\"twitter:card\" content=\"summary_large_image\" \/>\n<meta name=\"twitter:label1\" content=\"Tiempo de lectura\" \/>\n\t<meta name=\"twitter:data1\" content=\"2 minutos\" \/>\n<script type=\"application\/ld+json\" class=\"yoast-schema-graph\">{\"@context\":\"https:\/\/schema.org\",\"@graph\":[{\"@type\":\"WebPage\",\"@id\":\"https:\/\/kinetic-corp.com\/training\/formacion\/scrum-master-presencial\/\",\"url\":\"https:\/\/kinetic-corp.com\/training\/formacion\/scrum-master-presencial\/\",\"name\":\"Scrum Master - Kinetic Training\",\"isPartOf\":{\"@id\":\"https:\/\/kinetic-corp.com\/training\/#website\"},\"primaryImageOfPage\":{\"@id\":\"https:\/\/kinetic-corp.com\/training\/formacion\/scrum-master-presencial\/#primaryimage\"},\"image\":{\"@id\":\"https:\/\/kinetic-corp.com\/training\/formacion\/scrum-master-presencial\/#primaryimage\"},\"thumbnailUrl\":\"https:\/\/kinetic-corp.com\/training\/wp-content\/uploads\/2024\/05\/jovenes-empresarios-creativos-que-miran-editor-fotos-scaled-1.jpg\",\"datePublished\":\"2024-10-16T20:18:56+00:00\",\"dateModified\":\"2026-02-27T15:26:15+00:00\",\"description\":\"Curso de Scrum Master presencial, donde adquirir\u00e1s conceptos de manera pr\u00e1ctica para aprender a implementarlos en el desarrollo de productos y servicios.\",\"breadcrumb\":{\"@id\":\"https:\/\/kinetic-corp.com\/training\/formacion\/scrum-master-presencial\/#breadcrumb\"},\"inLanguage\":\"es\",\"potentialAction\":[{\"@type\":\"ReadAction\",\"target\":[\"https:\/\/kinetic-corp.com\/training\/formacion\/scrum-master-presencial\/\"]}]},{\"@type\":\"ImageObject\",\"inLanguage\":\"es\",\"@id\":\"https:\/\/kinetic-corp.com\/training\/formacion\/scrum-master-presencial\/#primaryimage\",\"url\":\"https:\/\/kinetic-corp.com\/training\/wp-content\/uploads\/2024\/05\/jovenes-empresarios-creativos-que-miran-editor-fotos-scaled-1.jpg\",\"contentUrl\":\"https:\/\/kinetic-corp.com\/training\/wp-content\/uploads\/2024\/05\/jovenes-empresarios-creativos-que-miran-editor-fotos-scaled-1.jpg\",\"width\":1600,\"height\":1067},{\"@type\":\"BreadcrumbList\",\"@id\":\"https:\/\/kinetic-corp.com\/training\/formacion\/scrum-master-presencial\/#breadcrumb\",\"itemListElement\":[{\"@type\":\"ListItem\",\"position\":1,\"name\":\"Inicio\",\"item\":\"https:\/\/kinetic-corp.com\/training\/\"},{\"@type\":\"ListItem\",\"position\":2,\"name\":\"Formaciones\",\"item\":\"https:\/\/kinetic-corp.com\/training\/formaciones\/\"},{\"@type\":\"ListItem\",\"position\":3,\"name\":\"Agilidad\",\"item\":\"https:\/\/kinetic-corp.com\/training\/categoria\/agilidad\/\"},{\"@type\":\"ListItem\",\"position\":4,\"name\":\"Scrum Master\"}]},{\"@type\":\"WebSite\",\"@id\":\"https:\/\/kinetic-corp.com\/training\/#website\",\"url\":\"https:\/\/kinetic-corp.com\/training\/\",\"name\":\"Kinetic Training\",\"description\":\"Desarrolla tu talento\",\"publisher\":{\"@id\":\"https:\/\/kinetic-corp.com\/training\/#organization\"},\"potentialAction\":[{\"@type\":\"SearchAction\",\"target\":{\"@type\":\"EntryPoint\",\"urlTemplate\":\"https:\/\/kinetic-corp.com\/training\/?s={search_term_string}\"},\"query-input\":{\"@type\":\"PropertyValueSpecification\",\"valueRequired\":true,\"valueName\":\"search_term_string\"}}],\"inLanguage\":\"es\"},{\"@type\":\"Organization\",\"@id\":\"https:\/\/kinetic-corp.com\/training\/#organization\",\"name\":\"Kinetic Training\",\"url\":\"https:\/\/kinetic-corp.com\/training\/\",\"logo\":{\"@type\":\"ImageObject\",\"inLanguage\":\"es\",\"@id\":\"https:\/\/kinetic-corp.com\/training\/#\/schema\/logo\/image\/\",\"url\":\"https:\/\/kinetic-corp.com\/training\/wp-content\/uploads\/2024\/05\/kinetic-training-fw.svg\",\"contentUrl\":\"https:\/\/kinetic-corp.com\/training\/wp-content\/uploads\/2024\/05\/kinetic-training-fw.svg\",\"caption\":\"Kinetic Training\"},\"image\":{\"@id\":\"https:\/\/kinetic-corp.com\/training\/#\/schema\/logo\/image\/\"},\"sameAs\":[\"https:\/\/www.facebook.com\/kinetic.traininghub\",\"https:\/\/www.instagram.com\/kinetic.traininghub\/\",\"https:\/\/www.linkedin.com\/company\/kinetic-training\/\"]}]}<\/script>\n<!-- \/ Yoast SEO plugin. -->","yoast_head_json":{"title":"Scrum Master - Kinetic Training","description":"Curso de Scrum Master presencial, donde adquirir\u00e1s conceptos de manera pr\u00e1ctica para aprender a implementarlos en el desarrollo de productos y servicios.","robots":{"index":"index","follow":"follow","max-snippet":"max-snippet:-1","max-image-preview":"max-image-preview:large","max-video-preview":"max-video-preview:-1"},"canonical":"https:\/\/kinetic-corp.com\/training\/formacion\/scrum-master-presencial\/","og_locale":"es_ES","og_type":"article","og_title":"Scrum Master - Kinetic Training","og_description":"Curso de Scrum Master presencial, donde adquirir\u00e1s conceptos de manera pr\u00e1ctica para aprender a implementarlos en el desarrollo de productos y servicios.","og_url":"https:\/\/kinetic-corp.com\/training\/formacion\/scrum-master-presencial\/","og_site_name":"Kinetic Training","article_publisher":"https:\/\/www.facebook.com\/kinetic.traininghub","article_modified_time":"2026-02-27T15:26:15+00:00","og_image":[{"width":1600,"height":1067,"url":"https:\/\/kinetic-corp.com\/training\/wp-content\/uploads\/2024\/05\/jovenes-empresarios-creativos-que-miran-editor-fotos-scaled-1.jpg","type":"image\/jpeg"}],"twitter_card":"summary_large_image","twitter_misc":{"Tiempo de lectura":"2 minutos"},"schema":{"@context":"https:\/\/schema.org","@graph":[{"@type":"WebPage","@id":"https:\/\/kinetic-corp.com\/training\/formacion\/scrum-master-presencial\/","url":"https:\/\/kinetic-corp.com\/training\/formacion\/scrum-master-presencial\/","name":"Scrum Master - Kinetic Training","isPartOf":{"@id":"https:\/\/kinetic-corp.com\/training\/#website"},"primaryImageOfPage":{"@id":"https:\/\/kinetic-corp.com\/training\/formacion\/scrum-master-presencial\/#primaryimage"},"image":{"@id":"https:\/\/kinetic-corp.com\/training\/formacion\/scrum-master-presencial\/#primaryimage"},"thumbnailUrl":"https:\/\/kinetic-corp.com\/training\/wp-content\/uploads\/2024\/05\/jovenes-empresarios-creativos-que-miran-editor-fotos-scaled-1.jpg","datePublished":"2024-10-16T20:18:56+00:00","dateModified":"2026-02-27T15:26:15+00:00","description":"Curso de Scrum Master presencial, donde adquirir\u00e1s conceptos de manera pr\u00e1ctica para aprender a implementarlos en el desarrollo de productos y servicios.","breadcrumb":{"@id":"https:\/\/kinetic-corp.com\/training\/formacion\/scrum-master-presencial\/#breadcrumb"},"inLanguage":"es","potentialAction":[{"@type":"ReadAction","target":["https:\/\/kinetic-corp.com\/training\/formacion\/scrum-master-presencial\/"]}]},{"@type":"ImageObject","inLanguage":"es","@id":"https:\/\/kinetic-corp.com\/training\/formacion\/scrum-master-presencial\/#primaryimage","url":"https:\/\/kinetic-corp.com\/training\/wp-content\/uploads\/2024\/05\/jovenes-empresarios-creativos-que-miran-editor-fotos-scaled-1.jpg","contentUrl":"https:\/\/kinetic-corp.com\/training\/wp-content\/uploads\/2024\/05\/jovenes-empresarios-creativos-que-miran-editor-fotos-scaled-1.jpg","width":1600,"height":1067},{"@type":"BreadcrumbList","@id":"https:\/\/kinetic-corp.com\/training\/formacion\/scrum-master-presencial\/#breadcrumb","itemListElement":[{"@type":"ListItem","position":1,"name":"Inicio","item":"https:\/\/kinetic-corp.com\/training\/"},{"@type":"ListItem","position":2,"name":"Formaciones","item":"https:\/\/kinetic-corp.com\/training\/formaciones\/"},{"@type":"ListItem","position":3,"name":"Agilidad","item":"https:\/\/kinetic-corp.com\/training\/categoria\/agilidad\/"},{"@type":"ListItem","position":4,"name":"Scrum Master"}]},{"@type":"WebSite","@id":"https:\/\/kinetic-corp.com\/training\/#website","url":"https:\/\/kinetic-corp.com\/training\/","name":"Kinetic Training","description":"Desarrolla tu talento","publisher":{"@id":"https:\/\/kinetic-corp.com\/training\/#organization"},"potentialAction":[{"@type":"SearchAction","target":{"@type":"EntryPoint","urlTemplate":"https:\/\/kinetic-corp.com\/training\/?s={search_term_string}"},"query-input":{"@type":"PropertyValueSpecification","valueRequired":true,"valueName":"search_term_string"}}],"inLanguage":"es"},{"@type":"Organization","@id":"https:\/\/kinetic-corp.com\/training\/#organization","name":"Kinetic Training","url":"https:\/\/kinetic-corp.com\/training\/","logo":{"@type":"ImageObject","inLanguage":"es","@id":"https:\/\/kinetic-corp.com\/training\/#\/schema\/logo\/image\/","url":"https:\/\/kinetic-corp.com\/training\/wp-content\/uploads\/2024\/05\/kinetic-training-fw.svg","contentUrl":"https:\/\/kinetic-corp.com\/training\/wp-content\/uploads\/2024\/05\/kinetic-training-fw.svg","caption":"Kinetic Training"},"image":{"@id":"https:\/\/kinetic-corp.com\/training\/#\/schema\/logo\/image\/"},"sameAs":["https:\/\/www.facebook.com\/kinetic.traininghub","https:\/\/www.instagram.com\/kinetic.traininghub\/","https:\/\/www.linkedin.com\/company\/kinetic-training\/"]}]}},"_links":{"self":[{"href":"https:\/\/kinetic-corp.com\/training\/wp-json\/wp\/v2\/product\/6022","targetHints":{"allow":["GET"]}}],"collection":[{"href":"https:\/\/kinetic-corp.com\/training\/wp-json\/wp\/v2\/product"}],"about":[{"href":"https:\/\/kinetic-corp.com\/training\/wp-json\/wp\/v2\/types\/product"}],"wp:featuredmedia":[{"embeddable":true,"href":"https:\/\/kinetic-corp.com\/training\/wp-json\/wp\/v2\/media\/108"}],"wp:attachment":[{"href":"https:\/\/kinetic-corp.com\/training\/wp-json\/wp\/v2\/media?parent=6022"}],"wp:term":[{"taxonomy":"modalidad","embeddable":true,"href":"https:\/\/kinetic-corp.com\/training\/wp-json\/wp\/v2\/modalidad?post=6022"},{"taxonomy":"product_brand","embeddable":true,"href":"https:\/\/kinetic-corp.com\/training\/wp-json\/wp\/v2\/product_brand?post=6022"},{"taxonomy":"product_cat","embeddable":true,"href":"https:\/\/kinetic-corp.com\/training\/wp-json\/wp\/v2\/product_cat?post=6022"},{"taxonomy":"product_tag","embeddable":true,"href":"https:\/\/kinetic-corp.com\/training\/wp-json\/wp\/v2\/product_tag?post=6022"}],"curies":[{"name":"wp","href":"https:\/\/api.w.org\/{rel}","templated":true}]}}