{"id":6176,"date":"2024-10-18T12:11:48","date_gmt":"2024-10-18T15:11:48","guid":{"rendered":"https:\/\/kinetic-corp.com\/training\/?post_type=product&#038;p=6176"},"modified":"2026-04-20T11:36:51","modified_gmt":"2026-04-20T14:36:51","slug":"mindfulness","status":"publish","type":"product","link":"https:\/\/kinetic-corp.com\/training\/formacion\/mindfulness\/","title":{"rendered":"Mindfulness"},"content":{"rendered":"<p><span style=\"font-weight: 400;\">Te proponemos aprender a pausar (generar un stop de acci\u00f3n y de pensamientos con presencia plena) y desde all\u00ed conectar, habitar el presente, interrumpir o disminuir los juicios y pensamientos, y crearnos momentos de tranquilidad, disfrutando.\u00a0\u00a0<\/span><\/p>\n<p><span style=\"font-weight: 400;\">En este programa de formaci\u00f3n te\u00f3rico-pr\u00e1ctica, interactivo y transformador, lograr\u00e1s comprender qu\u00e9 es meditar y nos centraremos en la t\u00e9cnica del mindfulness.\u00a0<\/span><\/p>\n<p><span style=\"font-weight: 400;\">Vas a lograr identificar c\u00f3mo la pr\u00e1ctica de la presencia plena nos permite cultivar beneficios en nuestra inteligencia emocional y capacidad cognitiva de estar presentes, concentrados y enfocados, aumentando nuestra memoria y productividad. <\/span><\/p>\n","protected":false},"excerpt":{"rendered":"<p>Te proponemos aprender a pausar (generar un stop de acci\u00f3n y de pensamientos con presencia plena) y desde all\u00ed conectar, habitar el presente, interrumpir o disminuir los juicios y pensamientos, y crearnos momentos de tranquilidad, disfrutando.\u00a0\u00a0 En este programa de formaci\u00f3n te\u00f3rico-pr\u00e1ctica, interactivo y transformador, lograr\u00e1s comprender qu\u00e9 es meditar y nos centraremos en la [&hellip;]<\/p>\n","protected":false},"featured_media":6005,"template":"","meta":{"_acf_changed":false},"modalidad":[38],"product_brand":[],"product_cat":[28],"product_tag":[98],"class_list":{"0":"post-6176","1":"product","2":"type-product","3":"status-publish","4":"has-post-thumbnail","6":"modalidad-on-demand","7":"product_cat-habilidades-potenciadoras","8":"product_tag-cyber-fest","10":"first","11":"instock","12":"virtual","13":"sold-individually","14":"purchasable","15":"product-type-simple"},"acf":[],"yoast_head":"<!-- This site is optimized with the Yoast SEO plugin v27.4 - https:\/\/yoast.com\/product\/yoast-seo-wordpress\/ -->\n<title>Mindfulness - Kinetic Training<\/title>\n<meta name=\"robots\" content=\"index, follow, max-snippet:-1, max-image-preview:large, max-video-preview:-1\" \/>\n<link rel=\"canonical\" href=\"https:\/\/kinetic-corp.com\/training\/formacion\/mindfulness\/\" \/>\n<meta property=\"og:locale\" content=\"es_ES\" \/>\n<meta property=\"og:type\" content=\"article\" \/>\n<meta property=\"og:title\" content=\"Mindfulness - Kinetic Training\" \/>\n<meta property=\"og:description\" content=\"Te proponemos aprender a pausar (generar un stop de acci\u00f3n y de pensamientos con presencia plena) y desde all\u00ed conectar, habitar el presente, interrumpir o disminuir los juicios y pensamientos, y crearnos momentos de tranquilidad, disfrutando.\u00a0\u00a0 En este programa de formaci\u00f3n te\u00f3rico-pr\u00e1ctica, interactivo y transformador, lograr\u00e1s comprender qu\u00e9 es meditar y nos centraremos en la [&hellip;]\" \/>\n<meta property=\"og:url\" content=\"https:\/\/kinetic-corp.com\/training\/formacion\/mindfulness\/\" \/>\n<meta property=\"og:site_name\" content=\"Kinetic Training\" \/>\n<meta property=\"article:publisher\" content=\"https:\/\/www.facebook.com\/kinetic.traininghub\" \/>\n<meta property=\"article:modified_time\" content=\"2026-04-20T14:36:51+00:00\" \/>\n<meta property=\"og:image\" content=\"https:\/\/kinetic-corp.com\/training\/wp-content\/uploads\/2024\/10\/mindfulness.webp\" \/>\n\t<meta property=\"og:image:width\" content=\"300\" \/>\n\t<meta property=\"og:image:height\" content=\"169\" \/>\n\t<meta property=\"og:image:type\" content=\"image\/webp\" \/>\n<meta name=\"twitter:card\" content=\"summary_large_image\" \/>\n<meta name=\"twitter:label1\" content=\"Tiempo de lectura\" \/>\n\t<meta name=\"twitter:data1\" content=\"1 minuto\" \/>\n<script type=\"application\/ld+json\" class=\"yoast-schema-graph\">{\"@context\":\"https:\\\/\\\/schema.org\",\"@graph\":[{\"@type\":\"WebPage\",\"@id\":\"https:\\\/\\\/kinetic-corp.com\\\/training\\\/formacion\\\/mindfulness\\\/\",\"url\":\"https:\\\/\\\/kinetic-corp.com\\\/training\\\/formacion\\\/mindfulness\\\/\",\"name\":\"Mindfulness - Kinetic Training\",\"isPartOf\":{\"@id\":\"https:\\\/\\\/kinetic-corp.com\\\/training\\\/#website\"},\"primaryImageOfPage\":{\"@id\":\"https:\\\/\\\/kinetic-corp.com\\\/training\\\/formacion\\\/mindfulness\\\/#primaryimage\"},\"image\":{\"@id\":\"https:\\\/\\\/kinetic-corp.com\\\/training\\\/formacion\\\/mindfulness\\\/#primaryimage\"},\"thumbnailUrl\":\"https:\\\/\\\/kinetic-corp.com\\\/training\\\/wp-content\\\/uploads\\\/2024\\\/10\\\/mindfulness.webp\",\"datePublished\":\"2024-10-18T15:11:48+00:00\",\"dateModified\":\"2026-04-20T14:36:51+00:00\",\"breadcrumb\":{\"@id\":\"https:\\\/\\\/kinetic-corp.com\\\/training\\\/formacion\\\/mindfulness\\\/#breadcrumb\"},\"inLanguage\":\"es\",\"potentialAction\":[{\"@type\":\"ReadAction\",\"target\":[\"https:\\\/\\\/kinetic-corp.com\\\/training\\\/formacion\\\/mindfulness\\\/\"]}]},{\"@type\":\"ImageObject\",\"inLanguage\":\"es\",\"@id\":\"https:\\\/\\\/kinetic-corp.com\\\/training\\\/formacion\\\/mindfulness\\\/#primaryimage\",\"url\":\"https:\\\/\\\/kinetic-corp.com\\\/training\\\/wp-content\\\/uploads\\\/2024\\\/10\\\/mindfulness.webp\",\"contentUrl\":\"https:\\\/\\\/kinetic-corp.com\\\/training\\\/wp-content\\\/uploads\\\/2024\\\/10\\\/mindfulness.webp\",\"width\":300,\"height\":169,\"caption\":\"mindfulness\"},{\"@type\":\"BreadcrumbList\",\"@id\":\"https:\\\/\\\/kinetic-corp.com\\\/training\\\/formacion\\\/mindfulness\\\/#breadcrumb\",\"itemListElement\":[{\"@type\":\"ListItem\",\"position\":1,\"name\":\"Inicio\",\"item\":\"https:\\\/\\\/kinetic-corp.com\\\/training\\\/\"},{\"@type\":\"ListItem\",\"position\":2,\"name\":\"Formaciones\",\"item\":\"https:\\\/\\\/kinetic-corp.com\\\/training\\\/formaciones\\\/\"},{\"@type\":\"ListItem\",\"position\":3,\"name\":\"Habilidades potenciadoras\",\"item\":\"https:\\\/\\\/kinetic-corp.com\\\/training\\\/categoria\\\/habilidades-potenciadoras\\\/\"},{\"@type\":\"ListItem\",\"position\":4,\"name\":\"Mindfulness\"}]},{\"@type\":\"WebSite\",\"@id\":\"https:\\\/\\\/kinetic-corp.com\\\/training\\\/#website\",\"url\":\"https:\\\/\\\/kinetic-corp.com\\\/training\\\/\",\"name\":\"Kinetic Training\",\"description\":\"Desarrolla tu talento\",\"publisher\":{\"@id\":\"https:\\\/\\\/kinetic-corp.com\\\/training\\\/#organization\"},\"potentialAction\":[{\"@type\":\"SearchAction\",\"target\":{\"@type\":\"EntryPoint\",\"urlTemplate\":\"https:\\\/\\\/kinetic-corp.com\\\/training\\\/?s={search_term_string}\"},\"query-input\":{\"@type\":\"PropertyValueSpecification\",\"valueRequired\":true,\"valueName\":\"search_term_string\"}}],\"inLanguage\":\"es\"},{\"@type\":\"Organization\",\"@id\":\"https:\\\/\\\/kinetic-corp.com\\\/training\\\/#organization\",\"name\":\"Kinetic Training\",\"url\":\"https:\\\/\\\/kinetic-corp.com\\\/training\\\/\",\"logo\":{\"@type\":\"ImageObject\",\"inLanguage\":\"es\",\"@id\":\"https:\\\/\\\/kinetic-corp.com\\\/training\\\/#\\\/schema\\\/logo\\\/image\\\/\",\"url\":\"https:\\\/\\\/kinetic-corp.com\\\/training\\\/wp-content\\\/uploads\\\/2024\\\/05\\\/kinetic-training-fw.svg\",\"contentUrl\":\"https:\\\/\\\/kinetic-corp.com\\\/training\\\/wp-content\\\/uploads\\\/2024\\\/05\\\/kinetic-training-fw.svg\",\"caption\":\"Kinetic Training\"},\"image\":{\"@id\":\"https:\\\/\\\/kinetic-corp.com\\\/training\\\/#\\\/schema\\\/logo\\\/image\\\/\"},\"sameAs\":[\"https:\\\/\\\/www.facebook.com\\\/kinetic.traininghub\",\"https:\\\/\\\/www.instagram.com\\\/kinetic.traininghub\\\/\",\"https:\\\/\\\/www.linkedin.com\\\/company\\\/kinetic-training\\\/\"]}]}<\/script>\n<!-- \/ Yoast SEO plugin. -->","yoast_head_json":{"title":"Mindfulness - Kinetic Training","robots":{"index":"index","follow":"follow","max-snippet":"max-snippet:-1","max-image-preview":"max-image-preview:large","max-video-preview":"max-video-preview:-1"},"canonical":"https:\/\/kinetic-corp.com\/training\/formacion\/mindfulness\/","og_locale":"es_ES","og_type":"article","og_title":"Mindfulness - Kinetic Training","og_description":"Te proponemos aprender a pausar (generar un stop de acci\u00f3n y de pensamientos con presencia plena) y desde all\u00ed conectar, habitar el presente, interrumpir o disminuir los juicios y pensamientos, y crearnos momentos de tranquilidad, disfrutando.\u00a0\u00a0 En este programa de formaci\u00f3n te\u00f3rico-pr\u00e1ctica, interactivo y transformador, lograr\u00e1s comprender qu\u00e9 es meditar y nos centraremos en la [&hellip;]","og_url":"https:\/\/kinetic-corp.com\/training\/formacion\/mindfulness\/","og_site_name":"Kinetic Training","article_publisher":"https:\/\/www.facebook.com\/kinetic.traininghub","article_modified_time":"2026-04-20T14:36:51+00:00","og_image":[{"width":300,"height":169,"url":"https:\/\/kinetic-corp.com\/training\/wp-content\/uploads\/2024\/10\/mindfulness.webp","type":"image\/webp"}],"twitter_card":"summary_large_image","twitter_misc":{"Tiempo de lectura":"1 minuto"},"schema":{"@context":"https:\/\/schema.org","@graph":[{"@type":"WebPage","@id":"https:\/\/kinetic-corp.com\/training\/formacion\/mindfulness\/","url":"https:\/\/kinetic-corp.com\/training\/formacion\/mindfulness\/","name":"Mindfulness - Kinetic Training","isPartOf":{"@id":"https:\/\/kinetic-corp.com\/training\/#website"},"primaryImageOfPage":{"@id":"https:\/\/kinetic-corp.com\/training\/formacion\/mindfulness\/#primaryimage"},"image":{"@id":"https:\/\/kinetic-corp.com\/training\/formacion\/mindfulness\/#primaryimage"},"thumbnailUrl":"https:\/\/kinetic-corp.com\/training\/wp-content\/uploads\/2024\/10\/mindfulness.webp","datePublished":"2024-10-18T15:11:48+00:00","dateModified":"2026-04-20T14:36:51+00:00","breadcrumb":{"@id":"https:\/\/kinetic-corp.com\/training\/formacion\/mindfulness\/#breadcrumb"},"inLanguage":"es","potentialAction":[{"@type":"ReadAction","target":["https:\/\/kinetic-corp.com\/training\/formacion\/mindfulness\/"]}]},{"@type":"ImageObject","inLanguage":"es","@id":"https:\/\/kinetic-corp.com\/training\/formacion\/mindfulness\/#primaryimage","url":"https:\/\/kinetic-corp.com\/training\/wp-content\/uploads\/2024\/10\/mindfulness.webp","contentUrl":"https:\/\/kinetic-corp.com\/training\/wp-content\/uploads\/2024\/10\/mindfulness.webp","width":300,"height":169,"caption":"mindfulness"},{"@type":"BreadcrumbList","@id":"https:\/\/kinetic-corp.com\/training\/formacion\/mindfulness\/#breadcrumb","itemListElement":[{"@type":"ListItem","position":1,"name":"Inicio","item":"https:\/\/kinetic-corp.com\/training\/"},{"@type":"ListItem","position":2,"name":"Formaciones","item":"https:\/\/kinetic-corp.com\/training\/formaciones\/"},{"@type":"ListItem","position":3,"name":"Habilidades potenciadoras","item":"https:\/\/kinetic-corp.com\/training\/categoria\/habilidades-potenciadoras\/"},{"@type":"ListItem","position":4,"name":"Mindfulness"}]},{"@type":"WebSite","@id":"https:\/\/kinetic-corp.com\/training\/#website","url":"https:\/\/kinetic-corp.com\/training\/","name":"Kinetic Training","description":"Desarrolla tu talento","publisher":{"@id":"https:\/\/kinetic-corp.com\/training\/#organization"},"potentialAction":[{"@type":"SearchAction","target":{"@type":"EntryPoint","urlTemplate":"https:\/\/kinetic-corp.com\/training\/?s={search_term_string}"},"query-input":{"@type":"PropertyValueSpecification","valueRequired":true,"valueName":"search_term_string"}}],"inLanguage":"es"},{"@type":"Organization","@id":"https:\/\/kinetic-corp.com\/training\/#organization","name":"Kinetic Training","url":"https:\/\/kinetic-corp.com\/training\/","logo":{"@type":"ImageObject","inLanguage":"es","@id":"https:\/\/kinetic-corp.com\/training\/#\/schema\/logo\/image\/","url":"https:\/\/kinetic-corp.com\/training\/wp-content\/uploads\/2024\/05\/kinetic-training-fw.svg","contentUrl":"https:\/\/kinetic-corp.com\/training\/wp-content\/uploads\/2024\/05\/kinetic-training-fw.svg","caption":"Kinetic Training"},"image":{"@id":"https:\/\/kinetic-corp.com\/training\/#\/schema\/logo\/image\/"},"sameAs":["https:\/\/www.facebook.com\/kinetic.traininghub","https:\/\/www.instagram.com\/kinetic.traininghub\/","https:\/\/www.linkedin.com\/company\/kinetic-training\/"]}]}},"_links":{"self":[{"href":"https:\/\/kinetic-corp.com\/training\/wp-json\/wp\/v2\/product\/6176","targetHints":{"allow":["GET"]}}],"collection":[{"href":"https:\/\/kinetic-corp.com\/training\/wp-json\/wp\/v2\/product"}],"about":[{"href":"https:\/\/kinetic-corp.com\/training\/wp-json\/wp\/v2\/types\/product"}],"wp:featuredmedia":[{"embeddable":true,"href":"https:\/\/kinetic-corp.com\/training\/wp-json\/wp\/v2\/media\/6005"}],"wp:attachment":[{"href":"https:\/\/kinetic-corp.com\/training\/wp-json\/wp\/v2\/media?parent=6176"}],"wp:term":[{"taxonomy":"modalidad","embeddable":true,"href":"https:\/\/kinetic-corp.com\/training\/wp-json\/wp\/v2\/modalidad?post=6176"},{"taxonomy":"product_brand","embeddable":true,"href":"https:\/\/kinetic-corp.com\/training\/wp-json\/wp\/v2\/product_brand?post=6176"},{"taxonomy":"product_cat","embeddable":true,"href":"https:\/\/kinetic-corp.com\/training\/wp-json\/wp\/v2\/product_cat?post=6176"},{"taxonomy":"product_tag","embeddable":true,"href":"https:\/\/kinetic-corp.com\/training\/wp-json\/wp\/v2\/product_tag?post=6176"}],"curies":[{"name":"wp","href":"https:\/\/api.w.org\/{rel}","templated":true}]}}