{"id":8108,"date":"2025-01-08T11:55:51","date_gmt":"2025-01-08T14:55:51","guid":{"rendered":"https:\/\/kinetic-corp.com\/training\/?post_type=product&#038;p=8108"},"modified":"2026-02-27T12:25:36","modified_gmt":"2026-02-27T15:25:36","slug":"bootcamp-de-oratoria","status":"publish","type":"product","link":"https:\/\/kinetic-corp.com\/training\/formacion\/bootcamp-de-oratoria\/","title":{"rendered":"Bootcamp de oratoria"},"content":{"rendered":"<p><strong>EXPERIENCIA PRESENCIAL<\/strong><\/p>\n<p>Este programa intensivo te proporcionar\u00e1 las herramientas y t\u00e9cnicas necesarias para vencer el miedo esc\u00e9nico, conectar profundamente con tu audiencia y transmitir tus ideas con claridad y pasi\u00f3n.<\/p>\n","protected":false},"excerpt":{"rendered":"<p>EXPERIENCIA PRESENCIAL Este programa intensivo te proporcionar\u00e1 las herramientas y t\u00e9cnicas necesarias para vencer el miedo esc\u00e9nico, conectar profundamente con tu audiencia y transmitir tus ideas con claridad y pasi\u00f3n.<\/p>\n","protected":false},"featured_media":8114,"template":"","meta":{"_acf_changed":false},"modalidad":[40],"product_brand":[],"product_cat":[28],"product_tag":[],"class_list":{"0":"post-8108","1":"product","2":"type-product","3":"status-publish","4":"has-post-thumbnail","6":"modalidad-on-site","7":"product_cat-habilidades-potenciadoras","9":"first","10":"outofstock","11":"sale","12":"virtual","13":"sold-individually","14":"purchasable","15":"product-type-simple"},"acf":[],"yoast_head":"<!-- This site is optimized with the Yoast SEO plugin v27.4 - https:\/\/yoast.com\/product\/yoast-seo-wordpress\/ -->\n<title>Bootcamp de oratoria - Kinetic Training<\/title>\n<meta name=\"description\" content=\"Taller presencial de oratoria para aprender a conectar con la audiencia y comunicar tus ideas con impacto y convicci\u00f3n.\" \/>\n<meta name=\"robots\" content=\"index, follow, max-snippet:-1, max-image-preview:large, max-video-preview:-1\" \/>\n<link rel=\"canonical\" href=\"https:\/\/kinetic-corp.com\/training\/formacion\/bootcamp-de-oratoria\/\" \/>\n<meta property=\"og:locale\" content=\"es_ES\" \/>\n<meta property=\"og:type\" content=\"article\" \/>\n<meta property=\"og:title\" content=\"Bootcamp de oratoria - Kinetic Training\" \/>\n<meta property=\"og:description\" content=\"Taller presencial de oratoria para aprender a conectar con la audiencia y comunicar tus ideas con impacto y convicci\u00f3n.\" \/>\n<meta property=\"og:url\" content=\"https:\/\/kinetic-corp.com\/training\/formacion\/bootcamp-de-oratoria\/\" \/>\n<meta property=\"og:site_name\" content=\"Kinetic Training\" \/>\n<meta property=\"article:publisher\" content=\"https:\/\/www.facebook.com\/kinetic.traininghub\" \/>\n<meta property=\"article:modified_time\" content=\"2026-02-27T15:25:36+00:00\" \/>\n<meta property=\"og:image\" content=\"https:\/\/kinetic-corp.com\/training\/wp-content\/uploads\/2025\/01\/taller-intensivo-oratoria-1.webp\" \/>\n\t<meta property=\"og:image:width\" content=\"600\" \/>\n\t<meta property=\"og:image:height\" content=\"400\" \/>\n\t<meta property=\"og:image:type\" content=\"image\/webp\" \/>\n<meta name=\"twitter:card\" content=\"summary_large_image\" \/>\n<meta name=\"twitter:label1\" content=\"Tiempo de lectura\" \/>\n\t<meta name=\"twitter:data1\" content=\"1 minuto\" \/>\n<script type=\"application\/ld+json\" class=\"yoast-schema-graph\">{\"@context\":\"https:\\\/\\\/schema.org\",\"@graph\":[{\"@type\":\"WebPage\",\"@id\":\"https:\\\/\\\/kinetic-corp.com\\\/training\\\/formacion\\\/bootcamp-de-oratoria\\\/\",\"url\":\"https:\\\/\\\/kinetic-corp.com\\\/training\\\/formacion\\\/bootcamp-de-oratoria\\\/\",\"name\":\"Bootcamp de oratoria - Kinetic Training\",\"isPartOf\":{\"@id\":\"https:\\\/\\\/kinetic-corp.com\\\/training\\\/#website\"},\"primaryImageOfPage\":{\"@id\":\"https:\\\/\\\/kinetic-corp.com\\\/training\\\/formacion\\\/bootcamp-de-oratoria\\\/#primaryimage\"},\"image\":{\"@id\":\"https:\\\/\\\/kinetic-corp.com\\\/training\\\/formacion\\\/bootcamp-de-oratoria\\\/#primaryimage\"},\"thumbnailUrl\":\"https:\\\/\\\/kinetic-corp.com\\\/training\\\/wp-content\\\/uploads\\\/2025\\\/01\\\/taller-intensivo-oratoria-1.webp\",\"datePublished\":\"2025-01-08T14:55:51+00:00\",\"dateModified\":\"2026-02-27T15:25:36+00:00\",\"description\":\"Taller presencial de oratoria para aprender a conectar con la audiencia y comunicar tus ideas con impacto y convicci\u00f3n.\",\"breadcrumb\":{\"@id\":\"https:\\\/\\\/kinetic-corp.com\\\/training\\\/formacion\\\/bootcamp-de-oratoria\\\/#breadcrumb\"},\"inLanguage\":\"es\",\"potentialAction\":[{\"@type\":\"ReadAction\",\"target\":[\"https:\\\/\\\/kinetic-corp.com\\\/training\\\/formacion\\\/bootcamp-de-oratoria\\\/\"]}]},{\"@type\":\"ImageObject\",\"inLanguage\":\"es\",\"@id\":\"https:\\\/\\\/kinetic-corp.com\\\/training\\\/formacion\\\/bootcamp-de-oratoria\\\/#primaryimage\",\"url\":\"https:\\\/\\\/kinetic-corp.com\\\/training\\\/wp-content\\\/uploads\\\/2025\\\/01\\\/taller-intensivo-oratoria-1.webp\",\"contentUrl\":\"https:\\\/\\\/kinetic-corp.com\\\/training\\\/wp-content\\\/uploads\\\/2025\\\/01\\\/taller-intensivo-oratoria-1.webp\",\"width\":600,\"height\":400,\"caption\":\"Taller intensivo de Oratoria\"},{\"@type\":\"BreadcrumbList\",\"@id\":\"https:\\\/\\\/kinetic-corp.com\\\/training\\\/formacion\\\/bootcamp-de-oratoria\\\/#breadcrumb\",\"itemListElement\":[{\"@type\":\"ListItem\",\"position\":1,\"name\":\"Inicio\",\"item\":\"https:\\\/\\\/kinetic-corp.com\\\/training\\\/\"},{\"@type\":\"ListItem\",\"position\":2,\"name\":\"Formaciones\",\"item\":\"https:\\\/\\\/kinetic-corp.com\\\/training\\\/formaciones\\\/\"},{\"@type\":\"ListItem\",\"position\":3,\"name\":\"Habilidades potenciadoras\",\"item\":\"https:\\\/\\\/kinetic-corp.com\\\/training\\\/categoria\\\/habilidades-potenciadoras\\\/\"},{\"@type\":\"ListItem\",\"position\":4,\"name\":\"Bootcamp de oratoria\"}]},{\"@type\":\"WebSite\",\"@id\":\"https:\\\/\\\/kinetic-corp.com\\\/training\\\/#website\",\"url\":\"https:\\\/\\\/kinetic-corp.com\\\/training\\\/\",\"name\":\"Kinetic Training\",\"description\":\"Desarrolla tu talento\",\"publisher\":{\"@id\":\"https:\\\/\\\/kinetic-corp.com\\\/training\\\/#organization\"},\"potentialAction\":[{\"@type\":\"SearchAction\",\"target\":{\"@type\":\"EntryPoint\",\"urlTemplate\":\"https:\\\/\\\/kinetic-corp.com\\\/training\\\/?s={search_term_string}\"},\"query-input\":{\"@type\":\"PropertyValueSpecification\",\"valueRequired\":true,\"valueName\":\"search_term_string\"}}],\"inLanguage\":\"es\"},{\"@type\":\"Organization\",\"@id\":\"https:\\\/\\\/kinetic-corp.com\\\/training\\\/#organization\",\"name\":\"Kinetic Training\",\"url\":\"https:\\\/\\\/kinetic-corp.com\\\/training\\\/\",\"logo\":{\"@type\":\"ImageObject\",\"inLanguage\":\"es\",\"@id\":\"https:\\\/\\\/kinetic-corp.com\\\/training\\\/#\\\/schema\\\/logo\\\/image\\\/\",\"url\":\"https:\\\/\\\/kinetic-corp.com\\\/training\\\/wp-content\\\/uploads\\\/2024\\\/05\\\/kinetic-training-fw.svg\",\"contentUrl\":\"https:\\\/\\\/kinetic-corp.com\\\/training\\\/wp-content\\\/uploads\\\/2024\\\/05\\\/kinetic-training-fw.svg\",\"caption\":\"Kinetic Training\"},\"image\":{\"@id\":\"https:\\\/\\\/kinetic-corp.com\\\/training\\\/#\\\/schema\\\/logo\\\/image\\\/\"},\"sameAs\":[\"https:\\\/\\\/www.facebook.com\\\/kinetic.traininghub\",\"https:\\\/\\\/www.instagram.com\\\/kinetic.traininghub\\\/\",\"https:\\\/\\\/www.linkedin.com\\\/company\\\/kinetic-training\\\/\"]}]}<\/script>\n<!-- \/ Yoast SEO plugin. -->","yoast_head_json":{"title":"Bootcamp de oratoria - Kinetic Training","description":"Taller presencial de oratoria para aprender a conectar con la audiencia y comunicar tus ideas con impacto y convicci\u00f3n.","robots":{"index":"index","follow":"follow","max-snippet":"max-snippet:-1","max-image-preview":"max-image-preview:large","max-video-preview":"max-video-preview:-1"},"canonical":"https:\/\/kinetic-corp.com\/training\/formacion\/bootcamp-de-oratoria\/","og_locale":"es_ES","og_type":"article","og_title":"Bootcamp de oratoria - Kinetic Training","og_description":"Taller presencial de oratoria para aprender a conectar con la audiencia y comunicar tus ideas con impacto y convicci\u00f3n.","og_url":"https:\/\/kinetic-corp.com\/training\/formacion\/bootcamp-de-oratoria\/","og_site_name":"Kinetic Training","article_publisher":"https:\/\/www.facebook.com\/kinetic.traininghub","article_modified_time":"2026-02-27T15:25:36+00:00","og_image":[{"width":600,"height":400,"url":"https:\/\/kinetic-corp.com\/training\/wp-content\/uploads\/2025\/01\/taller-intensivo-oratoria-1.webp","type":"image\/webp"}],"twitter_card":"summary_large_image","twitter_misc":{"Tiempo de lectura":"1 minuto"},"schema":{"@context":"https:\/\/schema.org","@graph":[{"@type":"WebPage","@id":"https:\/\/kinetic-corp.com\/training\/formacion\/bootcamp-de-oratoria\/","url":"https:\/\/kinetic-corp.com\/training\/formacion\/bootcamp-de-oratoria\/","name":"Bootcamp de oratoria - Kinetic Training","isPartOf":{"@id":"https:\/\/kinetic-corp.com\/training\/#website"},"primaryImageOfPage":{"@id":"https:\/\/kinetic-corp.com\/training\/formacion\/bootcamp-de-oratoria\/#primaryimage"},"image":{"@id":"https:\/\/kinetic-corp.com\/training\/formacion\/bootcamp-de-oratoria\/#primaryimage"},"thumbnailUrl":"https:\/\/kinetic-corp.com\/training\/wp-content\/uploads\/2025\/01\/taller-intensivo-oratoria-1.webp","datePublished":"2025-01-08T14:55:51+00:00","dateModified":"2026-02-27T15:25:36+00:00","description":"Taller presencial de oratoria para aprender a conectar con la audiencia y comunicar tus ideas con impacto y convicci\u00f3n.","breadcrumb":{"@id":"https:\/\/kinetic-corp.com\/training\/formacion\/bootcamp-de-oratoria\/#breadcrumb"},"inLanguage":"es","potentialAction":[{"@type":"ReadAction","target":["https:\/\/kinetic-corp.com\/training\/formacion\/bootcamp-de-oratoria\/"]}]},{"@type":"ImageObject","inLanguage":"es","@id":"https:\/\/kinetic-corp.com\/training\/formacion\/bootcamp-de-oratoria\/#primaryimage","url":"https:\/\/kinetic-corp.com\/training\/wp-content\/uploads\/2025\/01\/taller-intensivo-oratoria-1.webp","contentUrl":"https:\/\/kinetic-corp.com\/training\/wp-content\/uploads\/2025\/01\/taller-intensivo-oratoria-1.webp","width":600,"height":400,"caption":"Taller intensivo de Oratoria"},{"@type":"BreadcrumbList","@id":"https:\/\/kinetic-corp.com\/training\/formacion\/bootcamp-de-oratoria\/#breadcrumb","itemListElement":[{"@type":"ListItem","position":1,"name":"Inicio","item":"https:\/\/kinetic-corp.com\/training\/"},{"@type":"ListItem","position":2,"name":"Formaciones","item":"https:\/\/kinetic-corp.com\/training\/formaciones\/"},{"@type":"ListItem","position":3,"name":"Habilidades potenciadoras","item":"https:\/\/kinetic-corp.com\/training\/categoria\/habilidades-potenciadoras\/"},{"@type":"ListItem","position":4,"name":"Bootcamp de oratoria"}]},{"@type":"WebSite","@id":"https:\/\/kinetic-corp.com\/training\/#website","url":"https:\/\/kinetic-corp.com\/training\/","name":"Kinetic Training","description":"Desarrolla tu talento","publisher":{"@id":"https:\/\/kinetic-corp.com\/training\/#organization"},"potentialAction":[{"@type":"SearchAction","target":{"@type":"EntryPoint","urlTemplate":"https:\/\/kinetic-corp.com\/training\/?s={search_term_string}"},"query-input":{"@type":"PropertyValueSpecification","valueRequired":true,"valueName":"search_term_string"}}],"inLanguage":"es"},{"@type":"Organization","@id":"https:\/\/kinetic-corp.com\/training\/#organization","name":"Kinetic Training","url":"https:\/\/kinetic-corp.com\/training\/","logo":{"@type":"ImageObject","inLanguage":"es","@id":"https:\/\/kinetic-corp.com\/training\/#\/schema\/logo\/image\/","url":"https:\/\/kinetic-corp.com\/training\/wp-content\/uploads\/2024\/05\/kinetic-training-fw.svg","contentUrl":"https:\/\/kinetic-corp.com\/training\/wp-content\/uploads\/2024\/05\/kinetic-training-fw.svg","caption":"Kinetic Training"},"image":{"@id":"https:\/\/kinetic-corp.com\/training\/#\/schema\/logo\/image\/"},"sameAs":["https:\/\/www.facebook.com\/kinetic.traininghub","https:\/\/www.instagram.com\/kinetic.traininghub\/","https:\/\/www.linkedin.com\/company\/kinetic-training\/"]}]}},"_links":{"self":[{"href":"https:\/\/kinetic-corp.com\/training\/wp-json\/wp\/v2\/product\/8108","targetHints":{"allow":["GET"]}}],"collection":[{"href":"https:\/\/kinetic-corp.com\/training\/wp-json\/wp\/v2\/product"}],"about":[{"href":"https:\/\/kinetic-corp.com\/training\/wp-json\/wp\/v2\/types\/product"}],"wp:featuredmedia":[{"embeddable":true,"href":"https:\/\/kinetic-corp.com\/training\/wp-json\/wp\/v2\/media\/8114"}],"wp:attachment":[{"href":"https:\/\/kinetic-corp.com\/training\/wp-json\/wp\/v2\/media?parent=8108"}],"wp:term":[{"taxonomy":"modalidad","embeddable":true,"href":"https:\/\/kinetic-corp.com\/training\/wp-json\/wp\/v2\/modalidad?post=8108"},{"taxonomy":"product_brand","embeddable":true,"href":"https:\/\/kinetic-corp.com\/training\/wp-json\/wp\/v2\/product_brand?post=8108"},{"taxonomy":"product_cat","embeddable":true,"href":"https:\/\/kinetic-corp.com\/training\/wp-json\/wp\/v2\/product_cat?post=8108"},{"taxonomy":"product_tag","embeddable":true,"href":"https:\/\/kinetic-corp.com\/training\/wp-json\/wp\/v2\/product_tag?post=8108"}],"curies":[{"name":"wp","href":"https:\/\/api.w.org\/{rel}","templated":true}]}}